{"id":93,"date":"2012-01-03T12:42:25","date_gmt":"2012-01-03T12:42:25","guid":{"rendered":"http:\/\/bakh.de\/wdp\/?page_id=93"},"modified":"2026-01-19T13:55:25","modified_gmt":"2026-01-19T12:55:25","slug":"tischtennis","status":"publish","type":"page","link":"https:\/\/bakh.de\/wdp\/neigungsgruppen\/tischtennis\/","title":{"rendered":"Tischtennis"},"content":{"rendered":"<div class=\"wp-block-image\">\n<figure class=\"aligncenter size-full is-resized\"><img loading=\"lazy\" decoding=\"async\" width=\"800\" height=\"600\" src=\"https:\/\/bakh.de\/wdp\/wp-content\/uploads\/2026\/01\/DSC_0073_k.jpg\" alt=\"Tischttennisspieler in der Salierhalle beim Tischtennisspielen\" class=\"wp-image-7480\" style=\"width:600px\" srcset=\"https:\/\/bakh.de\/wdp\/wp-content\/uploads\/2026\/01\/DSC_0073_k.jpg 800w, https:\/\/bakh.de\/wdp\/wp-content\/uploads\/2026\/01\/DSC_0073_k-400x300.jpg 400w, https:\/\/bakh.de\/wdp\/wp-content\/uploads\/2026\/01\/DSC_0073_k-768x576.jpg 768w\" sizes=\"auto, (max-width: 800px) 100vw, 800px\" \/><\/figure>\n<\/div>\n\n\n<p class=\"has-text-align-center\">Wir sind eine gemischte Gruppe von Frauen und M\u00e4nner im Alter von 30 bis 85 Jahren.<\/p>\n\n\n\n<p class=\"has-text-align-center\">Wir spielen jeden Donnerstag ab 19:30 Uhr mit viel Spa\u00df Tischtennis <br>in der alten <a href=\"https:\/\/www.waiblingen.de\/de\/Die-Stadt\/Leben-in-Waiblingen\/Sport\/Sport-und-Freizeiteinrichtung?view=publish&amp;item=leisureFacility&amp;id=70https:\/\/www.waiblingen.de\/de\/Die-Stadt\/Leben-in-Waiblingen\/Sport\/Sport-und-Freizeiteinrichtung?view=publish&amp;item=leisureFacility&amp;id=57\" target=\"_blank\" rel=\"noreferrer noopener\">Saliersporthalle 2<\/a> auf der Korber H\u00f6he in Waiblingen.<\/p>\n\n\n\n<p class=\"has-text-align-center\"><strong>Komm vorbei und spiel mit !<\/strong><\/p>\n\n\n\n<figure class=\"wp-block-gallery has-nested-images columns-default is-cropped wp-block-gallery-1 is-layout-flex wp-block-gallery-is-layout-flex\">\n<figure class=\"wp-block-image size-large\"><img loading=\"lazy\" decoding=\"async\" width=\"800\" height=\"600\" data-id=\"7484\" src=\"https:\/\/bakh.de\/wdp\/wp-content\/uploads\/2026\/01\/DSC_0072_k.jpg\" alt=\"Tischttennisspieler in der Salierhalle\nbeim Tischtennisspielen\" class=\"wp-image-7484\" srcset=\"https:\/\/bakh.de\/wdp\/wp-content\/uploads\/2026\/01\/DSC_0072_k.jpg 800w, https:\/\/bakh.de\/wdp\/wp-content\/uploads\/2026\/01\/DSC_0072_k-400x300.jpg 400w, https:\/\/bakh.de\/wdp\/wp-content\/uploads\/2026\/01\/DSC_0072_k-768x576.jpg 768w\" sizes=\"auto, (max-width: 800px) 100vw, 800px\" \/><\/figure>\n\n\n\n<figure class=\"wp-block-image size-large\"><img loading=\"lazy\" decoding=\"async\" width=\"800\" height=\"600\" data-id=\"7482\" src=\"https:\/\/bakh.de\/wdp\/wp-content\/uploads\/2026\/01\/DSC_0069_k.jpg\" alt=\"Tischttennisspieler auf der Bank schauen beim Spiel zu\" class=\"wp-image-7482\" srcset=\"https:\/\/bakh.de\/wdp\/wp-content\/uploads\/2026\/01\/DSC_0069_k.jpg 800w, https:\/\/bakh.de\/wdp\/wp-content\/uploads\/2026\/01\/DSC_0069_k-400x300.jpg 400w, https:\/\/bakh.de\/wdp\/wp-content\/uploads\/2026\/01\/DSC_0069_k-768x576.jpg 768w\" sizes=\"auto, (max-width: 800px) 100vw, 800px\" \/><\/figure>\n\n\n\n<figure class=\"wp-block-image size-full\"><img loading=\"lazy\" decoding=\"async\" width=\"800\" height=\"533\" data-id=\"7483\" src=\"https:\/\/bakh.de\/wdp\/wp-content\/uploads\/2026\/01\/DSC_0084_k.jpg\" alt=\"Tischttennisspieler in der Salierhalle\" class=\"wp-image-7483\" srcset=\"https:\/\/bakh.de\/wdp\/wp-content\/uploads\/2026\/01\/DSC_0084_k.jpg 800w, https:\/\/bakh.de\/wdp\/wp-content\/uploads\/2026\/01\/DSC_0084_k-400x267.jpg 400w, https:\/\/bakh.de\/wdp\/wp-content\/uploads\/2026\/01\/DSC_0084_k-768x512.jpg 768w\" sizes=\"auto, (max-width: 800px) 100vw, 800px\" \/><\/figure>\n<\/figure>\n\n\n\n<p>Ansprechpartner:<br>Ulrich Bayha, Stauferstr. 36, Tel. 2 12 65<\/p>\n\n\n\n<p>Kontakt: <a href=\"https:\/\/bakh.de\/wdp\/kontakt\/\" target=\"_blank\" rel=\"noreferrer noopener\">https:\/\/bakh.de\/wdp\/kontakt\/<\/a><\/p>\n","protected":false},"excerpt":{"rendered":"<p>Wir sind eine gemischte Gruppe von Frauen und M\u00e4nner im Alter von 30 bis 85 Jahren. Wir spielen jeden Donnerstag ab 19:30 Uhr mit viel Spa\u00df Tischtennis in der alten Saliersporthalle 2 auf der Korber H\u00f6he in Waiblingen. Komm vorbei und spiel mit ! Ansprechpartner:Ulrich Bayha, Stauferstr. 36, Tel. 2 12 65 Kontakt: https:\/\/bakh.de\/wdp\/kontakt\/<\/p>\n","protected":false},"author":3,"featured_media":0,"parent":21,"menu_order":0,"comment_status":"closed","ping_status":"closed","template":"","meta":{"ngg_post_thumbnail":0,"_mc_calendar":[],"footnotes":""},"class_list":["post-93","page","type-page","status-publish","hentry"],"yoast_head":"<!-- This site is optimized with the Yoast SEO plugin v27.3 - https:\/\/yoast.com\/product\/yoast-seo-wordpress\/ -->\n<title>Tischtennis Waiblingen<\/title>\n<meta name=\"description\" content=\"B\u00fcrgeraktion Korber H\u00f6he e. V. Tischtennis - Die Hobbygruppe Tischtennis spielt Donnerstags auf der Korber H\u00f6he Waiblingen Tischtennis\" \/>\n<meta name=\"robots\" content=\"index, follow, max-snippet:-1, max-image-preview:large, max-video-preview:-1\" \/>\n<link rel=\"canonical\" href=\"https:\/\/bakh.de\/wdp\/neigungsgruppen\/tischtennis\/\" \/>\n<meta property=\"og:locale\" content=\"de_DE\" \/>\n<meta property=\"og:type\" content=\"article\" \/>\n<meta property=\"og:title\" content=\"Tischtennis Waiblingen\" \/>\n<meta property=\"og:description\" content=\"B\u00fcrgeraktion Korber H\u00f6he e. V. Tischtennis - Die Hobbygruppe Tischtennis spielt Donnerstags auf der Korber H\u00f6he Waiblingen Tischtennis\" \/>\n<meta property=\"og:url\" content=\"https:\/\/bakh.de\/wdp\/neigungsgruppen\/tischtennis\/\" \/>\n<meta property=\"og:site_name\" content=\"B\u00fcrgeraktion Korber H\u00f6he e. V.\" \/>\n<meta property=\"article:modified_time\" content=\"2026-01-19T12:55:25+00:00\" \/>\n<meta property=\"og:image\" content=\"https:\/\/bakh.de\/wdp\/wp-content\/uploads\/2026\/01\/DSC_0073_k.jpg\" \/>\n\t<meta property=\"og:image:width\" content=\"800\" \/>\n\t<meta property=\"og:image:height\" content=\"600\" \/>\n\t<meta property=\"og:image:type\" content=\"image\/jpeg\" \/>\n<meta name=\"twitter:card\" content=\"summary_large_image\" \/>\n<meta name=\"twitter:label1\" content=\"Gesch\u00e4tzte Lesezeit\" \/>\n\t<meta name=\"twitter:data1\" content=\"2\u00a0Minuten\" \/>\n<script type=\"application\/ld+json\" class=\"yoast-schema-graph\">{\"@context\":\"https:\\\/\\\/schema.org\",\"@graph\":[{\"@type\":\"WebPage\",\"@id\":\"https:\\\/\\\/bakh.de\\\/wdp\\\/neigungsgruppen\\\/tischtennis\\\/\",\"url\":\"https:\\\/\\\/bakh.de\\\/wdp\\\/neigungsgruppen\\\/tischtennis\\\/\",\"name\":\"Tischtennis Waiblingen\",\"isPartOf\":{\"@id\":\"https:\\\/\\\/bakh.de\\\/wdp\\\/#website\"},\"primaryImageOfPage\":{\"@id\":\"https:\\\/\\\/bakh.de\\\/wdp\\\/neigungsgruppen\\\/tischtennis\\\/#primaryimage\"},\"image\":{\"@id\":\"https:\\\/\\\/bakh.de\\\/wdp\\\/neigungsgruppen\\\/tischtennis\\\/#primaryimage\"},\"thumbnailUrl\":\"https:\\\/\\\/bakh.de\\\/wdp\\\/wp-content\\\/uploads\\\/2026\\\/01\\\/DSC_0073_k.jpg\",\"datePublished\":\"2012-01-03T12:42:25+00:00\",\"dateModified\":\"2026-01-19T12:55:25+00:00\",\"description\":\"B\u00fcrgeraktion Korber H\u00f6he e. V. Tischtennis - Die Hobbygruppe Tischtennis spielt Donnerstags auf der Korber H\u00f6he Waiblingen Tischtennis\",\"breadcrumb\":{\"@id\":\"https:\\\/\\\/bakh.de\\\/wdp\\\/neigungsgruppen\\\/tischtennis\\\/#breadcrumb\"},\"inLanguage\":\"de\",\"potentialAction\":[{\"@type\":\"ReadAction\",\"target\":[\"https:\\\/\\\/bakh.de\\\/wdp\\\/neigungsgruppen\\\/tischtennis\\\/\"]}]},{\"@type\":\"ImageObject\",\"inLanguage\":\"de\",\"@id\":\"https:\\\/\\\/bakh.de\\\/wdp\\\/neigungsgruppen\\\/tischtennis\\\/#primaryimage\",\"url\":\"https:\\\/\\\/bakh.de\\\/wdp\\\/wp-content\\\/uploads\\\/2026\\\/01\\\/DSC_0073_k.jpg\",\"contentUrl\":\"https:\\\/\\\/bakh.de\\\/wdp\\\/wp-content\\\/uploads\\\/2026\\\/01\\\/DSC_0073_k.jpg\",\"width\":800,\"height\":600},{\"@type\":\"BreadcrumbList\",\"@id\":\"https:\\\/\\\/bakh.de\\\/wdp\\\/neigungsgruppen\\\/tischtennis\\\/#breadcrumb\",\"itemListElement\":[{\"@type\":\"ListItem\",\"position\":1,\"name\":\"Startseite\",\"item\":\"https:\\\/\\\/bakh.de\\\/wdp\\\/\"},{\"@type\":\"ListItem\",\"position\":2,\"name\":\"Neigungsgruppen\",\"item\":\"https:\\\/\\\/bakh.de\\\/wdp\\\/neigungsgruppen\\\/\"},{\"@type\":\"ListItem\",\"position\":3,\"name\":\"Tischtennis\"}]},{\"@type\":\"WebSite\",\"@id\":\"https:\\\/\\\/bakh.de\\\/wdp\\\/#website\",\"url\":\"https:\\\/\\\/bakh.de\\\/wdp\\\/\",\"name\":\"B\u00fcrgeraktion Korber H\u00f6he e. V.\",\"description\":\"\",\"publisher\":{\"@id\":\"https:\\\/\\\/bakh.de\\\/wdp\\\/#organization\"},\"potentialAction\":[{\"@type\":\"SearchAction\",\"target\":{\"@type\":\"EntryPoint\",\"urlTemplate\":\"https:\\\/\\\/bakh.de\\\/wdp\\\/?s={search_term_string}\"},\"query-input\":{\"@type\":\"PropertyValueSpecification\",\"valueRequired\":true,\"valueName\":\"search_term_string\"}}],\"inLanguage\":\"de\"},{\"@type\":\"Organization\",\"@id\":\"https:\\\/\\\/bakh.de\\\/wdp\\\/#organization\",\"name\":\"B\u00fcrgeraktion Korber H\u00f6he e. V.\",\"url\":\"https:\\\/\\\/bakh.de\\\/wdp\\\/\",\"logo\":{\"@type\":\"ImageObject\",\"inLanguage\":\"de\",\"@id\":\"https:\\\/\\\/bakh.de\\\/wdp\\\/#\\\/schema\\\/logo\\\/image\\\/\",\"url\":\"https:\\\/\\\/bakh.de\\\/wdp\\\/wp-content\\\/uploads\\\/2025\\\/11\\\/BAKH_Logo_4c_512.jpg\",\"contentUrl\":\"https:\\\/\\\/bakh.de\\\/wdp\\\/wp-content\\\/uploads\\\/2025\\\/11\\\/BAKH_Logo_4c_512.jpg\",\"width\":516,\"height\":518,\"caption\":\"B\u00fcrgeraktion Korber H\u00f6he e. V.\"},\"image\":{\"@id\":\"https:\\\/\\\/bakh.de\\\/wdp\\\/#\\\/schema\\\/logo\\\/image\\\/\"}}]}<\/script>\n<!-- \/ Yoast SEO plugin. -->","yoast_head_json":{"title":"Tischtennis Waiblingen","description":"B\u00fcrgeraktion Korber H\u00f6he e. V. Tischtennis - Die Hobbygruppe Tischtennis spielt Donnerstags auf der Korber H\u00f6he Waiblingen Tischtennis","robots":{"index":"index","follow":"follow","max-snippet":"max-snippet:-1","max-image-preview":"max-image-preview:large","max-video-preview":"max-video-preview:-1"},"canonical":"https:\/\/bakh.de\/wdp\/neigungsgruppen\/tischtennis\/","og_locale":"de_DE","og_type":"article","og_title":"Tischtennis Waiblingen","og_description":"B\u00fcrgeraktion Korber H\u00f6he e. V. Tischtennis - Die Hobbygruppe Tischtennis spielt Donnerstags auf der Korber H\u00f6he Waiblingen Tischtennis","og_url":"https:\/\/bakh.de\/wdp\/neigungsgruppen\/tischtennis\/","og_site_name":"B\u00fcrgeraktion Korber H\u00f6he e. V.","article_modified_time":"2026-01-19T12:55:25+00:00","og_image":[{"width":800,"height":600,"url":"https:\/\/bakh.de\/wdp\/wp-content\/uploads\/2026\/01\/DSC_0073_k.jpg","type":"image\/jpeg"}],"twitter_card":"summary_large_image","twitter_misc":{"Gesch\u00e4tzte Lesezeit":"2\u00a0Minuten"},"schema":{"@context":"https:\/\/schema.org","@graph":[{"@type":"WebPage","@id":"https:\/\/bakh.de\/wdp\/neigungsgruppen\/tischtennis\/","url":"https:\/\/bakh.de\/wdp\/neigungsgruppen\/tischtennis\/","name":"Tischtennis Waiblingen","isPartOf":{"@id":"https:\/\/bakh.de\/wdp\/#website"},"primaryImageOfPage":{"@id":"https:\/\/bakh.de\/wdp\/neigungsgruppen\/tischtennis\/#primaryimage"},"image":{"@id":"https:\/\/bakh.de\/wdp\/neigungsgruppen\/tischtennis\/#primaryimage"},"thumbnailUrl":"https:\/\/bakh.de\/wdp\/wp-content\/uploads\/2026\/01\/DSC_0073_k.jpg","datePublished":"2012-01-03T12:42:25+00:00","dateModified":"2026-01-19T12:55:25+00:00","description":"B\u00fcrgeraktion Korber H\u00f6he e. V. Tischtennis - Die Hobbygruppe Tischtennis spielt Donnerstags auf der Korber H\u00f6he Waiblingen Tischtennis","breadcrumb":{"@id":"https:\/\/bakh.de\/wdp\/neigungsgruppen\/tischtennis\/#breadcrumb"},"inLanguage":"de","potentialAction":[{"@type":"ReadAction","target":["https:\/\/bakh.de\/wdp\/neigungsgruppen\/tischtennis\/"]}]},{"@type":"ImageObject","inLanguage":"de","@id":"https:\/\/bakh.de\/wdp\/neigungsgruppen\/tischtennis\/#primaryimage","url":"https:\/\/bakh.de\/wdp\/wp-content\/uploads\/2026\/01\/DSC_0073_k.jpg","contentUrl":"https:\/\/bakh.de\/wdp\/wp-content\/uploads\/2026\/01\/DSC_0073_k.jpg","width":800,"height":600},{"@type":"BreadcrumbList","@id":"https:\/\/bakh.de\/wdp\/neigungsgruppen\/tischtennis\/#breadcrumb","itemListElement":[{"@type":"ListItem","position":1,"name":"Startseite","item":"https:\/\/bakh.de\/wdp\/"},{"@type":"ListItem","position":2,"name":"Neigungsgruppen","item":"https:\/\/bakh.de\/wdp\/neigungsgruppen\/"},{"@type":"ListItem","position":3,"name":"Tischtennis"}]},{"@type":"WebSite","@id":"https:\/\/bakh.de\/wdp\/#website","url":"https:\/\/bakh.de\/wdp\/","name":"B\u00fcrgeraktion Korber H\u00f6he e. V.","description":"","publisher":{"@id":"https:\/\/bakh.de\/wdp\/#organization"},"potentialAction":[{"@type":"SearchAction","target":{"@type":"EntryPoint","urlTemplate":"https:\/\/bakh.de\/wdp\/?s={search_term_string}"},"query-input":{"@type":"PropertyValueSpecification","valueRequired":true,"valueName":"search_term_string"}}],"inLanguage":"de"},{"@type":"Organization","@id":"https:\/\/bakh.de\/wdp\/#organization","name":"B\u00fcrgeraktion Korber H\u00f6he e. V.","url":"https:\/\/bakh.de\/wdp\/","logo":{"@type":"ImageObject","inLanguage":"de","@id":"https:\/\/bakh.de\/wdp\/#\/schema\/logo\/image\/","url":"https:\/\/bakh.de\/wdp\/wp-content\/uploads\/2025\/11\/BAKH_Logo_4c_512.jpg","contentUrl":"https:\/\/bakh.de\/wdp\/wp-content\/uploads\/2025\/11\/BAKH_Logo_4c_512.jpg","width":516,"height":518,"caption":"B\u00fcrgeraktion Korber H\u00f6he e. V."},"image":{"@id":"https:\/\/bakh.de\/wdp\/#\/schema\/logo\/image\/"}}]}},"_links":{"self":[{"href":"https:\/\/bakh.de\/wdp\/wp-json\/wp\/v2\/pages\/93","targetHints":{"allow":["GET"]}}],"collection":[{"href":"https:\/\/bakh.de\/wdp\/wp-json\/wp\/v2\/pages"}],"about":[{"href":"https:\/\/bakh.de\/wdp\/wp-json\/wp\/v2\/types\/page"}],"author":[{"embeddable":true,"href":"https:\/\/bakh.de\/wdp\/wp-json\/wp\/v2\/users\/3"}],"replies":[{"embeddable":true,"href":"https:\/\/bakh.de\/wdp\/wp-json\/wp\/v2\/comments?post=93"}],"version-history":[{"count":15,"href":"https:\/\/bakh.de\/wdp\/wp-json\/wp\/v2\/pages\/93\/revisions"}],"predecessor-version":[{"id":7485,"href":"https:\/\/bakh.de\/wdp\/wp-json\/wp\/v2\/pages\/93\/revisions\/7485"}],"up":[{"embeddable":true,"href":"https:\/\/bakh.de\/wdp\/wp-json\/wp\/v2\/pages\/21"}],"wp:attachment":[{"href":"https:\/\/bakh.de\/wdp\/wp-json\/wp\/v2\/media?parent=93"}],"curies":[{"name":"wp","href":"https:\/\/api.w.org\/{rel}","templated":true}]}}