{"id":7394,"date":"2025-11-24T13:44:20","date_gmt":"2025-11-24T12:44:20","guid":{"rendered":"https:\/\/bakh.de\/wdp\/?page_id=7394"},"modified":"2025-11-24T13:44:20","modified_gmt":"2025-11-24T12:44:20","slug":"malen-und-zeichnen","status":"publish","type":"page","link":"https:\/\/bakh.de\/wdp\/neigungsgruppen\/malen-und-zeichnen\/","title":{"rendered":"Malen und Zeichnen"},"content":{"rendered":"<div class=\"wp-block-image\">\n<figure class=\"aligncenter size-full\"><img loading=\"lazy\" decoding=\"async\" width=\"600\" height=\"331\" src=\"https:\/\/bakh.de\/wdp\/wp-content\/uploads\/2025\/10\/Mal_Plakat_Pinsel.jpeg\" alt=\"Malen und Zeichnen\" class=\"wp-image-7250\" srcset=\"https:\/\/bakh.de\/wdp\/wp-content\/uploads\/2025\/10\/Mal_Plakat_Pinsel.jpeg 600w, https:\/\/bakh.de\/wdp\/wp-content\/uploads\/2025\/10\/Mal_Plakat_Pinsel-400x221.jpeg 400w\" sizes=\"auto, (max-width: 600px) 100vw, 600px\" \/><\/figure>\n<\/div>\n\n\n<p><\/p>\n\n\n\n<div style=\"height:25px\" aria-hidden=\"true\" class=\"wp-block-spacer\"><\/div>\n\n\n\n<h5 class=\"wp-block-heading\">Mal- und Zeichenunterricht<\/h5>\n\n\n\n<p>Jeden Mittwoch von 18:00 Uhr bis 20:00 Uhr<\/p>\n\n\n\n<p>im Korber-H\u00f6he-Treff<\/p>\n\n\n\n<p>Ob Anf\u00e4nger oder Fortgeschrittener, jeder erh\u00e4lt eine individuelle Unterst\u00fctzung.<\/p>\n\n\n\n<p>Anmeldung bei G\u00fcnter Garbocz, Telefon 2 34 89<\/p>\n","protected":false},"excerpt":{"rendered":"<p>Mal- und Zeichenunterricht Jeden Mittwoch von 18:00 Uhr bis 20:00 Uhr im Korber-H\u00f6he-Treff Ob Anf\u00e4nger oder Fortgeschrittener, jeder erh\u00e4lt eine individuelle Unterst\u00fctzung. Anmeldung bei G\u00fcnter Garbocz, Telefon 2 34 89<\/p>\n","protected":false},"author":3,"featured_media":0,"parent":21,"menu_order":0,"comment_status":"closed","ping_status":"closed","template":"","meta":{"ngg_post_thumbnail":0,"_mc_calendar":[],"footnotes":""},"class_list":["post-7394","page","type-page","status-publish","hentry"],"yoast_head":"<!-- This site is optimized with the Yoast SEO plugin v27.3 - https:\/\/yoast.com\/product\/yoast-seo-wordpress\/ -->\n<title>Malen und Zeichnen - B\u00fcrgeraktion Korber H\u00f6he e. V.<\/title>\n<meta name=\"description\" content=\"Malen und Zeichnen f\u00fcr Anf\u00e4nger und Fortgeschrittene, jeden Mitttwoch ab 18:00 Uhr im Korber-H\u00f6he-Treff, Mikrozentrum Waiblingen\" \/>\n<meta name=\"robots\" content=\"index, follow, max-snippet:-1, max-image-preview:large, max-video-preview:-1\" \/>\n<link rel=\"canonical\" href=\"https:\/\/bakh.de\/wdp\/neigungsgruppen\/malen-und-zeichnen\/\" \/>\n<meta property=\"og:locale\" content=\"de_DE\" \/>\n<meta property=\"og:type\" content=\"article\" \/>\n<meta property=\"og:title\" content=\"Malen und Zeichnen - B\u00fcrgeraktion Korber H\u00f6he e. V.\" \/>\n<meta property=\"og:description\" content=\"Malen und Zeichnen f\u00fcr Anf\u00e4nger und Fortgeschrittene, jeden Mitttwoch ab 18:00 Uhr im Korber-H\u00f6he-Treff, Mikrozentrum Waiblingen\" \/>\n<meta property=\"og:url\" content=\"https:\/\/bakh.de\/wdp\/neigungsgruppen\/malen-und-zeichnen\/\" \/>\n<meta property=\"og:site_name\" content=\"B\u00fcrgeraktion Korber H\u00f6he e. V.\" \/>\n<meta property=\"og:image\" content=\"https:\/\/bakh.de\/wdp\/wp-content\/uploads\/2025\/10\/Mal_Plakat_Pinsel.jpeg\" \/>\n\t<meta property=\"og:image:width\" content=\"600\" \/>\n\t<meta property=\"og:image:height\" content=\"331\" \/>\n\t<meta property=\"og:image:type\" content=\"image\/jpeg\" \/>\n<meta name=\"twitter:card\" content=\"summary_large_image\" \/>\n<meta name=\"twitter:label1\" content=\"Gesch\u00e4tzte Lesezeit\" \/>\n\t<meta name=\"twitter:data1\" content=\"1\u00a0Minute\" \/>\n<script type=\"application\/ld+json\" class=\"yoast-schema-graph\">{\"@context\":\"https:\\\/\\\/schema.org\",\"@graph\":[{\"@type\":\"WebPage\",\"@id\":\"https:\\\/\\\/bakh.de\\\/wdp\\\/neigungsgruppen\\\/malen-und-zeichnen\\\/\",\"url\":\"https:\\\/\\\/bakh.de\\\/wdp\\\/neigungsgruppen\\\/malen-und-zeichnen\\\/\",\"name\":\"Malen und Zeichnen - B\u00fcrgeraktion Korber H\u00f6he e. V.\",\"isPartOf\":{\"@id\":\"https:\\\/\\\/bakh.de\\\/wdp\\\/#website\"},\"primaryImageOfPage\":{\"@id\":\"https:\\\/\\\/bakh.de\\\/wdp\\\/neigungsgruppen\\\/malen-und-zeichnen\\\/#primaryimage\"},\"image\":{\"@id\":\"https:\\\/\\\/bakh.de\\\/wdp\\\/neigungsgruppen\\\/malen-und-zeichnen\\\/#primaryimage\"},\"thumbnailUrl\":\"https:\\\/\\\/bakh.de\\\/wdp\\\/wp-content\\\/uploads\\\/2025\\\/10\\\/Mal_Plakat_Pinsel.jpeg\",\"datePublished\":\"2025-11-24T12:44:20+00:00\",\"description\":\"Malen und Zeichnen f\u00fcr Anf\u00e4nger und Fortgeschrittene, jeden Mitttwoch ab 18:00 Uhr im Korber-H\u00f6he-Treff, Mikrozentrum Waiblingen\",\"breadcrumb\":{\"@id\":\"https:\\\/\\\/bakh.de\\\/wdp\\\/neigungsgruppen\\\/malen-und-zeichnen\\\/#breadcrumb\"},\"inLanguage\":\"de\",\"potentialAction\":[{\"@type\":\"ReadAction\",\"target\":[\"https:\\\/\\\/bakh.de\\\/wdp\\\/neigungsgruppen\\\/malen-und-zeichnen\\\/\"]}]},{\"@type\":\"ImageObject\",\"inLanguage\":\"de\",\"@id\":\"https:\\\/\\\/bakh.de\\\/wdp\\\/neigungsgruppen\\\/malen-und-zeichnen\\\/#primaryimage\",\"url\":\"https:\\\/\\\/bakh.de\\\/wdp\\\/wp-content\\\/uploads\\\/2025\\\/10\\\/Mal_Plakat_Pinsel.jpeg\",\"contentUrl\":\"https:\\\/\\\/bakh.de\\\/wdp\\\/wp-content\\\/uploads\\\/2025\\\/10\\\/Mal_Plakat_Pinsel.jpeg\",\"width\":600,\"height\":331},{\"@type\":\"BreadcrumbList\",\"@id\":\"https:\\\/\\\/bakh.de\\\/wdp\\\/neigungsgruppen\\\/malen-und-zeichnen\\\/#breadcrumb\",\"itemListElement\":[{\"@type\":\"ListItem\",\"position\":1,\"name\":\"Startseite\",\"item\":\"https:\\\/\\\/bakh.de\\\/wdp\\\/\"},{\"@type\":\"ListItem\",\"position\":2,\"name\":\"Neigungsgruppen\",\"item\":\"https:\\\/\\\/bakh.de\\\/wdp\\\/neigungsgruppen\\\/\"},{\"@type\":\"ListItem\",\"position\":3,\"name\":\"Malen und Zeichnen\"}]},{\"@type\":\"WebSite\",\"@id\":\"https:\\\/\\\/bakh.de\\\/wdp\\\/#website\",\"url\":\"https:\\\/\\\/bakh.de\\\/wdp\\\/\",\"name\":\"B\u00fcrgeraktion Korber H\u00f6he e. V.\",\"description\":\"\",\"publisher\":{\"@id\":\"https:\\\/\\\/bakh.de\\\/wdp\\\/#organization\"},\"potentialAction\":[{\"@type\":\"SearchAction\",\"target\":{\"@type\":\"EntryPoint\",\"urlTemplate\":\"https:\\\/\\\/bakh.de\\\/wdp\\\/?s={search_term_string}\"},\"query-input\":{\"@type\":\"PropertyValueSpecification\",\"valueRequired\":true,\"valueName\":\"search_term_string\"}}],\"inLanguage\":\"de\"},{\"@type\":\"Organization\",\"@id\":\"https:\\\/\\\/bakh.de\\\/wdp\\\/#organization\",\"name\":\"B\u00fcrgeraktion Korber H\u00f6he e. V.\",\"url\":\"https:\\\/\\\/bakh.de\\\/wdp\\\/\",\"logo\":{\"@type\":\"ImageObject\",\"inLanguage\":\"de\",\"@id\":\"https:\\\/\\\/bakh.de\\\/wdp\\\/#\\\/schema\\\/logo\\\/image\\\/\",\"url\":\"https:\\\/\\\/bakh.de\\\/wdp\\\/wp-content\\\/uploads\\\/2025\\\/11\\\/BAKH_Logo_4c_512.jpg\",\"contentUrl\":\"https:\\\/\\\/bakh.de\\\/wdp\\\/wp-content\\\/uploads\\\/2025\\\/11\\\/BAKH_Logo_4c_512.jpg\",\"width\":516,\"height\":518,\"caption\":\"B\u00fcrgeraktion Korber H\u00f6he e. V.\"},\"image\":{\"@id\":\"https:\\\/\\\/bakh.de\\\/wdp\\\/#\\\/schema\\\/logo\\\/image\\\/\"}}]}<\/script>\n<!-- \/ Yoast SEO plugin. -->","yoast_head_json":{"title":"Malen und Zeichnen - B\u00fcrgeraktion Korber H\u00f6he e. V.","description":"Malen und Zeichnen f\u00fcr Anf\u00e4nger und Fortgeschrittene, jeden Mitttwoch ab 18:00 Uhr im Korber-H\u00f6he-Treff, Mikrozentrum Waiblingen","robots":{"index":"index","follow":"follow","max-snippet":"max-snippet:-1","max-image-preview":"max-image-preview:large","max-video-preview":"max-video-preview:-1"},"canonical":"https:\/\/bakh.de\/wdp\/neigungsgruppen\/malen-und-zeichnen\/","og_locale":"de_DE","og_type":"article","og_title":"Malen und Zeichnen - B\u00fcrgeraktion Korber H\u00f6he e. V.","og_description":"Malen und Zeichnen f\u00fcr Anf\u00e4nger und Fortgeschrittene, jeden Mitttwoch ab 18:00 Uhr im Korber-H\u00f6he-Treff, Mikrozentrum Waiblingen","og_url":"https:\/\/bakh.de\/wdp\/neigungsgruppen\/malen-und-zeichnen\/","og_site_name":"B\u00fcrgeraktion Korber H\u00f6he e. V.","og_image":[{"width":600,"height":331,"url":"https:\/\/bakh.de\/wdp\/wp-content\/uploads\/2025\/10\/Mal_Plakat_Pinsel.jpeg","type":"image\/jpeg"}],"twitter_card":"summary_large_image","twitter_misc":{"Gesch\u00e4tzte Lesezeit":"1\u00a0Minute"},"schema":{"@context":"https:\/\/schema.org","@graph":[{"@type":"WebPage","@id":"https:\/\/bakh.de\/wdp\/neigungsgruppen\/malen-und-zeichnen\/","url":"https:\/\/bakh.de\/wdp\/neigungsgruppen\/malen-und-zeichnen\/","name":"Malen und Zeichnen - B\u00fcrgeraktion Korber H\u00f6he e. V.","isPartOf":{"@id":"https:\/\/bakh.de\/wdp\/#website"},"primaryImageOfPage":{"@id":"https:\/\/bakh.de\/wdp\/neigungsgruppen\/malen-und-zeichnen\/#primaryimage"},"image":{"@id":"https:\/\/bakh.de\/wdp\/neigungsgruppen\/malen-und-zeichnen\/#primaryimage"},"thumbnailUrl":"https:\/\/bakh.de\/wdp\/wp-content\/uploads\/2025\/10\/Mal_Plakat_Pinsel.jpeg","datePublished":"2025-11-24T12:44:20+00:00","description":"Malen und Zeichnen f\u00fcr Anf\u00e4nger und Fortgeschrittene, jeden Mitttwoch ab 18:00 Uhr im Korber-H\u00f6he-Treff, Mikrozentrum Waiblingen","breadcrumb":{"@id":"https:\/\/bakh.de\/wdp\/neigungsgruppen\/malen-und-zeichnen\/#breadcrumb"},"inLanguage":"de","potentialAction":[{"@type":"ReadAction","target":["https:\/\/bakh.de\/wdp\/neigungsgruppen\/malen-und-zeichnen\/"]}]},{"@type":"ImageObject","inLanguage":"de","@id":"https:\/\/bakh.de\/wdp\/neigungsgruppen\/malen-und-zeichnen\/#primaryimage","url":"https:\/\/bakh.de\/wdp\/wp-content\/uploads\/2025\/10\/Mal_Plakat_Pinsel.jpeg","contentUrl":"https:\/\/bakh.de\/wdp\/wp-content\/uploads\/2025\/10\/Mal_Plakat_Pinsel.jpeg","width":600,"height":331},{"@type":"BreadcrumbList","@id":"https:\/\/bakh.de\/wdp\/neigungsgruppen\/malen-und-zeichnen\/#breadcrumb","itemListElement":[{"@type":"ListItem","position":1,"name":"Startseite","item":"https:\/\/bakh.de\/wdp\/"},{"@type":"ListItem","position":2,"name":"Neigungsgruppen","item":"https:\/\/bakh.de\/wdp\/neigungsgruppen\/"},{"@type":"ListItem","position":3,"name":"Malen und Zeichnen"}]},{"@type":"WebSite","@id":"https:\/\/bakh.de\/wdp\/#website","url":"https:\/\/bakh.de\/wdp\/","name":"B\u00fcrgeraktion Korber H\u00f6he e. V.","description":"","publisher":{"@id":"https:\/\/bakh.de\/wdp\/#organization"},"potentialAction":[{"@type":"SearchAction","target":{"@type":"EntryPoint","urlTemplate":"https:\/\/bakh.de\/wdp\/?s={search_term_string}"},"query-input":{"@type":"PropertyValueSpecification","valueRequired":true,"valueName":"search_term_string"}}],"inLanguage":"de"},{"@type":"Organization","@id":"https:\/\/bakh.de\/wdp\/#organization","name":"B\u00fcrgeraktion Korber H\u00f6he e. V.","url":"https:\/\/bakh.de\/wdp\/","logo":{"@type":"ImageObject","inLanguage":"de","@id":"https:\/\/bakh.de\/wdp\/#\/schema\/logo\/image\/","url":"https:\/\/bakh.de\/wdp\/wp-content\/uploads\/2025\/11\/BAKH_Logo_4c_512.jpg","contentUrl":"https:\/\/bakh.de\/wdp\/wp-content\/uploads\/2025\/11\/BAKH_Logo_4c_512.jpg","width":516,"height":518,"caption":"B\u00fcrgeraktion Korber H\u00f6he e. V."},"image":{"@id":"https:\/\/bakh.de\/wdp\/#\/schema\/logo\/image\/"}}]}},"_links":{"self":[{"href":"https:\/\/bakh.de\/wdp\/wp-json\/wp\/v2\/pages\/7394","targetHints":{"allow":["GET"]}}],"collection":[{"href":"https:\/\/bakh.de\/wdp\/wp-json\/wp\/v2\/pages"}],"about":[{"href":"https:\/\/bakh.de\/wdp\/wp-json\/wp\/v2\/types\/page"}],"author":[{"embeddable":true,"href":"https:\/\/bakh.de\/wdp\/wp-json\/wp\/v2\/users\/3"}],"replies":[{"embeddable":true,"href":"https:\/\/bakh.de\/wdp\/wp-json\/wp\/v2\/comments?post=7394"}],"version-history":[{"count":2,"href":"https:\/\/bakh.de\/wdp\/wp-json\/wp\/v2\/pages\/7394\/revisions"}],"predecessor-version":[{"id":7396,"href":"https:\/\/bakh.de\/wdp\/wp-json\/wp\/v2\/pages\/7394\/revisions\/7396"}],"up":[{"embeddable":true,"href":"https:\/\/bakh.de\/wdp\/wp-json\/wp\/v2\/pages\/21"}],"wp:attachment":[{"href":"https:\/\/bakh.de\/wdp\/wp-json\/wp\/v2\/media?parent=7394"}],"curies":[{"name":"wp","href":"https:\/\/api.w.org\/{rel}","templated":true}]}}