{"id":678,"date":"2012-06-10T18:16:29","date_gmt":"2012-06-10T18:16:29","guid":{"rendered":"http:\/\/bakh.de\/wdp\/?page_id=678"},"modified":"2026-03-16T16:22:22","modified_gmt":"2026-03-16T15:22:22","slug":"willkommen","status":"publish","type":"page","link":"https:\/\/bakh.de\/wdp\/","title":{"rendered":"Willkommen auf der Korber H\u00f6he"},"content":{"rendered":"\n<hr class=\"wp-block-separator has-alpha-channel-opacity\"\/>\n\n\n\n<div class=\"wp-block-buttons is-content-justification-center is-layout-flex wp-container-core-buttons-is-layout-16018d1d wp-block-buttons-is-layout-flex\">\n<div class=\"wp-block-button\"><a class=\"wp-block-button__link has-black-color has-luminous-vivid-amber-background-color has-text-color has-background has-link-color wp-element-button\" href=\"https:\/\/bakh.de\/wdp\/korber-hoehe-putzete-2026\"><strong>Korber H\u00f6he Putzete<\/strong><\/a><\/div>\n<\/div>\n\n\n<div class=\"wp-block-image\">\n<figure class=\"aligncenter size-full is-resized\"><a href=\"https:\/\/bakh.de\/wdp\/korber-hoehe-putzete-2026\"><img loading=\"lazy\" decoding=\"async\" width=\"800\" height=\"600\" src=\"https:\/\/bakh.de\/wdp\/wp-content\/uploads\/2026\/03\/IMG_6712_k.jpg\" alt=\"\" class=\"wp-image-7604\" style=\"width:500px\" srcset=\"https:\/\/bakh.de\/wdp\/wp-content\/uploads\/2026\/03\/IMG_6712_k.jpg 800w, https:\/\/bakh.de\/wdp\/wp-content\/uploads\/2026\/03\/IMG_6712_k-400x300.jpg 400w, https:\/\/bakh.de\/wdp\/wp-content\/uploads\/2026\/03\/IMG_6712_k-768x576.jpg 768w\" sizes=\"auto, (max-width: 800px) 100vw, 800px\" \/><\/a><\/figure>\n<\/div>\n\n\n<hr class=\"wp-block-separator has-alpha-channel-opacity\"\/>\n\n\n\n<div class=\"wp-block-buttons is-content-justification-center is-layout-flex wp-container-core-buttons-is-layout-16018d1d wp-block-buttons-is-layout-flex\">\n<div class=\"wp-block-button\"><a class=\"wp-block-button__link has-black-color has-luminous-vivid-amber-background-color has-text-color has-background has-link-color wp-element-button\" href=\"https:\/\/bakh.de\/wdp\/my-calendar\/?mc_id=229\"><strong>Stammtisch<\/strong><\/a><\/div>\n<\/div>\n\n\n<div class=\"wp-block-image\">\n<figure class=\"aligncenter size-large is-resized\"><a href=\"https:\/\/bakh.de\/wdp\/my-calendar\/?mc_id=229\"><img loading=\"lazy\" decoding=\"async\" width=\"1024\" height=\"768\" src=\"https:\/\/bakh.de\/wdp\/wp-content\/uploads\/2026\/03\/Stammtisch-quer-1024x768.jpg\" alt=\"\" class=\"wp-image-7583\" style=\"width:500px\" srcset=\"https:\/\/bakh.de\/wdp\/wp-content\/uploads\/2026\/03\/Stammtisch-quer-1024x768.jpg 1024w, https:\/\/bakh.de\/wdp\/wp-content\/uploads\/2026\/03\/Stammtisch-quer-400x300.jpg 400w, https:\/\/bakh.de\/wdp\/wp-content\/uploads\/2026\/03\/Stammtisch-quer-768x576.jpg 768w, https:\/\/bakh.de\/wdp\/wp-content\/uploads\/2026\/03\/Stammtisch-quer.jpg 1387w\" sizes=\"auto, (max-width: 1024px) 100vw, 1024px\" \/><\/a><\/figure>\n<\/div>\n\n\n<hr class=\"wp-block-separator has-alpha-channel-opacity\"\/>\n\n\n\n<div class=\"wp-block-buttons is-content-justification-center is-layout-flex wp-container-core-buttons-is-layout-16018d1d wp-block-buttons-is-layout-flex\">\n<div class=\"wp-block-button\"><a class=\"wp-block-button__link has-black-color has-luminous-vivid-amber-background-color has-text-color has-background has-link-color wp-element-button\" href=\"https:\/\/bakh.de\/wdp\/mitgliederversammlung-2026\/\"><strong>Mitgliederversammlung 2026<\/strong><\/a><\/div>\n<\/div>\n\n\n<div class=\"wp-block-image\">\n<figure class=\"aligncenter size-full is-resized\"><a href=\"https:\/\/bakh.de\/wdp\/mitgliederversammlung-2026\/\"><img loading=\"lazy\" decoding=\"async\" width=\"800\" height=\"600\" src=\"https:\/\/bakh.de\/wdp\/wp-content\/uploads\/2026\/03\/IMG_6651_k-1.jpg\" alt=\"\" class=\"wp-image-7568\" style=\"width:500px\" srcset=\"https:\/\/bakh.de\/wdp\/wp-content\/uploads\/2026\/03\/IMG_6651_k-1.jpg 800w, https:\/\/bakh.de\/wdp\/wp-content\/uploads\/2026\/03\/IMG_6651_k-1-400x300.jpg 400w, https:\/\/bakh.de\/wdp\/wp-content\/uploads\/2026\/03\/IMG_6651_k-1-768x576.jpg 768w\" sizes=\"auto, (max-width: 800px) 100vw, 800px\" \/><\/a><\/figure>\n<\/div>\n\n\n<hr class=\"wp-block-separator has-alpha-channel-opacity\"\/>\n\n\n<div class=\"wp-block-image\">\n<figure class=\"aligncenter size-full is-resized\"><a href=\"https:\/\/bakh.de\/wdp\/my-calendar\/?mc_id=220\"><img loading=\"lazy\" decoding=\"async\" width=\"676\" height=\"246\" src=\"https:\/\/bakh.de\/wdp\/wp-content\/uploads\/2025\/12\/Gemeinsam-Ueberschrift.jpg\" alt=\"\" class=\"wp-image-7468\" style=\"width:500px\" srcset=\"https:\/\/bakh.de\/wdp\/wp-content\/uploads\/2025\/12\/Gemeinsam-Ueberschrift.jpg 676w, https:\/\/bakh.de\/wdp\/wp-content\/uploads\/2025\/12\/Gemeinsam-Ueberschrift-400x146.jpg 400w\" sizes=\"auto, (max-width: 676px) 100vw, 676px\" \/><\/a><\/figure>\n<\/div>\n\n\n<div class=\"wp-block-buttons is-content-justification-center is-layout-flex wp-container-core-buttons-is-layout-16018d1d wp-block-buttons-is-layout-flex\">\n<div class=\"wp-block-button\"><a class=\"wp-block-button__link has-black-color has-luminous-vivid-amber-background-color has-text-color has-background has-link-color wp-element-button\" href=\"https:\/\/bakh.de\/wdp\/my-calendar\/?mc_id=220\"><strong>Treff &#8222;Gemeinsam auf der Korber H\u00f6he&#8220;<\/strong><\/a><\/div>\n<\/div>\n\n\n\n<hr class=\"wp-block-separator has-alpha-channel-opacity\"\/>\n\n\n\n<h4 class=\"wp-block-heading has-text-align-center\">Die B\u00fcrgeraktion Korber H\u00f6he feiert ihr 50 j\u00e4hriges Bestehen<\/h4>\n\n\n\n<div class=\"wp-block-buttons is-content-justification-center is-layout-flex wp-container-core-buttons-is-layout-16018d1d wp-block-buttons-is-layout-flex\">\n<div class=\"wp-block-button\"><a class=\"wp-block-button__link has-black-color has-luminous-vivid-amber-background-color has-text-color has-background has-link-color wp-element-button\" href=\"https:\/\/bakh.de\/wdp\/jubilaeumstreff-50-jahre-buergeraktion\/\"><strong>Jubil\u00e4umstreff 50 Jahre B\u00fcrgeraktion<\/strong><\/a><\/div>\n<\/div>\n\n\n<div class=\"wp-block-image\">\n<figure class=\"aligncenter size-full is-resized\"><a href=\"https:\/\/bakh.de\/wdp\/jubilaeumstreff-50-jahre-buergeraktion\/\"><img loading=\"lazy\" decoding=\"async\" width=\"800\" height=\"600\" src=\"https:\/\/bakh.de\/wdp\/wp-content\/uploads\/2025\/11\/DSC_0145_k.jpg\" alt=\"\" class=\"wp-image-7285\" style=\"width:500px\" srcset=\"https:\/\/bakh.de\/wdp\/wp-content\/uploads\/2025\/11\/DSC_0145_k.jpg 800w, https:\/\/bakh.de\/wdp\/wp-content\/uploads\/2025\/11\/DSC_0145_k-400x300.jpg 400w, https:\/\/bakh.de\/wdp\/wp-content\/uploads\/2025\/11\/DSC_0145_k-768x576.jpg 768w\" sizes=\"auto, (max-width: 800px) 100vw, 800px\" \/><\/a><\/figure>\n<\/div>\n\n\n<div class=\"wp-block-buttons is-content-justification-center is-layout-flex wp-container-core-buttons-is-layout-16018d1d wp-block-buttons-is-layout-flex\">\n<div class=\"wp-block-button\"><a class=\"wp-block-button__link has-black-color has-luminous-vivid-amber-background-color has-text-color has-background has-link-color wp-element-button\" href=\"https:\/\/bakh.de\/wdp\/jubilaeumsfeier-50-jahre-buergeraktion\/\"><strong>Jubil\u00e4umsfeier der Mitglieder<\/strong><\/a><\/div>\n<\/div>\n\n\n<div class=\"wp-block-image\">\n<figure class=\"aligncenter size-full is-resized\"><a href=\"https:\/\/bakh.de\/wdp\/jubilaeumsfeier-50-jahre-buergeraktion\/\"><img loading=\"lazy\" decoding=\"async\" width=\"800\" height=\"600\" src=\"https:\/\/bakh.de\/wdp\/wp-content\/uploads\/2025\/11\/IMG_6456_k-1.jpg\" alt=\"\" class=\"wp-image-7383\" style=\"width:500px\" srcset=\"https:\/\/bakh.de\/wdp\/wp-content\/uploads\/2025\/11\/IMG_6456_k-1.jpg 800w, https:\/\/bakh.de\/wdp\/wp-content\/uploads\/2025\/11\/IMG_6456_k-1-400x300.jpg 400w, https:\/\/bakh.de\/wdp\/wp-content\/uploads\/2025\/11\/IMG_6456_k-1-768x576.jpg 768w\" sizes=\"auto, (max-width: 800px) 100vw, 800px\" \/><\/a><\/figure>\n<\/div>\n\n\n<hr class=\"wp-block-separator has-alpha-channel-opacity\"\/>\n\n\n\n<h2 class=\"wp-block-heading\">Korber Stra\u00dfe: Tempo 30 ist da<\/h2>\n\n\n\n<p>Nach mehreren Runden <a href=\"https:\/\/bakh.de\/wdp\/infoabend-zum-verkehrsversuch-korber-strasse\/\">B\u00fcrgerbeteiligung<\/a> und verschiedensten Konzepten hatte der Gemeinderat im Dezember 2024 die Einrichtung einer Tempo 30 &#8211; Zone auf der H\u00f6he des Wohngebiets bei der Haltestelle Nachtigallenweg bis zum Fu\u00dfg\u00e4nger\u00fcbergang Richtung Beinstein beschlo\u00dfen.<\/p>\n\n\n\n<p>Jetzt wurde die Tempo 30 &#8211; Zone eingerichtet und die Schilder aufgestellt.<\/p>\n\n\n<div class=\"wp-block-image\">\n<figure class=\"aligncenter size-large is-resized\"><img loading=\"lazy\" decoding=\"async\" width=\"1024\" height=\"614\" src=\"https:\/\/bakh.de\/wdp\/wp-content\/uploads\/2025\/11\/Uebersichtsplan-1024x614.jpg\" alt=\"\u00dcbersichtsplan Korber Stra\u00dfe\" class=\"wp-image-7267\" style=\"width:500px\" srcset=\"https:\/\/bakh.de\/wdp\/wp-content\/uploads\/2025\/11\/Uebersichtsplan-1024x614.jpg 1024w, https:\/\/bakh.de\/wdp\/wp-content\/uploads\/2025\/11\/Uebersichtsplan-400x240.jpg 400w, https:\/\/bakh.de\/wdp\/wp-content\/uploads\/2025\/11\/Uebersichtsplan-768x461.jpg 768w, https:\/\/bakh.de\/wdp\/wp-content\/uploads\/2025\/11\/Uebersichtsplan.jpg 1165w\" sizes=\"auto, (max-width: 1024px) 100vw, 1024px\" \/><\/figure>\n<\/div>\n\n\n<p>F\u00fcr weitere Ma\u00dfnahmen fehlt das Geld.&nbsp;Darum wollen die st\u00e4dtischen Verkehrsplaner 2026 pr\u00fcfen, ob sich mit kleinen Ma\u00dfnahmen die Situation verbessern l\u00e4sst, etwa beim \u00dcbergang des Zweirichtungsradverkehrs aus dem Nachtigallenweg auf die Korber Stra\u00dfe. L\u00e4ngerfristig soll eine Gesamtplanung erarbeitet werden.<\/p>\n\n\n\n<hr class=\"wp-block-separator has-alpha-channel-opacity\"\/>\n\n\n\n<div class=\"wp-block-buttons is-content-justification-center is-layout-flex wp-container-core-buttons-is-layout-16018d1d wp-block-buttons-is-layout-flex\">\n<div class=\"wp-block-button\"><a class=\"wp-block-button__link has-black-color has-luminous-vivid-amber-background-color has-text-color has-background has-link-color wp-element-button\" href=\"https:\/\/bakh.de\/wdp\/mal-und-zeichenunterricht\/\"><strong>Mal- und Zeichenunterricht<\/strong><\/a><\/div>\n<\/div>\n\n\n<div class=\"wp-block-image\">\n<figure class=\"aligncenter size-full is-resized\"><a href=\"https:\/\/bakh.de\/wdp\/mal-und-zeichenunterricht\/\"><img loading=\"lazy\" decoding=\"async\" width=\"600\" height=\"331\" src=\"https:\/\/bakh.de\/wdp\/wp-content\/uploads\/2025\/10\/Mal_Plakat_Pinsel.jpeg\" alt=\"\" class=\"wp-image-7250\" style=\"width:500px\" srcset=\"https:\/\/bakh.de\/wdp\/wp-content\/uploads\/2025\/10\/Mal_Plakat_Pinsel.jpeg 600w, https:\/\/bakh.de\/wdp\/wp-content\/uploads\/2025\/10\/Mal_Plakat_Pinsel-400x221.jpeg 400w\" sizes=\"auto, (max-width: 600px) 100vw, 600px\" \/><\/a><\/figure>\n<\/div>\n\n\n<hr class=\"wp-block-separator has-alpha-channel-opacity\"\/>\n\n\n\n<p><\/p>\n\n\n\n<div class=\"wp-block-buttons is-content-justification-center is-layout-flex wp-container-core-buttons-is-layout-16018d1d wp-block-buttons-is-layout-flex\">\n<div class=\"wp-block-button\"><a class=\"wp-block-button__link has-black-color has-luminous-vivid-amber-background-color has-text-color has-background has-link-color wp-element-button\" href=\"https:\/\/bakh.de\/wdp\/neues-wohnen-auf-der-korber-hoehe-wird-alles-gut\/\"><strong>Neues Wohnen auf der Korber H\u00f6he<\/strong>,<br><strong>wird jetzt alles gut?<\/strong><\/a><\/div>\n<\/div>\n\n\n<div class=\"wp-block-image\">\n<figure class=\"aligncenter size-full is-resized\"><a href=\"https:\/\/bakh.de\/wdp\/neues-wohnen-auf-der-korber-hoehe-wird-alles-gut\/\"><img loading=\"lazy\" decoding=\"async\" width=\"800\" height=\"450\" src=\"https:\/\/bakh.de\/wdp\/wp-content\/uploads\/2024\/12\/IMG_5750_16_9_k.jpg\" alt=\"\" class=\"wp-image-7032\" style=\"width:600px\" srcset=\"https:\/\/bakh.de\/wdp\/wp-content\/uploads\/2024\/12\/IMG_5750_16_9_k.jpg 800w, https:\/\/bakh.de\/wdp\/wp-content\/uploads\/2024\/12\/IMG_5750_16_9_k-400x225.jpg 400w, https:\/\/bakh.de\/wdp\/wp-content\/uploads\/2024\/12\/IMG_5750_16_9_k-768x432.jpg 768w\" sizes=\"auto, (max-width: 800px) 100vw, 800px\" \/><\/a><\/figure>\n<\/div>\n\n\n<hr class=\"wp-block-separator has-alpha-channel-opacity\"\/>\n\n\n\n<h2 class=\"wp-block-heading\">Erdplatz an der Winnenderstra\u00dfe<\/h2>\n\n\n\n<div class=\"wp-block-media-text is-stacked-on-mobile\" style=\"grid-template-columns:40% auto\"><figure class=\"wp-block-media-text__media\"><a href=\"https:\/\/bakh.de\/wdp\/wp-content\/uploads\/2024\/10\/1000029206.jpg\"><img loading=\"lazy\" decoding=\"async\" width=\"1024\" height=\"768\" src=\"https:\/\/bakh.de\/wdp\/wp-content\/uploads\/2024\/10\/1000029206.jpg\" alt=\"\" class=\"wp-image-6934 size-full\" srcset=\"https:\/\/bakh.de\/wdp\/wp-content\/uploads\/2024\/10\/1000029206.jpg 1024w, https:\/\/bakh.de\/wdp\/wp-content\/uploads\/2024\/10\/1000029206-400x300.jpg 400w, https:\/\/bakh.de\/wdp\/wp-content\/uploads\/2024\/10\/1000029206-768x576.jpg 768w\" sizes=\"auto, (max-width: 1024px) 100vw, 1024px\" \/><\/a><\/figure><div class=\"wp-block-media-text__content\">\n<p>Viele Spazierg\u00e4nger, die zur Zeit Richtung S\u00f6renberg unterwegs sind, fragen sich was die Baustelle an der Winnender Stra\u00dfe bedeutet. <\/p>\n\n\n\n<p>Es handelt sich um einen Lagerplatz f\u00fcr der Rohre der <a href=\"https:\/\/www.terranets-sel.de\/\" target=\"_blank\" rel=\"noreferrer noopener\">S\u00fcddeutschen Erdgasleitung<\/a> durch Baden-W\u00fcrttemberg. Die S\u00fcddeutsche Erdgasleitung (SEL) ist ein seit l\u00e4ngerem geplantes Projekt, um eine sichere Energieversorgung zu gew\u00e4hrleisten. <br>Das Projekt ist, wie ein Beitrag des <a href=\"https:\/\/www.swr.de\/swraktuell\/baden-wuerttemberg\/streit-um-sueddeutsche-erdgasleitung-100.html\" target=\"_blank\" rel=\"noreferrer noopener\">SWR<\/a> darstellt, nicht unumstritten.<\/p>\n\n\n\n<p><\/p>\n<\/div><\/div>\n\n\n\n<div class=\"wp-block-buttons is-content-justification-center is-layout-flex wp-container-core-buttons-is-layout-16018d1d wp-block-buttons-is-layout-flex\"><\/div>\n\n\n\n<hr class=\"wp-block-separator has-alpha-channel-opacity\"\/>\n\n\n\n<div class=\"wp-block-buttons is-content-justification-center is-layout-flex wp-container-core-buttons-is-layout-16018d1d wp-block-buttons-is-layout-flex\"><\/div>\n\n\n\n<p class=\"has-text-align-center\"><strong>Die B\u00fcrgeraktion Korber H\u00f6he e. V. ist eine Interessengemeinschaft<\/strong><\/p>\n\n\n\n<p class=\"has-text-align-center\"><strong>der Bewohnerinnen und Bewohner<br>des Stadtteils Korber H\u00f6he in Waiblingen.<\/strong><\/p>\n\n\n\n<p class=\"has-text-align-center\"><strong>Hier finden Sie Informationen zum Verein,<br>zu den Neigungsgruppen, Termine und aktuelle Aktivit\u00e4ten.<\/strong><\/p>\n\n\n\n<p><\/p>\n","protected":false},"excerpt":{"rendered":"<p>Die B\u00fcrgeraktion Korber H\u00f6he feiert ihr 50 j\u00e4hriges Bestehen Korber Stra\u00dfe: Tempo 30 ist da Nach mehreren Runden B\u00fcrgerbeteiligung und verschiedensten Konzepten hatte der Gemeinderat im Dezember 2024 die Einrichtung einer Tempo 30 &#8211; Zone auf der H\u00f6he des Wohngebiets bei der Haltestelle Nachtigallenweg bis zum Fu\u00dfg\u00e4nger\u00fcbergang Richtung Beinstein beschlo\u00dfen. Jetzt wurde die Tempo 30 [&hellip;]<\/p>\n","protected":false},"author":3,"featured_media":0,"parent":0,"menu_order":0,"comment_status":"closed","ping_status":"closed","template":"","meta":{"ngg_post_thumbnail":0,"_mc_calendar":[],"footnotes":""},"class_list":["post-678","page","type-page","status-publish","hentry"],"yoast_head":"<!-- This site is optimized with the Yoast SEO plugin v27.3 - https:\/\/yoast.com\/product\/yoast-seo-wordpress\/ -->\n<title>B\u00fcrgeraktion Korber H\u00f6he e. V.<\/title>\n<meta name=\"description\" content=\"Die B\u00fcrgeraktion Korber H\u00f6he e. V. ist eine Interessengemeinschaft der Bewohner des Stadtteils Korber H\u00f6he in Waiblingen\" \/>\n<meta name=\"robots\" content=\"index, follow, max-snippet:-1, max-image-preview:large, max-video-preview:-1\" \/>\n<link rel=\"canonical\" href=\"https:\/\/bakh.de\/wdp\/\" \/>\n<meta property=\"og:locale\" content=\"de_DE\" \/>\n<meta property=\"og:type\" content=\"article\" \/>\n<meta property=\"og:title\" content=\"B\u00fcrgeraktion Korber H\u00f6he e. V.\" \/>\n<meta property=\"og:description\" content=\"Die B\u00fcrgeraktion Korber H\u00f6he e. V. ist eine Interessengemeinschaft der Bewohner des Stadtteils Korber H\u00f6he in Waiblingen\" \/>\n<meta property=\"og:url\" content=\"https:\/\/bakh.de\/wdp\/\" \/>\n<meta property=\"og:site_name\" content=\"B\u00fcrgeraktion Korber H\u00f6he e. V.\" \/>\n<meta property=\"article:modified_time\" content=\"2026-03-16T15:22:22+00:00\" \/>\n<meta property=\"og:image\" content=\"https:\/\/bakh.de\/wdp\/wp-content\/uploads\/2026\/03\/IMG_6712_k.jpg\" \/>\n\t<meta property=\"og:image:width\" content=\"800\" \/>\n\t<meta property=\"og:image:height\" content=\"600\" \/>\n\t<meta property=\"og:image:type\" content=\"image\/jpeg\" \/>\n<meta name=\"twitter:card\" content=\"summary_large_image\" \/>\n<meta name=\"twitter:label1\" content=\"Gesch\u00e4tzte Lesezeit\" \/>\n\t<meta name=\"twitter:data1\" content=\"4\u00a0Minuten\" \/>\n<script type=\"application\/ld+json\" class=\"yoast-schema-graph\">{\"@context\":\"https:\\\/\\\/schema.org\",\"@graph\":[{\"@type\":\"WebPage\",\"@id\":\"https:\\\/\\\/bakh.de\\\/wdp\\\/\",\"url\":\"https:\\\/\\\/bakh.de\\\/wdp\\\/\",\"name\":\"B\u00fcrgeraktion Korber H\u00f6he e. V.\",\"isPartOf\":{\"@id\":\"https:\\\/\\\/bakh.de\\\/wdp\\\/#website\"},\"primaryImageOfPage\":{\"@id\":\"https:\\\/\\\/bakh.de\\\/wdp\\\/#primaryimage\"},\"image\":{\"@id\":\"https:\\\/\\\/bakh.de\\\/wdp\\\/#primaryimage\"},\"thumbnailUrl\":\"https:\\\/\\\/bakh.de\\\/wdp\\\/wp-content\\\/uploads\\\/2026\\\/03\\\/IMG_6712_k.jpg\",\"datePublished\":\"2012-06-10T18:16:29+00:00\",\"dateModified\":\"2026-03-16T15:22:22+00:00\",\"description\":\"Die B\u00fcrgeraktion Korber H\u00f6he e. V. ist eine Interessengemeinschaft der Bewohner des Stadtteils Korber H\u00f6he in Waiblingen\",\"breadcrumb\":{\"@id\":\"https:\\\/\\\/bakh.de\\\/wdp\\\/#breadcrumb\"},\"inLanguage\":\"de\",\"potentialAction\":[{\"@type\":\"ReadAction\",\"target\":[\"https:\\\/\\\/bakh.de\\\/wdp\\\/\"]}]},{\"@type\":\"ImageObject\",\"inLanguage\":\"de\",\"@id\":\"https:\\\/\\\/bakh.de\\\/wdp\\\/#primaryimage\",\"url\":\"https:\\\/\\\/bakh.de\\\/wdp\\\/wp-content\\\/uploads\\\/2026\\\/03\\\/IMG_6712_k.jpg\",\"contentUrl\":\"https:\\\/\\\/bakh.de\\\/wdp\\\/wp-content\\\/uploads\\\/2026\\\/03\\\/IMG_6712_k.jpg\",\"width\":800,\"height\":600},{\"@type\":\"BreadcrumbList\",\"@id\":\"https:\\\/\\\/bakh.de\\\/wdp\\\/#breadcrumb\",\"itemListElement\":[{\"@type\":\"ListItem\",\"position\":1,\"name\":\"Startseite\",\"item\":\"https:\\\/\\\/bakh.de\\\/wdp\\\/\"},{\"@type\":\"ListItem\",\"position\":2,\"name\":\"Willkommen auf der Korber H\u00f6he\"}]},{\"@type\":\"WebSite\",\"@id\":\"https:\\\/\\\/bakh.de\\\/wdp\\\/#website\",\"url\":\"https:\\\/\\\/bakh.de\\\/wdp\\\/\",\"name\":\"B\u00fcrgeraktion Korber H\u00f6he e. V.\",\"description\":\"\",\"publisher\":{\"@id\":\"https:\\\/\\\/bakh.de\\\/wdp\\\/#organization\"},\"potentialAction\":[{\"@type\":\"SearchAction\",\"target\":{\"@type\":\"EntryPoint\",\"urlTemplate\":\"https:\\\/\\\/bakh.de\\\/wdp\\\/?s={search_term_string}\"},\"query-input\":{\"@type\":\"PropertyValueSpecification\",\"valueRequired\":true,\"valueName\":\"search_term_string\"}}],\"inLanguage\":\"de\"},{\"@type\":\"Organization\",\"@id\":\"https:\\\/\\\/bakh.de\\\/wdp\\\/#organization\",\"name\":\"B\u00fcrgeraktion Korber H\u00f6he e. V.\",\"url\":\"https:\\\/\\\/bakh.de\\\/wdp\\\/\",\"logo\":{\"@type\":\"ImageObject\",\"inLanguage\":\"de\",\"@id\":\"https:\\\/\\\/bakh.de\\\/wdp\\\/#\\\/schema\\\/logo\\\/image\\\/\",\"url\":\"https:\\\/\\\/bakh.de\\\/wdp\\\/wp-content\\\/uploads\\\/2025\\\/11\\\/BAKH_Logo_4c_512.jpg\",\"contentUrl\":\"https:\\\/\\\/bakh.de\\\/wdp\\\/wp-content\\\/uploads\\\/2025\\\/11\\\/BAKH_Logo_4c_512.jpg\",\"width\":516,\"height\":518,\"caption\":\"B\u00fcrgeraktion Korber H\u00f6he e. V.\"},\"image\":{\"@id\":\"https:\\\/\\\/bakh.de\\\/wdp\\\/#\\\/schema\\\/logo\\\/image\\\/\"}}]}<\/script>\n<!-- \/ Yoast SEO plugin. -->","yoast_head_json":{"title":"B\u00fcrgeraktion Korber H\u00f6he e. V.","description":"Die B\u00fcrgeraktion Korber H\u00f6he e. V. ist eine Interessengemeinschaft der Bewohner des Stadtteils Korber H\u00f6he in Waiblingen","robots":{"index":"index","follow":"follow","max-snippet":"max-snippet:-1","max-image-preview":"max-image-preview:large","max-video-preview":"max-video-preview:-1"},"canonical":"https:\/\/bakh.de\/wdp\/","og_locale":"de_DE","og_type":"article","og_title":"B\u00fcrgeraktion Korber H\u00f6he e. V.","og_description":"Die B\u00fcrgeraktion Korber H\u00f6he e. V. ist eine Interessengemeinschaft der Bewohner des Stadtteils Korber H\u00f6he in Waiblingen","og_url":"https:\/\/bakh.de\/wdp\/","og_site_name":"B\u00fcrgeraktion Korber H\u00f6he e. V.","article_modified_time":"2026-03-16T15:22:22+00:00","og_image":[{"width":800,"height":600,"url":"https:\/\/bakh.de\/wdp\/wp-content\/uploads\/2026\/03\/IMG_6712_k.jpg","type":"image\/jpeg"}],"twitter_card":"summary_large_image","twitter_misc":{"Gesch\u00e4tzte Lesezeit":"4\u00a0Minuten"},"schema":{"@context":"https:\/\/schema.org","@graph":[{"@type":"WebPage","@id":"https:\/\/bakh.de\/wdp\/","url":"https:\/\/bakh.de\/wdp\/","name":"B\u00fcrgeraktion Korber H\u00f6he e. V.","isPartOf":{"@id":"https:\/\/bakh.de\/wdp\/#website"},"primaryImageOfPage":{"@id":"https:\/\/bakh.de\/wdp\/#primaryimage"},"image":{"@id":"https:\/\/bakh.de\/wdp\/#primaryimage"},"thumbnailUrl":"https:\/\/bakh.de\/wdp\/wp-content\/uploads\/2026\/03\/IMG_6712_k.jpg","datePublished":"2012-06-10T18:16:29+00:00","dateModified":"2026-03-16T15:22:22+00:00","description":"Die B\u00fcrgeraktion Korber H\u00f6he e. V. ist eine Interessengemeinschaft der Bewohner des Stadtteils Korber H\u00f6he in Waiblingen","breadcrumb":{"@id":"https:\/\/bakh.de\/wdp\/#breadcrumb"},"inLanguage":"de","potentialAction":[{"@type":"ReadAction","target":["https:\/\/bakh.de\/wdp\/"]}]},{"@type":"ImageObject","inLanguage":"de","@id":"https:\/\/bakh.de\/wdp\/#primaryimage","url":"https:\/\/bakh.de\/wdp\/wp-content\/uploads\/2026\/03\/IMG_6712_k.jpg","contentUrl":"https:\/\/bakh.de\/wdp\/wp-content\/uploads\/2026\/03\/IMG_6712_k.jpg","width":800,"height":600},{"@type":"BreadcrumbList","@id":"https:\/\/bakh.de\/wdp\/#breadcrumb","itemListElement":[{"@type":"ListItem","position":1,"name":"Startseite","item":"https:\/\/bakh.de\/wdp\/"},{"@type":"ListItem","position":2,"name":"Willkommen auf der Korber H\u00f6he"}]},{"@type":"WebSite","@id":"https:\/\/bakh.de\/wdp\/#website","url":"https:\/\/bakh.de\/wdp\/","name":"B\u00fcrgeraktion Korber H\u00f6he e. V.","description":"","publisher":{"@id":"https:\/\/bakh.de\/wdp\/#organization"},"potentialAction":[{"@type":"SearchAction","target":{"@type":"EntryPoint","urlTemplate":"https:\/\/bakh.de\/wdp\/?s={search_term_string}"},"query-input":{"@type":"PropertyValueSpecification","valueRequired":true,"valueName":"search_term_string"}}],"inLanguage":"de"},{"@type":"Organization","@id":"https:\/\/bakh.de\/wdp\/#organization","name":"B\u00fcrgeraktion Korber H\u00f6he e. V.","url":"https:\/\/bakh.de\/wdp\/","logo":{"@type":"ImageObject","inLanguage":"de","@id":"https:\/\/bakh.de\/wdp\/#\/schema\/logo\/image\/","url":"https:\/\/bakh.de\/wdp\/wp-content\/uploads\/2025\/11\/BAKH_Logo_4c_512.jpg","contentUrl":"https:\/\/bakh.de\/wdp\/wp-content\/uploads\/2025\/11\/BAKH_Logo_4c_512.jpg","width":516,"height":518,"caption":"B\u00fcrgeraktion Korber H\u00f6he e. V."},"image":{"@id":"https:\/\/bakh.de\/wdp\/#\/schema\/logo\/image\/"}}]}},"_links":{"self":[{"href":"https:\/\/bakh.de\/wdp\/wp-json\/wp\/v2\/pages\/678","targetHints":{"allow":["GET"]}}],"collection":[{"href":"https:\/\/bakh.de\/wdp\/wp-json\/wp\/v2\/pages"}],"about":[{"href":"https:\/\/bakh.de\/wdp\/wp-json\/wp\/v2\/types\/page"}],"author":[{"embeddable":true,"href":"https:\/\/bakh.de\/wdp\/wp-json\/wp\/v2\/users\/3"}],"replies":[{"embeddable":true,"href":"https:\/\/bakh.de\/wdp\/wp-json\/wp\/v2\/comments?post=678"}],"version-history":[{"count":661,"href":"https:\/\/bakh.de\/wdp\/wp-json\/wp\/v2\/pages\/678\/revisions"}],"predecessor-version":[{"id":7605,"href":"https:\/\/bakh.de\/wdp\/wp-json\/wp\/v2\/pages\/678\/revisions\/7605"}],"wp:attachment":[{"href":"https:\/\/bakh.de\/wdp\/wp-json\/wp\/v2\/media?parent=678"}],"curies":[{"name":"wp","href":"https:\/\/api.w.org\/{rel}","templated":true}]}}