{"id":6518,"date":"2024-02-19T16:51:11","date_gmt":"2024-02-19T15:51:11","guid":{"rendered":"https:\/\/bakh.de\/wdp\/?page_id=6518"},"modified":"2024-02-19T16:58:18","modified_gmt":"2024-02-19T15:58:18","slug":"bildergalerie","status":"publish","type":"page","link":"https:\/\/bakh.de\/wdp\/bildergalerie\/","title":{"rendered":"Bildergalerie"},"content":{"rendered":"\n<h3 class=\"wp-block-heading\"><a href=\"https:\/\/bakh.de\/wdp\/bildergalerien\/30-jahre-korber-hohe-treff\/\">30 Jahre Korber-H\u00f6he-Treff<\/a><\/h3>\n\n\n\n<div class=\"wp-block-media-text is-stacked-on-mobile\"><figure class=\"wp-block-media-text__media\"><img loading=\"lazy\" decoding=\"async\" width=\"800\" height=\"600\" src=\"https:\/\/bakh.de\/wdp\/wp-content\/uploads\/2024\/01\/kohoe30_4.jpg\" alt=\"\" class=\"wp-image-6531 size-full\" srcset=\"https:\/\/bakh.de\/wdp\/wp-content\/uploads\/2024\/01\/kohoe30_4.jpg 800w, https:\/\/bakh.de\/wdp\/wp-content\/uploads\/2024\/01\/kohoe30_4-400x300.jpg 400w, https:\/\/bakh.de\/wdp\/wp-content\/uploads\/2024\/01\/kohoe30_4-768x576.jpg 768w\" sizes=\"auto, (max-width: 800px) 100vw, 800px\" \/><\/figure><div class=\"wp-block-media-text__content\">\n<p>Jubil\u00e4um 30 Jahre Korber-H\u00f6he-Treff am <br>13. November 2010<\/p>\n<\/div><\/div>\n\n\n\n<h3 class=\"wp-block-heading\"><a href=\"https:\/\/bakh.de\/wdp\/jubilaeum-40-jahre-buergeraktion\/\">Jubil\u00e4um 40 Jahre B\u00fcrgeraktion<\/a><\/h3>\n\n\n\n<div class=\"wp-block-media-text is-stacked-on-mobile\"><figure class=\"wp-block-media-text__media\"><a href=\"https:\/\/bakh.de\/wdp\/jubilaeum-40-jahre-buergeraktion\/\"><img loading=\"lazy\" decoding=\"async\" width=\"800\" height=\"600\" src=\"https:\/\/bakh.de\/wdp\/wp-content\/uploads\/2024\/01\/k-IMG_5359_25.jpg\" alt=\"\" class=\"wp-image-6522 size-full\" srcset=\"https:\/\/bakh.de\/wdp\/wp-content\/uploads\/2024\/01\/k-IMG_5359_25.jpg 800w, https:\/\/bakh.de\/wdp\/wp-content\/uploads\/2024\/01\/k-IMG_5359_25-400x300.jpg 400w, https:\/\/bakh.de\/wdp\/wp-content\/uploads\/2024\/01\/k-IMG_5359_25-768x576.jpg 768w\" sizes=\"auto, (max-width: 800px) 100vw, 800px\" \/><\/a><\/figure><div class=\"wp-block-media-text__content\">\n<p>Jubil\u00e4umsfeier 40 Jahre B\u00fcrgeraktion am 14. November 2015<\/p>\n\n\n\n<p><\/p>\n<\/div><\/div>\n\n\n\n<h3 class=\"wp-block-heading\"><a href=\"https:\/\/bakh.de\/wdp\/bildergalerien\/finkenberg-2010\/\">Finkenberg 2010<\/a><\/h3>\n\n\n\n<div class=\"wp-block-media-text is-stacked-on-mobile\"><figure class=\"wp-block-media-text__media\"><img loading=\"lazy\" decoding=\"async\" width=\"800\" height=\"600\" src=\"https:\/\/bakh.de\/wdp\/wp-content\/uploads\/2024\/01\/k-2010-07-finkenberg-011.jpg\" alt=\"\" class=\"wp-image-6532 size-full\" srcset=\"https:\/\/bakh.de\/wdp\/wp-content\/uploads\/2024\/01\/k-2010-07-finkenberg-011.jpg 800w, https:\/\/bakh.de\/wdp\/wp-content\/uploads\/2024\/01\/k-2010-07-finkenberg-011-400x300.jpg 400w, https:\/\/bakh.de\/wdp\/wp-content\/uploads\/2024\/01\/k-2010-07-finkenberg-011-768x576.jpg 768w\" sizes=\"auto, (max-width: 800px) 100vw, 800px\" \/><\/figure><div class=\"wp-block-media-text__content\">\n<p>Begehung auf dem Finkenberg im Sommer  2010 mit Baub\u00fcrgermeisterin Birgit Priebe, Werner Bossler vom Gr\u00fcnfl\u00e4chenamt und Frieder Bayer<\/p>\n<\/div><\/div>\n\n\n\n<h3 class=\"wp-block-heading\"><a href=\"https:\/\/bakh.de\/wdp\/bildergalerien\/finkenberg_2011\/\">Finkenberg 2011<\/a><\/h3>\n\n\n\n<div class=\"wp-block-media-text is-stacked-on-mobile\"><figure class=\"wp-block-media-text__media\"><img loading=\"lazy\" decoding=\"async\" width=\"800\" height=\"533\" src=\"https:\/\/bakh.de\/wdp\/wp-content\/uploads\/2024\/01\/2011-07-finkbg-hock-008.jpg\" alt=\"\" class=\"wp-image-6533 size-full\" srcset=\"https:\/\/bakh.de\/wdp\/wp-content\/uploads\/2024\/01\/2011-07-finkbg-hock-008.jpg 800w, https:\/\/bakh.de\/wdp\/wp-content\/uploads\/2024\/01\/2011-07-finkbg-hock-008-400x267.jpg 400w, https:\/\/bakh.de\/wdp\/wp-content\/uploads\/2024\/01\/2011-07-finkbg-hock-008-768x512.jpg 768w\" sizes=\"auto, (max-width: 800px) 100vw, 800px\" \/><\/figure><div class=\"wp-block-media-text__content\">\n<p>Finkenberg Hocketse am 8. 7. 2011 mit Werner Bossler vom Gr\u00fcnfl\u00e4chenamt<\/p>\n<\/div><\/div>\n\n\n\n<h3 class=\"wp-block-heading\"><a href=\"https:\/\/bakh.de\/wdp\/bildergalerien\/eritrea\/\">Eritrea<\/a><\/h3>\n\n\n\n<div class=\"wp-block-media-text is-stacked-on-mobile\"><figure class=\"wp-block-media-text__media\"><img loading=\"lazy\" decoding=\"async\" width=\"800\" height=\"600\" src=\"https:\/\/bakh.de\/wdp\/wp-content\/uploads\/2024\/01\/k-gast-b-d-eritreern-002_0.jpg\" alt=\"\" class=\"wp-image-6535 size-full\" srcset=\"https:\/\/bakh.de\/wdp\/wp-content\/uploads\/2024\/01\/k-gast-b-d-eritreern-002_0.jpg 800w, https:\/\/bakh.de\/wdp\/wp-content\/uploads\/2024\/01\/k-gast-b-d-eritreern-002_0-400x300.jpg 400w, https:\/\/bakh.de\/wdp\/wp-content\/uploads\/2024\/01\/k-gast-b-d-eritreern-002_0-768x576.jpg 768w\" sizes=\"auto, (max-width: 800px) 100vw, 800px\" \/><\/figure><div class=\"wp-block-media-text__content\">\n<p>Veranstaltung &#8222;Gemeinsam auf der Korber H\u00f6he&#8220;.<br>Zu Gast bei den Eritreern im M\u00e4rz 2009<\/p>\n<\/div><\/div>\n","protected":false},"excerpt":{"rendered":"<p>30 Jahre Korber-H\u00f6he-Treff Jubil\u00e4um 30 Jahre Korber-H\u00f6he-Treff am 13. November 2010 Jubil\u00e4um 40 Jahre B\u00fcrgeraktion Jubil\u00e4umsfeier 40 Jahre B\u00fcrgeraktion am 14. November 2015 Finkenberg 2010 Begehung auf dem Finkenberg im Sommer 2010 mit Baub\u00fcrgermeisterin Birgit Priebe, Werner Bossler vom Gr\u00fcnfl\u00e4chenamt und Frieder Bayer Finkenberg 2011 Finkenberg Hocketse am 8. 7. 2011 mit Werner Bossler vom [&hellip;]<\/p>\n","protected":false},"author":3,"featured_media":0,"parent":0,"menu_order":0,"comment_status":"closed","ping_status":"closed","template":"","meta":{"ngg_post_thumbnail":0,"_mc_calendar":[],"footnotes":""},"class_list":["post-6518","page","type-page","status-publish","hentry"],"yoast_head":"<!-- This site is optimized with the Yoast SEO plugin v27.3 - https:\/\/yoast.com\/product\/yoast-seo-wordpress\/ -->\n<title>Bildergalerie - B\u00fcrgeraktion Korber H\u00f6he e. V.<\/title>\n<meta name=\"description\" content=\"\u00c4ltere Bildergalerien: 30 Jahre Korber-H\u00f6he-Treff, 40 Jahre B\u00fcrgeraktion, Finkenbergfeste 2010 und 2011, Eritrea\" \/>\n<meta name=\"robots\" content=\"index, follow, max-snippet:-1, max-image-preview:large, max-video-preview:-1\" \/>\n<link rel=\"canonical\" href=\"https:\/\/bakh.de\/wdp\/bildergalerie\/\" \/>\n<meta property=\"og:locale\" content=\"de_DE\" \/>\n<meta property=\"og:type\" content=\"article\" \/>\n<meta property=\"og:title\" content=\"Bildergalerie - B\u00fcrgeraktion Korber H\u00f6he e. V.\" \/>\n<meta property=\"og:description\" content=\"\u00c4ltere Bildergalerien: 30 Jahre Korber-H\u00f6he-Treff, 40 Jahre B\u00fcrgeraktion, Finkenbergfeste 2010 und 2011, Eritrea\" \/>\n<meta property=\"og:url\" content=\"https:\/\/bakh.de\/wdp\/bildergalerie\/\" \/>\n<meta property=\"og:site_name\" content=\"B\u00fcrgeraktion Korber H\u00f6he e. V.\" \/>\n<meta property=\"article:modified_time\" content=\"2024-02-19T15:58:18+00:00\" \/>\n<meta property=\"og:image\" content=\"https:\/\/bakh.de\/wdp\/wp-content\/uploads\/2024\/01\/kohoe30_4.jpg\" \/>\n<meta name=\"twitter:card\" content=\"summary_large_image\" \/>\n<meta name=\"twitter:label1\" content=\"Gesch\u00e4tzte Lesezeit\" \/>\n\t<meta name=\"twitter:data1\" content=\"2\u00a0Minuten\" \/>\n<script type=\"application\/ld+json\" class=\"yoast-schema-graph\">{\"@context\":\"https:\\\/\\\/schema.org\",\"@graph\":[{\"@type\":\"WebPage\",\"@id\":\"https:\\\/\\\/bakh.de\\\/wdp\\\/bildergalerie\\\/\",\"url\":\"https:\\\/\\\/bakh.de\\\/wdp\\\/bildergalerie\\\/\",\"name\":\"Bildergalerie - B\u00fcrgeraktion Korber H\u00f6he e. V.\",\"isPartOf\":{\"@id\":\"https:\\\/\\\/bakh.de\\\/wdp\\\/#website\"},\"primaryImageOfPage\":{\"@id\":\"https:\\\/\\\/bakh.de\\\/wdp\\\/bildergalerie\\\/#primaryimage\"},\"image\":{\"@id\":\"https:\\\/\\\/bakh.de\\\/wdp\\\/bildergalerie\\\/#primaryimage\"},\"thumbnailUrl\":\"https:\\\/\\\/bakh.de\\\/wdp\\\/wp-content\\\/uploads\\\/2024\\\/01\\\/kohoe30_4.jpg\",\"datePublished\":\"2024-02-19T15:51:11+00:00\",\"dateModified\":\"2024-02-19T15:58:18+00:00\",\"description\":\"\u00c4ltere Bildergalerien: 30 Jahre Korber-H\u00f6he-Treff, 40 Jahre B\u00fcrgeraktion, Finkenbergfeste 2010 und 2011, Eritrea\",\"breadcrumb\":{\"@id\":\"https:\\\/\\\/bakh.de\\\/wdp\\\/bildergalerie\\\/#breadcrumb\"},\"inLanguage\":\"de\",\"potentialAction\":[{\"@type\":\"ReadAction\",\"target\":[\"https:\\\/\\\/bakh.de\\\/wdp\\\/bildergalerie\\\/\"]}]},{\"@type\":\"ImageObject\",\"inLanguage\":\"de\",\"@id\":\"https:\\\/\\\/bakh.de\\\/wdp\\\/bildergalerie\\\/#primaryimage\",\"url\":\"https:\\\/\\\/bakh.de\\\/wdp\\\/wp-content\\\/uploads\\\/2024\\\/01\\\/kohoe30_4.jpg\",\"contentUrl\":\"https:\\\/\\\/bakh.de\\\/wdp\\\/wp-content\\\/uploads\\\/2024\\\/01\\\/kohoe30_4.jpg\",\"width\":800,\"height\":600},{\"@type\":\"BreadcrumbList\",\"@id\":\"https:\\\/\\\/bakh.de\\\/wdp\\\/bildergalerie\\\/#breadcrumb\",\"itemListElement\":[{\"@type\":\"ListItem\",\"position\":1,\"name\":\"Startseite\",\"item\":\"https:\\\/\\\/bakh.de\\\/wdp\\\/\"},{\"@type\":\"ListItem\",\"position\":2,\"name\":\"Bildergalerie\"}]},{\"@type\":\"WebSite\",\"@id\":\"https:\\\/\\\/bakh.de\\\/wdp\\\/#website\",\"url\":\"https:\\\/\\\/bakh.de\\\/wdp\\\/\",\"name\":\"B\u00fcrgeraktion Korber H\u00f6he e. V.\",\"description\":\"\",\"publisher\":{\"@id\":\"https:\\\/\\\/bakh.de\\\/wdp\\\/#organization\"},\"potentialAction\":[{\"@type\":\"SearchAction\",\"target\":{\"@type\":\"EntryPoint\",\"urlTemplate\":\"https:\\\/\\\/bakh.de\\\/wdp\\\/?s={search_term_string}\"},\"query-input\":{\"@type\":\"PropertyValueSpecification\",\"valueRequired\":true,\"valueName\":\"search_term_string\"}}],\"inLanguage\":\"de\"},{\"@type\":\"Organization\",\"@id\":\"https:\\\/\\\/bakh.de\\\/wdp\\\/#organization\",\"name\":\"B\u00fcrgeraktion Korber H\u00f6he e. V.\",\"url\":\"https:\\\/\\\/bakh.de\\\/wdp\\\/\",\"logo\":{\"@type\":\"ImageObject\",\"inLanguage\":\"de\",\"@id\":\"https:\\\/\\\/bakh.de\\\/wdp\\\/#\\\/schema\\\/logo\\\/image\\\/\",\"url\":\"https:\\\/\\\/bakh.de\\\/wdp\\\/wp-content\\\/uploads\\\/2025\\\/11\\\/BAKH_Logo_4c_512.jpg\",\"contentUrl\":\"https:\\\/\\\/bakh.de\\\/wdp\\\/wp-content\\\/uploads\\\/2025\\\/11\\\/BAKH_Logo_4c_512.jpg\",\"width\":516,\"height\":518,\"caption\":\"B\u00fcrgeraktion Korber H\u00f6he e. V.\"},\"image\":{\"@id\":\"https:\\\/\\\/bakh.de\\\/wdp\\\/#\\\/schema\\\/logo\\\/image\\\/\"}}]}<\/script>\n<!-- \/ Yoast SEO plugin. -->","yoast_head_json":{"title":"Bildergalerie - B\u00fcrgeraktion Korber H\u00f6he e. V.","description":"\u00c4ltere Bildergalerien: 30 Jahre Korber-H\u00f6he-Treff, 40 Jahre B\u00fcrgeraktion, Finkenbergfeste 2010 und 2011, Eritrea","robots":{"index":"index","follow":"follow","max-snippet":"max-snippet:-1","max-image-preview":"max-image-preview:large","max-video-preview":"max-video-preview:-1"},"canonical":"https:\/\/bakh.de\/wdp\/bildergalerie\/","og_locale":"de_DE","og_type":"article","og_title":"Bildergalerie - B\u00fcrgeraktion Korber H\u00f6he e. V.","og_description":"\u00c4ltere Bildergalerien: 30 Jahre Korber-H\u00f6he-Treff, 40 Jahre B\u00fcrgeraktion, Finkenbergfeste 2010 und 2011, Eritrea","og_url":"https:\/\/bakh.de\/wdp\/bildergalerie\/","og_site_name":"B\u00fcrgeraktion Korber H\u00f6he e. V.","article_modified_time":"2024-02-19T15:58:18+00:00","og_image":[{"url":"https:\/\/bakh.de\/wdp\/wp-content\/uploads\/2024\/01\/kohoe30_4.jpg","type":"","width":"","height":""}],"twitter_card":"summary_large_image","twitter_misc":{"Gesch\u00e4tzte Lesezeit":"2\u00a0Minuten"},"schema":{"@context":"https:\/\/schema.org","@graph":[{"@type":"WebPage","@id":"https:\/\/bakh.de\/wdp\/bildergalerie\/","url":"https:\/\/bakh.de\/wdp\/bildergalerie\/","name":"Bildergalerie - B\u00fcrgeraktion Korber H\u00f6he e. V.","isPartOf":{"@id":"https:\/\/bakh.de\/wdp\/#website"},"primaryImageOfPage":{"@id":"https:\/\/bakh.de\/wdp\/bildergalerie\/#primaryimage"},"image":{"@id":"https:\/\/bakh.de\/wdp\/bildergalerie\/#primaryimage"},"thumbnailUrl":"https:\/\/bakh.de\/wdp\/wp-content\/uploads\/2024\/01\/kohoe30_4.jpg","datePublished":"2024-02-19T15:51:11+00:00","dateModified":"2024-02-19T15:58:18+00:00","description":"\u00c4ltere Bildergalerien: 30 Jahre Korber-H\u00f6he-Treff, 40 Jahre B\u00fcrgeraktion, Finkenbergfeste 2010 und 2011, Eritrea","breadcrumb":{"@id":"https:\/\/bakh.de\/wdp\/bildergalerie\/#breadcrumb"},"inLanguage":"de","potentialAction":[{"@type":"ReadAction","target":["https:\/\/bakh.de\/wdp\/bildergalerie\/"]}]},{"@type":"ImageObject","inLanguage":"de","@id":"https:\/\/bakh.de\/wdp\/bildergalerie\/#primaryimage","url":"https:\/\/bakh.de\/wdp\/wp-content\/uploads\/2024\/01\/kohoe30_4.jpg","contentUrl":"https:\/\/bakh.de\/wdp\/wp-content\/uploads\/2024\/01\/kohoe30_4.jpg","width":800,"height":600},{"@type":"BreadcrumbList","@id":"https:\/\/bakh.de\/wdp\/bildergalerie\/#breadcrumb","itemListElement":[{"@type":"ListItem","position":1,"name":"Startseite","item":"https:\/\/bakh.de\/wdp\/"},{"@type":"ListItem","position":2,"name":"Bildergalerie"}]},{"@type":"WebSite","@id":"https:\/\/bakh.de\/wdp\/#website","url":"https:\/\/bakh.de\/wdp\/","name":"B\u00fcrgeraktion Korber H\u00f6he e. V.","description":"","publisher":{"@id":"https:\/\/bakh.de\/wdp\/#organization"},"potentialAction":[{"@type":"SearchAction","target":{"@type":"EntryPoint","urlTemplate":"https:\/\/bakh.de\/wdp\/?s={search_term_string}"},"query-input":{"@type":"PropertyValueSpecification","valueRequired":true,"valueName":"search_term_string"}}],"inLanguage":"de"},{"@type":"Organization","@id":"https:\/\/bakh.de\/wdp\/#organization","name":"B\u00fcrgeraktion Korber H\u00f6he e. V.","url":"https:\/\/bakh.de\/wdp\/","logo":{"@type":"ImageObject","inLanguage":"de","@id":"https:\/\/bakh.de\/wdp\/#\/schema\/logo\/image\/","url":"https:\/\/bakh.de\/wdp\/wp-content\/uploads\/2025\/11\/BAKH_Logo_4c_512.jpg","contentUrl":"https:\/\/bakh.de\/wdp\/wp-content\/uploads\/2025\/11\/BAKH_Logo_4c_512.jpg","width":516,"height":518,"caption":"B\u00fcrgeraktion Korber H\u00f6he e. V."},"image":{"@id":"https:\/\/bakh.de\/wdp\/#\/schema\/logo\/image\/"}}]}},"_links":{"self":[{"href":"https:\/\/bakh.de\/wdp\/wp-json\/wp\/v2\/pages\/6518","targetHints":{"allow":["GET"]}}],"collection":[{"href":"https:\/\/bakh.de\/wdp\/wp-json\/wp\/v2\/pages"}],"about":[{"href":"https:\/\/bakh.de\/wdp\/wp-json\/wp\/v2\/types\/page"}],"author":[{"embeddable":true,"href":"https:\/\/bakh.de\/wdp\/wp-json\/wp\/v2\/users\/3"}],"replies":[{"embeddable":true,"href":"https:\/\/bakh.de\/wdp\/wp-json\/wp\/v2\/comments?post=6518"}],"version-history":[{"count":8,"href":"https:\/\/bakh.de\/wdp\/wp-json\/wp\/v2\/pages\/6518\/revisions"}],"predecessor-version":[{"id":6611,"href":"https:\/\/bakh.de\/wdp\/wp-json\/wp\/v2\/pages\/6518\/revisions\/6611"}],"wp:attachment":[{"href":"https:\/\/bakh.de\/wdp\/wp-json\/wp\/v2\/media?parent=6518"}],"curies":[{"name":"wp","href":"https:\/\/api.w.org\/{rel}","templated":true}]}}