{"id":400,"date":"2012-03-10T16:06:07","date_gmt":"2012-03-10T16:06:07","guid":{"rendered":"http:\/\/bakh.de\/wdp\/?page_id=400"},"modified":"2025-11-25T15:22:03","modified_gmt":"2025-11-25T14:22:03","slug":"fotogruppe","status":"publish","type":"page","link":"https:\/\/bakh.de\/wdp\/neigungsgruppen\/fotogruppe\/","title":{"rendered":"Fotogruppe"},"content":{"rendered":"<div class=\"wp-block-image\">\n<figure class=\"aligncenter\"><a href=\"http:\/\/bakh.de\/wdp\/wp-content\/uploads\/2012\/03\/k-Foto-Gruppe-3.jpg\"><img loading=\"lazy\" decoding=\"async\" width=\"300\" height=\"239\" src=\"http:\/\/bakh.de\/wdp\/wp-content\/uploads\/2012\/03\/k-Foto-Gruppe-3-300x239.jpg\" alt=\"\" class=\"wp-image-659\" title=\"k-Foto-Gruppe-3\" srcset=\"https:\/\/bakh.de\/wdp\/wp-content\/uploads\/2012\/03\/k-Foto-Gruppe-3-300x239.jpg 300w, https:\/\/bakh.de\/wdp\/wp-content\/uploads\/2012\/03\/k-Foto-Gruppe-3.jpg 763w\" sizes=\"auto, (max-width: 300px) 100vw, 300px\" \/><\/a><\/figure>\n<\/div>\n\n\n<p class=\"has-text-align-left\"><\/p>\n\n\n\n<p>Die Fotogruppe der B\u00fcrgeraktion Korber H\u00f6he e. V. trifft sich am letzten Mittwoch im Monat um 20:00 Uhr im <a href=\"https:\/\/bakh.de\/wdp\/verein\/korber-hohe-treff\/\">Korber-H\u00f6he-Treff<\/a>.<\/p>\n\n\n\n<p>&nbsp;<\/p>\n\n\n\n<p>&nbsp;<\/p>\n","protected":false},"excerpt":{"rendered":"<p>Die Fotogruppe der B\u00fcrgeraktion Korber H\u00f6he e. V. trifft sich am letzten Mittwoch im Monat um 20:00 Uhr im Korber-H\u00f6he-Treff. &nbsp; &nbsp;<\/p>\n","protected":false},"author":3,"featured_media":0,"parent":21,"menu_order":0,"comment_status":"closed","ping_status":"closed","template":"","meta":{"ngg_post_thumbnail":0,"_mc_calendar":[],"footnotes":""},"class_list":["post-400","page","type-page","status-publish","hentry"],"yoast_head":"<!-- This site is optimized with the Yoast SEO plugin v27.3 - https:\/\/yoast.com\/product\/yoast-seo-wordpress\/ -->\n<title>Fotogruppe - B\u00fcrgeraktion Korber H\u00f6he e. V.<\/title>\n<meta name=\"description\" content=\"Fotogruppe der B\u00fcrgeraktion Korber H\u00f6he e. V. trifft sich am letzten Mittwoch im Monat im Korber-H\u00f6he-Treff.\" \/>\n<meta name=\"robots\" content=\"index, follow, max-snippet:-1, max-image-preview:large, max-video-preview:-1\" \/>\n<link rel=\"canonical\" href=\"https:\/\/bakh.de\/wdp\/neigungsgruppen\/fotogruppe\/\" \/>\n<meta property=\"og:locale\" content=\"de_DE\" \/>\n<meta property=\"og:type\" content=\"article\" \/>\n<meta property=\"og:title\" content=\"Fotogruppe - B\u00fcrgeraktion Korber H\u00f6he e. V.\" \/>\n<meta property=\"og:description\" content=\"Fotogruppe der B\u00fcrgeraktion Korber H\u00f6he e. V. trifft sich am letzten Mittwoch im Monat im Korber-H\u00f6he-Treff.\" \/>\n<meta property=\"og:url\" content=\"https:\/\/bakh.de\/wdp\/neigungsgruppen\/fotogruppe\/\" \/>\n<meta property=\"og:site_name\" content=\"B\u00fcrgeraktion Korber H\u00f6he e. V.\" \/>\n<meta property=\"article:modified_time\" content=\"2025-11-25T14:22:03+00:00\" \/>\n<meta property=\"og:image\" content=\"https:\/\/bakh.de\/wdp\/wp-content\/uploads\/2012\/03\/k-Foto-Gruppe-3.jpg\" \/>\n\t<meta property=\"og:image:width\" content=\"763\" \/>\n\t<meta property=\"og:image:height\" content=\"610\" \/>\n\t<meta property=\"og:image:type\" content=\"image\/jpeg\" \/>\n<meta name=\"twitter:card\" content=\"summary_large_image\" \/>\n<meta name=\"twitter:label1\" content=\"Gesch\u00e4tzte Lesezeit\" \/>\n\t<meta name=\"twitter:data1\" content=\"1\u00a0Minute\" \/>\n<script type=\"application\/ld+json\" class=\"yoast-schema-graph\">{\"@context\":\"https:\\\/\\\/schema.org\",\"@graph\":[{\"@type\":\"WebPage\",\"@id\":\"https:\\\/\\\/bakh.de\\\/wdp\\\/neigungsgruppen\\\/fotogruppe\\\/\",\"url\":\"https:\\\/\\\/bakh.de\\\/wdp\\\/neigungsgruppen\\\/fotogruppe\\\/\",\"name\":\"Fotogruppe - B\u00fcrgeraktion Korber H\u00f6he e. V.\",\"isPartOf\":{\"@id\":\"https:\\\/\\\/bakh.de\\\/wdp\\\/#website\"},\"primaryImageOfPage\":{\"@id\":\"https:\\\/\\\/bakh.de\\\/wdp\\\/neigungsgruppen\\\/fotogruppe\\\/#primaryimage\"},\"image\":{\"@id\":\"https:\\\/\\\/bakh.de\\\/wdp\\\/neigungsgruppen\\\/fotogruppe\\\/#primaryimage\"},\"thumbnailUrl\":\"http:\\\/\\\/bakh.de\\\/wdp\\\/wp-content\\\/uploads\\\/2012\\\/03\\\/k-Foto-Gruppe-3-300x239.jpg\",\"datePublished\":\"2012-03-10T16:06:07+00:00\",\"dateModified\":\"2025-11-25T14:22:03+00:00\",\"description\":\"Fotogruppe der B\u00fcrgeraktion Korber H\u00f6he e. V. trifft sich am letzten Mittwoch im Monat im Korber-H\u00f6he-Treff.\",\"breadcrumb\":{\"@id\":\"https:\\\/\\\/bakh.de\\\/wdp\\\/neigungsgruppen\\\/fotogruppe\\\/#breadcrumb\"},\"inLanguage\":\"de\",\"potentialAction\":[{\"@type\":\"ReadAction\",\"target\":[\"https:\\\/\\\/bakh.de\\\/wdp\\\/neigungsgruppen\\\/fotogruppe\\\/\"]}]},{\"@type\":\"ImageObject\",\"inLanguage\":\"de\",\"@id\":\"https:\\\/\\\/bakh.de\\\/wdp\\\/neigungsgruppen\\\/fotogruppe\\\/#primaryimage\",\"url\":\"https:\\\/\\\/bakh.de\\\/wdp\\\/wp-content\\\/uploads\\\/2012\\\/03\\\/k-Foto-Gruppe-3.jpg\",\"contentUrl\":\"https:\\\/\\\/bakh.de\\\/wdp\\\/wp-content\\\/uploads\\\/2012\\\/03\\\/k-Foto-Gruppe-3.jpg\",\"width\":\"763\",\"height\":\"610\"},{\"@type\":\"BreadcrumbList\",\"@id\":\"https:\\\/\\\/bakh.de\\\/wdp\\\/neigungsgruppen\\\/fotogruppe\\\/#breadcrumb\",\"itemListElement\":[{\"@type\":\"ListItem\",\"position\":1,\"name\":\"Startseite\",\"item\":\"https:\\\/\\\/bakh.de\\\/wdp\\\/\"},{\"@type\":\"ListItem\",\"position\":2,\"name\":\"Neigungsgruppen\",\"item\":\"https:\\\/\\\/bakh.de\\\/wdp\\\/neigungsgruppen\\\/\"},{\"@type\":\"ListItem\",\"position\":3,\"name\":\"Fotogruppe\"}]},{\"@type\":\"WebSite\",\"@id\":\"https:\\\/\\\/bakh.de\\\/wdp\\\/#website\",\"url\":\"https:\\\/\\\/bakh.de\\\/wdp\\\/\",\"name\":\"B\u00fcrgeraktion Korber H\u00f6he e. V.\",\"description\":\"\",\"publisher\":{\"@id\":\"https:\\\/\\\/bakh.de\\\/wdp\\\/#organization\"},\"potentialAction\":[{\"@type\":\"SearchAction\",\"target\":{\"@type\":\"EntryPoint\",\"urlTemplate\":\"https:\\\/\\\/bakh.de\\\/wdp\\\/?s={search_term_string}\"},\"query-input\":{\"@type\":\"PropertyValueSpecification\",\"valueRequired\":true,\"valueName\":\"search_term_string\"}}],\"inLanguage\":\"de\"},{\"@type\":\"Organization\",\"@id\":\"https:\\\/\\\/bakh.de\\\/wdp\\\/#organization\",\"name\":\"B\u00fcrgeraktion Korber H\u00f6he e. V.\",\"url\":\"https:\\\/\\\/bakh.de\\\/wdp\\\/\",\"logo\":{\"@type\":\"ImageObject\",\"inLanguage\":\"de\",\"@id\":\"https:\\\/\\\/bakh.de\\\/wdp\\\/#\\\/schema\\\/logo\\\/image\\\/\",\"url\":\"https:\\\/\\\/bakh.de\\\/wdp\\\/wp-content\\\/uploads\\\/2025\\\/11\\\/BAKH_Logo_4c_512.jpg\",\"contentUrl\":\"https:\\\/\\\/bakh.de\\\/wdp\\\/wp-content\\\/uploads\\\/2025\\\/11\\\/BAKH_Logo_4c_512.jpg\",\"width\":516,\"height\":518,\"caption\":\"B\u00fcrgeraktion Korber H\u00f6he e. V.\"},\"image\":{\"@id\":\"https:\\\/\\\/bakh.de\\\/wdp\\\/#\\\/schema\\\/logo\\\/image\\\/\"}}]}<\/script>\n<!-- \/ Yoast SEO plugin. -->","yoast_head_json":{"title":"Fotogruppe - B\u00fcrgeraktion Korber H\u00f6he e. V.","description":"Fotogruppe der B\u00fcrgeraktion Korber H\u00f6he e. V. trifft sich am letzten Mittwoch im Monat im Korber-H\u00f6he-Treff.","robots":{"index":"index","follow":"follow","max-snippet":"max-snippet:-1","max-image-preview":"max-image-preview:large","max-video-preview":"max-video-preview:-1"},"canonical":"https:\/\/bakh.de\/wdp\/neigungsgruppen\/fotogruppe\/","og_locale":"de_DE","og_type":"article","og_title":"Fotogruppe - B\u00fcrgeraktion Korber H\u00f6he e. V.","og_description":"Fotogruppe der B\u00fcrgeraktion Korber H\u00f6he e. V. trifft sich am letzten Mittwoch im Monat im Korber-H\u00f6he-Treff.","og_url":"https:\/\/bakh.de\/wdp\/neigungsgruppen\/fotogruppe\/","og_site_name":"B\u00fcrgeraktion Korber H\u00f6he e. V.","article_modified_time":"2025-11-25T14:22:03+00:00","og_image":[{"width":763,"height":610,"url":"https:\/\/bakh.de\/wdp\/wp-content\/uploads\/2012\/03\/k-Foto-Gruppe-3.jpg","type":"image\/jpeg"}],"twitter_card":"summary_large_image","twitter_misc":{"Gesch\u00e4tzte Lesezeit":"1\u00a0Minute"},"schema":{"@context":"https:\/\/schema.org","@graph":[{"@type":"WebPage","@id":"https:\/\/bakh.de\/wdp\/neigungsgruppen\/fotogruppe\/","url":"https:\/\/bakh.de\/wdp\/neigungsgruppen\/fotogruppe\/","name":"Fotogruppe - B\u00fcrgeraktion Korber H\u00f6he e. V.","isPartOf":{"@id":"https:\/\/bakh.de\/wdp\/#website"},"primaryImageOfPage":{"@id":"https:\/\/bakh.de\/wdp\/neigungsgruppen\/fotogruppe\/#primaryimage"},"image":{"@id":"https:\/\/bakh.de\/wdp\/neigungsgruppen\/fotogruppe\/#primaryimage"},"thumbnailUrl":"http:\/\/bakh.de\/wdp\/wp-content\/uploads\/2012\/03\/k-Foto-Gruppe-3-300x239.jpg","datePublished":"2012-03-10T16:06:07+00:00","dateModified":"2025-11-25T14:22:03+00:00","description":"Fotogruppe der B\u00fcrgeraktion Korber H\u00f6he e. V. trifft sich am letzten Mittwoch im Monat im Korber-H\u00f6he-Treff.","breadcrumb":{"@id":"https:\/\/bakh.de\/wdp\/neigungsgruppen\/fotogruppe\/#breadcrumb"},"inLanguage":"de","potentialAction":[{"@type":"ReadAction","target":["https:\/\/bakh.de\/wdp\/neigungsgruppen\/fotogruppe\/"]}]},{"@type":"ImageObject","inLanguage":"de","@id":"https:\/\/bakh.de\/wdp\/neigungsgruppen\/fotogruppe\/#primaryimage","url":"https:\/\/bakh.de\/wdp\/wp-content\/uploads\/2012\/03\/k-Foto-Gruppe-3.jpg","contentUrl":"https:\/\/bakh.de\/wdp\/wp-content\/uploads\/2012\/03\/k-Foto-Gruppe-3.jpg","width":"763","height":"610"},{"@type":"BreadcrumbList","@id":"https:\/\/bakh.de\/wdp\/neigungsgruppen\/fotogruppe\/#breadcrumb","itemListElement":[{"@type":"ListItem","position":1,"name":"Startseite","item":"https:\/\/bakh.de\/wdp\/"},{"@type":"ListItem","position":2,"name":"Neigungsgruppen","item":"https:\/\/bakh.de\/wdp\/neigungsgruppen\/"},{"@type":"ListItem","position":3,"name":"Fotogruppe"}]},{"@type":"WebSite","@id":"https:\/\/bakh.de\/wdp\/#website","url":"https:\/\/bakh.de\/wdp\/","name":"B\u00fcrgeraktion Korber H\u00f6he e. V.","description":"","publisher":{"@id":"https:\/\/bakh.de\/wdp\/#organization"},"potentialAction":[{"@type":"SearchAction","target":{"@type":"EntryPoint","urlTemplate":"https:\/\/bakh.de\/wdp\/?s={search_term_string}"},"query-input":{"@type":"PropertyValueSpecification","valueRequired":true,"valueName":"search_term_string"}}],"inLanguage":"de"},{"@type":"Organization","@id":"https:\/\/bakh.de\/wdp\/#organization","name":"B\u00fcrgeraktion Korber H\u00f6he e. V.","url":"https:\/\/bakh.de\/wdp\/","logo":{"@type":"ImageObject","inLanguage":"de","@id":"https:\/\/bakh.de\/wdp\/#\/schema\/logo\/image\/","url":"https:\/\/bakh.de\/wdp\/wp-content\/uploads\/2025\/11\/BAKH_Logo_4c_512.jpg","contentUrl":"https:\/\/bakh.de\/wdp\/wp-content\/uploads\/2025\/11\/BAKH_Logo_4c_512.jpg","width":516,"height":518,"caption":"B\u00fcrgeraktion Korber H\u00f6he e. V."},"image":{"@id":"https:\/\/bakh.de\/wdp\/#\/schema\/logo\/image\/"}}]}},"_links":{"self":[{"href":"https:\/\/bakh.de\/wdp\/wp-json\/wp\/v2\/pages\/400","targetHints":{"allow":["GET"]}}],"collection":[{"href":"https:\/\/bakh.de\/wdp\/wp-json\/wp\/v2\/pages"}],"about":[{"href":"https:\/\/bakh.de\/wdp\/wp-json\/wp\/v2\/types\/page"}],"author":[{"embeddable":true,"href":"https:\/\/bakh.de\/wdp\/wp-json\/wp\/v2\/users\/3"}],"replies":[{"embeddable":true,"href":"https:\/\/bakh.de\/wdp\/wp-json\/wp\/v2\/comments?post=400"}],"version-history":[{"count":35,"href":"https:\/\/bakh.de\/wdp\/wp-json\/wp\/v2\/pages\/400\/revisions"}],"predecessor-version":[{"id":7414,"href":"https:\/\/bakh.de\/wdp\/wp-json\/wp\/v2\/pages\/400\/revisions\/7414"}],"up":[{"embeddable":true,"href":"https:\/\/bakh.de\/wdp\/wp-json\/wp\/v2\/pages\/21"}],"wp:attachment":[{"href":"https:\/\/bakh.de\/wdp\/wp-json\/wp\/v2\/media?parent=400"}],"curies":[{"name":"wp","href":"https:\/\/api.w.org\/{rel}","templated":true}]}}