{"id":211,"date":"2012-01-08T13:39:12","date_gmt":"2012-01-08T13:39:12","guid":{"rendered":"http:\/\/bakh.de\/wdp\/?page_id=211"},"modified":"2020-10-15T12:33:40","modified_gmt":"2020-10-15T10:33:40","slug":"korber-hohe-treff","status":"publish","type":"page","link":"https:\/\/bakh.de\/wdp\/verein\/korber-hohe-treff\/","title":{"rendered":"Korber-H\u00f6he-Treff"},"content":{"rendered":"<p>Der Korber-H\u00f6he-Treff befindet sich im <a title=\"Stadtteilinfos\" href=\"http:\/\/bakh.de\/wdp\/?page_id=70\" target=\"_blank\" rel=\"noopener noreferrer\">Mikrozentrum Salierstr. 7\/3<\/a>. Der Eingang ist gegen\u00fcber NAHKAUF. Neben dem neuen Eingang zum China-Restaurant Kaiser Stadt ist der Eingang zum Korber-H\u00f6he-Treff. Eine Etage h\u00f6her, finden Sie unsere R\u00e4umlichkeiten.<\/p>\n<p>Die R\u00e4ume werden prim\u00e4r von den Neigungsgruppen, Mitgliedern der B\u00fcrgeraktion, der VHS und anderen Vereinen genutzt. Die Nutzungsbedingungen und Termine bitte \u00fcber <a href=\"mailto:info@bakh.de\">info@bakh.de<\/a> oder beim Vorstand direkt erfragen.<\/p>\n<div id=\"attachment_212\" style=\"width: 514px\" class=\"wp-caption aligncenter\"><a href=\"http:\/\/bakh.de\/wdp\/wp-content\/uploads\/2012\/01\/Wandergr-im-Ko-H\u00f6-Treff_2.jpg\"><img loading=\"lazy\" decoding=\"async\" aria-describedby=\"caption-attachment-212\" class=\"wp-image-212 \" title=\"Wandergruppe im Korber-H\u00f6he-Treff\" src=\"http:\/\/bakh.de\/wdp\/wp-content\/uploads\/2012\/01\/Wandergr-im-Ko-H\u00f6-Treff_2.jpg\" alt=\"\" width=\"504\" height=\"336\" srcset=\"https:\/\/bakh.de\/wdp\/wp-content\/uploads\/2012\/01\/Wandergr-im-Ko-H\u00f6-Treff_2.jpg 800w, https:\/\/bakh.de\/wdp\/wp-content\/uploads\/2012\/01\/Wandergr-im-Ko-H\u00f6-Treff_2-300x199.jpg 300w\" sizes=\"auto, (max-width: 504px) 100vw, 504px\" \/><\/a><p id=\"caption-attachment-212\" class=\"wp-caption-text\">Jahresplanung der Wandergruppe im Korber-H\u00f6he-Treff<\/p><\/div>\n<p>&nbsp;<\/p>\n<p>Zum Raum geh\u00f6rt auch eine kleine K\u00fcche:<\/p>\n<p style=\"text-align: center;\"><a href=\"http:\/\/bakh.de\/wdp\/wp-content\/uploads\/2012\/01\/2013-05-K\u00fcche-BAKH-009.jpg\"><img loading=\"lazy\" decoding=\"async\" class=\"aligncenter  wp-image-1439\" src=\"http:\/\/bakh.de\/wdp\/wp-content\/uploads\/2012\/01\/2013-05-K\u00fcche-BAKH-009.jpg\" alt=\"2013-05 K\u00fcche BAKH 009\" width=\"242\" height=\"363\" srcset=\"https:\/\/bakh.de\/wdp\/wp-content\/uploads\/2012\/01\/2013-05-K\u00fcche-BAKH-009.jpg 800w, https:\/\/bakh.de\/wdp\/wp-content\/uploads\/2012\/01\/2013-05-K\u00fcche-BAKH-009-200x300.jpg 200w, https:\/\/bakh.de\/wdp\/wp-content\/uploads\/2012\/01\/2013-05-K\u00fcche-BAKH-009-682x1024.jpg 682w\" sizes=\"auto, (max-width: 242px) 100vw, 242px\" \/><\/a><\/p>\n","protected":false},"excerpt":{"rendered":"<p>Der Korber-H\u00f6he-Treff befindet sich im Mikrozentrum Salierstr. 7\/3. Der Eingang ist gegen\u00fcber NAHKAUF. Neben dem neuen Eingang zum China-Restaurant Kaiser Stadt ist der Eingang zum Korber-H\u00f6he-Treff. Eine Etage h\u00f6her, finden Sie unsere R\u00e4umlichkeiten. Die R\u00e4ume werden prim\u00e4r von den Neigungsgruppen, Mitgliedern der B\u00fcrgeraktion, der VHS und anderen Vereinen genutzt. Die Nutzungsbedingungen und Termine bitte \u00fcber [&hellip;]<\/p>\n","protected":false},"author":3,"featured_media":0,"parent":2,"menu_order":0,"comment_status":"closed","ping_status":"closed","template":"","meta":{"ngg_post_thumbnail":0,"_mc_calendar":[],"footnotes":""},"class_list":["post-211","page","type-page","status-publish","hentry"],"yoast_head":"<!-- This site is optimized with the Yoast SEO plugin v27.3 - https:\/\/yoast.com\/product\/yoast-seo-wordpress\/ -->\n<title>Korber-H\u00f6he-Treff - B\u00fcrgeraktion Korber H\u00f6he e. V.<\/title>\n<meta name=\"robots\" content=\"index, follow, max-snippet:-1, max-image-preview:large, max-video-preview:-1\" \/>\n<link rel=\"canonical\" href=\"https:\/\/bakh.de\/wdp\/verein\/korber-hohe-treff\/\" \/>\n<meta property=\"og:locale\" content=\"de_DE\" \/>\n<meta property=\"og:type\" content=\"article\" \/>\n<meta property=\"og:title\" content=\"Korber-H\u00f6he-Treff - B\u00fcrgeraktion Korber H\u00f6he e. V.\" \/>\n<meta property=\"og:description\" content=\"Der Korber-H\u00f6he-Treff befindet sich im Mikrozentrum Salierstr. 7\/3. Der Eingang ist gegen\u00fcber NAHKAUF. Neben dem neuen Eingang zum China-Restaurant Kaiser Stadt ist der Eingang zum Korber-H\u00f6he-Treff. Eine Etage h\u00f6her, finden Sie unsere R\u00e4umlichkeiten. Die R\u00e4ume werden prim\u00e4r von den Neigungsgruppen, Mitgliedern der B\u00fcrgeraktion, der VHS und anderen Vereinen genutzt. Die Nutzungsbedingungen und Termine bitte \u00fcber [&hellip;]\" \/>\n<meta property=\"og:url\" content=\"https:\/\/bakh.de\/wdp\/verein\/korber-hohe-treff\/\" \/>\n<meta property=\"og:site_name\" content=\"B\u00fcrgeraktion Korber H\u00f6he e. V.\" \/>\n<meta property=\"article:modified_time\" content=\"2020-10-15T10:33:40+00:00\" \/>\n<meta property=\"og:image\" content=\"https:\/\/bakh.de\/wdp\/wp-content\/uploads\/2025\/11\/BAKH_Logo_4c_512.jpg\" \/>\n\t<meta property=\"og:image:width\" content=\"516\" \/>\n\t<meta property=\"og:image:height\" content=\"518\" \/>\n\t<meta property=\"og:image:type\" content=\"image\/jpeg\" \/>\n<meta name=\"twitter:card\" content=\"summary_large_image\" \/>\n<script type=\"application\/ld+json\" class=\"yoast-schema-graph\">{\"@context\":\"https:\\\/\\\/schema.org\",\"@graph\":[{\"@type\":\"WebPage\",\"@id\":\"https:\\\/\\\/bakh.de\\\/wdp\\\/verein\\\/korber-hohe-treff\\\/\",\"url\":\"https:\\\/\\\/bakh.de\\\/wdp\\\/verein\\\/korber-hohe-treff\\\/\",\"name\":\"Korber-H\u00f6he-Treff - B\u00fcrgeraktion Korber H\u00f6he e. V.\",\"isPartOf\":{\"@id\":\"https:\\\/\\\/bakh.de\\\/wdp\\\/#website\"},\"datePublished\":\"2012-01-08T13:39:12+00:00\",\"dateModified\":\"2020-10-15T10:33:40+00:00\",\"breadcrumb\":{\"@id\":\"https:\\\/\\\/bakh.de\\\/wdp\\\/verein\\\/korber-hohe-treff\\\/#breadcrumb\"},\"inLanguage\":\"de\",\"potentialAction\":[{\"@type\":\"ReadAction\",\"target\":[\"https:\\\/\\\/bakh.de\\\/wdp\\\/verein\\\/korber-hohe-treff\\\/\"]}]},{\"@type\":\"BreadcrumbList\",\"@id\":\"https:\\\/\\\/bakh.de\\\/wdp\\\/verein\\\/korber-hohe-treff\\\/#breadcrumb\",\"itemListElement\":[{\"@type\":\"ListItem\",\"position\":1,\"name\":\"Startseite\",\"item\":\"https:\\\/\\\/bakh.de\\\/wdp\\\/\"},{\"@type\":\"ListItem\",\"position\":2,\"name\":\"Verein\",\"item\":\"https:\\\/\\\/bakh.de\\\/wdp\\\/verein\\\/\"},{\"@type\":\"ListItem\",\"position\":3,\"name\":\"Korber-H\u00f6he-Treff\"}]},{\"@type\":\"WebSite\",\"@id\":\"https:\\\/\\\/bakh.de\\\/wdp\\\/#website\",\"url\":\"https:\\\/\\\/bakh.de\\\/wdp\\\/\",\"name\":\"B\u00fcrgeraktion Korber H\u00f6he e. V.\",\"description\":\"\",\"publisher\":{\"@id\":\"https:\\\/\\\/bakh.de\\\/wdp\\\/#organization\"},\"potentialAction\":[{\"@type\":\"SearchAction\",\"target\":{\"@type\":\"EntryPoint\",\"urlTemplate\":\"https:\\\/\\\/bakh.de\\\/wdp\\\/?s={search_term_string}\"},\"query-input\":{\"@type\":\"PropertyValueSpecification\",\"valueRequired\":true,\"valueName\":\"search_term_string\"}}],\"inLanguage\":\"de\"},{\"@type\":\"Organization\",\"@id\":\"https:\\\/\\\/bakh.de\\\/wdp\\\/#organization\",\"name\":\"B\u00fcrgeraktion Korber H\u00f6he e. V.\",\"url\":\"https:\\\/\\\/bakh.de\\\/wdp\\\/\",\"logo\":{\"@type\":\"ImageObject\",\"inLanguage\":\"de\",\"@id\":\"https:\\\/\\\/bakh.de\\\/wdp\\\/#\\\/schema\\\/logo\\\/image\\\/\",\"url\":\"https:\\\/\\\/bakh.de\\\/wdp\\\/wp-content\\\/uploads\\\/2025\\\/11\\\/BAKH_Logo_4c_512.jpg\",\"contentUrl\":\"https:\\\/\\\/bakh.de\\\/wdp\\\/wp-content\\\/uploads\\\/2025\\\/11\\\/BAKH_Logo_4c_512.jpg\",\"width\":516,\"height\":518,\"caption\":\"B\u00fcrgeraktion Korber H\u00f6he e. V.\"},\"image\":{\"@id\":\"https:\\\/\\\/bakh.de\\\/wdp\\\/#\\\/schema\\\/logo\\\/image\\\/\"}}]}<\/script>\n<!-- \/ Yoast SEO plugin. -->","yoast_head_json":{"title":"Korber-H\u00f6he-Treff - B\u00fcrgeraktion Korber H\u00f6he e. V.","robots":{"index":"index","follow":"follow","max-snippet":"max-snippet:-1","max-image-preview":"max-image-preview:large","max-video-preview":"max-video-preview:-1"},"canonical":"https:\/\/bakh.de\/wdp\/verein\/korber-hohe-treff\/","og_locale":"de_DE","og_type":"article","og_title":"Korber-H\u00f6he-Treff - B\u00fcrgeraktion Korber H\u00f6he e. V.","og_description":"Der Korber-H\u00f6he-Treff befindet sich im Mikrozentrum Salierstr. 7\/3. Der Eingang ist gegen\u00fcber NAHKAUF. Neben dem neuen Eingang zum China-Restaurant Kaiser Stadt ist der Eingang zum Korber-H\u00f6he-Treff. Eine Etage h\u00f6her, finden Sie unsere R\u00e4umlichkeiten. Die R\u00e4ume werden prim\u00e4r von den Neigungsgruppen, Mitgliedern der B\u00fcrgeraktion, der VHS und anderen Vereinen genutzt. Die Nutzungsbedingungen und Termine bitte \u00fcber [&hellip;]","og_url":"https:\/\/bakh.de\/wdp\/verein\/korber-hohe-treff\/","og_site_name":"B\u00fcrgeraktion Korber H\u00f6he e. V.","article_modified_time":"2020-10-15T10:33:40+00:00","og_image":[{"width":516,"height":518,"url":"https:\/\/bakh.de\/wdp\/wp-content\/uploads\/2025\/11\/BAKH_Logo_4c_512.jpg","type":"image\/jpeg"}],"twitter_card":"summary_large_image","schema":{"@context":"https:\/\/schema.org","@graph":[{"@type":"WebPage","@id":"https:\/\/bakh.de\/wdp\/verein\/korber-hohe-treff\/","url":"https:\/\/bakh.de\/wdp\/verein\/korber-hohe-treff\/","name":"Korber-H\u00f6he-Treff - B\u00fcrgeraktion Korber H\u00f6he e. V.","isPartOf":{"@id":"https:\/\/bakh.de\/wdp\/#website"},"datePublished":"2012-01-08T13:39:12+00:00","dateModified":"2020-10-15T10:33:40+00:00","breadcrumb":{"@id":"https:\/\/bakh.de\/wdp\/verein\/korber-hohe-treff\/#breadcrumb"},"inLanguage":"de","potentialAction":[{"@type":"ReadAction","target":["https:\/\/bakh.de\/wdp\/verein\/korber-hohe-treff\/"]}]},{"@type":"BreadcrumbList","@id":"https:\/\/bakh.de\/wdp\/verein\/korber-hohe-treff\/#breadcrumb","itemListElement":[{"@type":"ListItem","position":1,"name":"Startseite","item":"https:\/\/bakh.de\/wdp\/"},{"@type":"ListItem","position":2,"name":"Verein","item":"https:\/\/bakh.de\/wdp\/verein\/"},{"@type":"ListItem","position":3,"name":"Korber-H\u00f6he-Treff"}]},{"@type":"WebSite","@id":"https:\/\/bakh.de\/wdp\/#website","url":"https:\/\/bakh.de\/wdp\/","name":"B\u00fcrgeraktion Korber H\u00f6he e. V.","description":"","publisher":{"@id":"https:\/\/bakh.de\/wdp\/#organization"},"potentialAction":[{"@type":"SearchAction","target":{"@type":"EntryPoint","urlTemplate":"https:\/\/bakh.de\/wdp\/?s={search_term_string}"},"query-input":{"@type":"PropertyValueSpecification","valueRequired":true,"valueName":"search_term_string"}}],"inLanguage":"de"},{"@type":"Organization","@id":"https:\/\/bakh.de\/wdp\/#organization","name":"B\u00fcrgeraktion Korber H\u00f6he e. V.","url":"https:\/\/bakh.de\/wdp\/","logo":{"@type":"ImageObject","inLanguage":"de","@id":"https:\/\/bakh.de\/wdp\/#\/schema\/logo\/image\/","url":"https:\/\/bakh.de\/wdp\/wp-content\/uploads\/2025\/11\/BAKH_Logo_4c_512.jpg","contentUrl":"https:\/\/bakh.de\/wdp\/wp-content\/uploads\/2025\/11\/BAKH_Logo_4c_512.jpg","width":516,"height":518,"caption":"B\u00fcrgeraktion Korber H\u00f6he e. V."},"image":{"@id":"https:\/\/bakh.de\/wdp\/#\/schema\/logo\/image\/"}}]}},"_links":{"self":[{"href":"https:\/\/bakh.de\/wdp\/wp-json\/wp\/v2\/pages\/211","targetHints":{"allow":["GET"]}}],"collection":[{"href":"https:\/\/bakh.de\/wdp\/wp-json\/wp\/v2\/pages"}],"about":[{"href":"https:\/\/bakh.de\/wdp\/wp-json\/wp\/v2\/types\/page"}],"author":[{"embeddable":true,"href":"https:\/\/bakh.de\/wdp\/wp-json\/wp\/v2\/users\/3"}],"replies":[{"embeddable":true,"href":"https:\/\/bakh.de\/wdp\/wp-json\/wp\/v2\/comments?post=211"}],"version-history":[{"count":13,"href":"https:\/\/bakh.de\/wdp\/wp-json\/wp\/v2\/pages\/211\/revisions"}],"predecessor-version":[{"id":5289,"href":"https:\/\/bakh.de\/wdp\/wp-json\/wp\/v2\/pages\/211\/revisions\/5289"}],"up":[{"embeddable":true,"href":"https:\/\/bakh.de\/wdp\/wp-json\/wp\/v2\/pages\/2"}],"wp:attachment":[{"href":"https:\/\/bakh.de\/wdp\/wp-json\/wp\/v2\/media?parent=211"}],"curies":[{"name":"wp","href":"https:\/\/api.w.org\/{rel}","templated":true}]}}