{"id":2,"date":"2011-12-31T17:21:20","date_gmt":"2011-12-31T17:21:20","guid":{"rendered":"http:\/\/bakh.de\/wdp\/?page_id=2"},"modified":"2022-09-07T19:16:40","modified_gmt":"2022-09-07T17:16:40","slug":"verein","status":"publish","type":"page","link":"https:\/\/bakh.de\/wdp\/verein\/","title":{"rendered":"Verein"},"content":{"rendered":"<p>Die B\u00fcrgeraktion Korber H\u00f6he<\/p>\n<ul>\n<li>wurde am 24.11.1975 als gemeinn\u00fctziger Verein gegr\u00fcndet<\/li>\n<li>ist eine Interessengemeinschaft der Bewohnerdes Stadtteils Korber H\u00f6he<\/li>\n<li>wurde im Dezember 1977 bei einem damals erstmalig ausgeschriebenen Wettbewerb als vorbildliche Kommunale B\u00fcrgeraktion vom Ministerpr\u00e4sidenten als Hauptpreistr\u00e4gerin ausgezeichnet<\/li>\n<li>verf\u00fcgt \u00fcber Gemeinschaftsr\u00e4ume f\u00fcr ihre vielf\u00e4ltigen Aktivit\u00e4ten und<br \/>\nstellt diese anderen Gruppen zur Verf\u00fcgung<\/li>\n<li>z\u00e4hlt derzeit mehr als 170 Mitglieder<\/li>\n<\/ul>\n<p>Hier finden Sie weitere Informationen:<\/p>\n<p>&nbsp;<a href=\"https:\/\/bakh.de\/wdp\/?dl_id=3\"><img decoding=\"async\" src=\"http:\/\/bakh.de\/wdp\/wp-content\/plugins\/wp-downloadmanager\/images\/ext\/pdf.gif\" alt=\"\" title=\"\" style=\"vertical-align: middle;\" \/>Satzung<\/a> <\/p>\n<p>&nbsp;<a href=\"https:\/\/bakh.de\/wdp\/?dl_id=4\"><img decoding=\"async\" src=\"http:\/\/bakh.de\/wdp\/wp-content\/plugins\/wp-downloadmanager\/images\/ext\/pdf.gif\" alt=\"\" title=\"\" style=\"vertical-align: middle;\" \/>Info Schreiben<\/a> <\/p>\n","protected":false},"excerpt":{"rendered":"<p>Die B\u00fcrgeraktion Korber H\u00f6he wurde am 24.11.1975 als gemeinn\u00fctziger Verein gegr\u00fcndet ist eine Interessengemeinschaft der Bewohnerdes Stadtteils Korber H\u00f6he wurde im Dezember 1977 bei einem damals erstmalig ausgeschriebenen Wettbewerb als vorbildliche Kommunale B\u00fcrgeraktion vom Ministerpr\u00e4sidenten als Hauptpreistr\u00e4gerin ausgezeichnet verf\u00fcgt \u00fcber Gemeinschaftsr\u00e4ume f\u00fcr ihre vielf\u00e4ltigen Aktivit\u00e4ten und stellt diese anderen Gruppen zur Verf\u00fcgung z\u00e4hlt derzeit mehr [&hellip;]<\/p>\n","protected":false},"author":3,"featured_media":12,"parent":0,"menu_order":0,"comment_status":"closed","ping_status":"open","template":"","meta":{"ngg_post_thumbnail":0,"_mc_calendar":[],"footnotes":""},"class_list":["post-2","page","type-page","status-publish","has-post-thumbnail","hentry"],"yoast_head":"<!-- This site is optimized with the Yoast SEO plugin v27.3 - https:\/\/yoast.com\/product\/yoast-seo-wordpress\/ -->\n<title>Verein - B\u00fcrgeraktion Korber H\u00f6he e. V.<\/title>\n<meta name=\"robots\" content=\"index, follow, max-snippet:-1, max-image-preview:large, max-video-preview:-1\" \/>\n<link rel=\"canonical\" href=\"https:\/\/bakh.de\/wdp\/verein\/\" \/>\n<meta property=\"og:locale\" content=\"de_DE\" \/>\n<meta property=\"og:type\" content=\"article\" \/>\n<meta property=\"og:title\" content=\"Verein - B\u00fcrgeraktion Korber H\u00f6he e. V.\" \/>\n<meta property=\"og:description\" content=\"Die B\u00fcrgeraktion Korber H\u00f6he wurde am 24.11.1975 als gemeinn\u00fctziger Verein gegr\u00fcndet ist eine Interessengemeinschaft der Bewohnerdes Stadtteils Korber H\u00f6he wurde im Dezember 1977 bei einem damals erstmalig ausgeschriebenen Wettbewerb als vorbildliche Kommunale B\u00fcrgeraktion vom Ministerpr\u00e4sidenten als Hauptpreistr\u00e4gerin ausgezeichnet verf\u00fcgt \u00fcber Gemeinschaftsr\u00e4ume f\u00fcr ihre vielf\u00e4ltigen Aktivit\u00e4ten und stellt diese anderen Gruppen zur Verf\u00fcgung z\u00e4hlt derzeit mehr [&hellip;]\" \/>\n<meta property=\"og:url\" content=\"https:\/\/bakh.de\/wdp\/verein\/\" \/>\n<meta property=\"og:site_name\" content=\"B\u00fcrgeraktion Korber H\u00f6he e. V.\" \/>\n<meta property=\"article:modified_time\" content=\"2022-09-07T17:16:40+00:00\" \/>\n<meta property=\"og:image\" content=\"https:\/\/bakh.de\/wdp\/wp-content\/uploads\/2011\/12\/logobunt2.jpg\" \/>\n\t<meta property=\"og:image:width\" content=\"200\" \/>\n\t<meta property=\"og:image:height\" content=\"200\" \/>\n\t<meta property=\"og:image:type\" content=\"image\/jpeg\" \/>\n<meta name=\"twitter:card\" content=\"summary_large_image\" \/>\n<script type=\"application\/ld+json\" class=\"yoast-schema-graph\">{\"@context\":\"https:\\\/\\\/schema.org\",\"@graph\":[{\"@type\":\"WebPage\",\"@id\":\"https:\\\/\\\/bakh.de\\\/wdp\\\/verein\\\/\",\"url\":\"https:\\\/\\\/bakh.de\\\/wdp\\\/verein\\\/\",\"name\":\"Verein - B\u00fcrgeraktion Korber H\u00f6he e. V.\",\"isPartOf\":{\"@id\":\"https:\\\/\\\/bakh.de\\\/wdp\\\/#website\"},\"primaryImageOfPage\":{\"@id\":\"https:\\\/\\\/bakh.de\\\/wdp\\\/verein\\\/#primaryimage\"},\"image\":{\"@id\":\"https:\\\/\\\/bakh.de\\\/wdp\\\/verein\\\/#primaryimage\"},\"thumbnailUrl\":\"https:\\\/\\\/bakh.de\\\/wdp\\\/wp-content\\\/uploads\\\/2011\\\/12\\\/logobunt2.jpg\",\"datePublished\":\"2011-12-31T17:21:20+00:00\",\"dateModified\":\"2022-09-07T17:16:40+00:00\",\"breadcrumb\":{\"@id\":\"https:\\\/\\\/bakh.de\\\/wdp\\\/verein\\\/#breadcrumb\"},\"inLanguage\":\"de\",\"potentialAction\":[{\"@type\":\"ReadAction\",\"target\":[\"https:\\\/\\\/bakh.de\\\/wdp\\\/verein\\\/\"]}]},{\"@type\":\"ImageObject\",\"inLanguage\":\"de\",\"@id\":\"https:\\\/\\\/bakh.de\\\/wdp\\\/verein\\\/#primaryimage\",\"url\":\"https:\\\/\\\/bakh.de\\\/wdp\\\/wp-content\\\/uploads\\\/2011\\\/12\\\/logobunt2.jpg\",\"contentUrl\":\"https:\\\/\\\/bakh.de\\\/wdp\\\/wp-content\\\/uploads\\\/2011\\\/12\\\/logobunt2.jpg\",\"width\":\"200\",\"height\":\"200\"},{\"@type\":\"BreadcrumbList\",\"@id\":\"https:\\\/\\\/bakh.de\\\/wdp\\\/verein\\\/#breadcrumb\",\"itemListElement\":[{\"@type\":\"ListItem\",\"position\":1,\"name\":\"Startseite\",\"item\":\"https:\\\/\\\/bakh.de\\\/wdp\\\/\"},{\"@type\":\"ListItem\",\"position\":2,\"name\":\"Verein\"}]},{\"@type\":\"WebSite\",\"@id\":\"https:\\\/\\\/bakh.de\\\/wdp\\\/#website\",\"url\":\"https:\\\/\\\/bakh.de\\\/wdp\\\/\",\"name\":\"B\u00fcrgeraktion Korber H\u00f6he e. V.\",\"description\":\"\",\"publisher\":{\"@id\":\"https:\\\/\\\/bakh.de\\\/wdp\\\/#organization\"},\"potentialAction\":[{\"@type\":\"SearchAction\",\"target\":{\"@type\":\"EntryPoint\",\"urlTemplate\":\"https:\\\/\\\/bakh.de\\\/wdp\\\/?s={search_term_string}\"},\"query-input\":{\"@type\":\"PropertyValueSpecification\",\"valueRequired\":true,\"valueName\":\"search_term_string\"}}],\"inLanguage\":\"de\"},{\"@type\":\"Organization\",\"@id\":\"https:\\\/\\\/bakh.de\\\/wdp\\\/#organization\",\"name\":\"B\u00fcrgeraktion Korber H\u00f6he e. V.\",\"url\":\"https:\\\/\\\/bakh.de\\\/wdp\\\/\",\"logo\":{\"@type\":\"ImageObject\",\"inLanguage\":\"de\",\"@id\":\"https:\\\/\\\/bakh.de\\\/wdp\\\/#\\\/schema\\\/logo\\\/image\\\/\",\"url\":\"https:\\\/\\\/bakh.de\\\/wdp\\\/wp-content\\\/uploads\\\/2025\\\/11\\\/BAKH_Logo_4c_512.jpg\",\"contentUrl\":\"https:\\\/\\\/bakh.de\\\/wdp\\\/wp-content\\\/uploads\\\/2025\\\/11\\\/BAKH_Logo_4c_512.jpg\",\"width\":516,\"height\":518,\"caption\":\"B\u00fcrgeraktion Korber H\u00f6he e. V.\"},\"image\":{\"@id\":\"https:\\\/\\\/bakh.de\\\/wdp\\\/#\\\/schema\\\/logo\\\/image\\\/\"}}]}<\/script>\n<!-- \/ Yoast SEO plugin. -->","yoast_head_json":{"title":"Verein - B\u00fcrgeraktion Korber H\u00f6he e. V.","robots":{"index":"index","follow":"follow","max-snippet":"max-snippet:-1","max-image-preview":"max-image-preview:large","max-video-preview":"max-video-preview:-1"},"canonical":"https:\/\/bakh.de\/wdp\/verein\/","og_locale":"de_DE","og_type":"article","og_title":"Verein - B\u00fcrgeraktion Korber H\u00f6he e. V.","og_description":"Die B\u00fcrgeraktion Korber H\u00f6he wurde am 24.11.1975 als gemeinn\u00fctziger Verein gegr\u00fcndet ist eine Interessengemeinschaft der Bewohnerdes Stadtteils Korber H\u00f6he wurde im Dezember 1977 bei einem damals erstmalig ausgeschriebenen Wettbewerb als vorbildliche Kommunale B\u00fcrgeraktion vom Ministerpr\u00e4sidenten als Hauptpreistr\u00e4gerin ausgezeichnet verf\u00fcgt \u00fcber Gemeinschaftsr\u00e4ume f\u00fcr ihre vielf\u00e4ltigen Aktivit\u00e4ten und stellt diese anderen Gruppen zur Verf\u00fcgung z\u00e4hlt derzeit mehr [&hellip;]","og_url":"https:\/\/bakh.de\/wdp\/verein\/","og_site_name":"B\u00fcrgeraktion Korber H\u00f6he e. V.","article_modified_time":"2022-09-07T17:16:40+00:00","og_image":[{"width":200,"height":200,"url":"https:\/\/bakh.de\/wdp\/wp-content\/uploads\/2011\/12\/logobunt2.jpg","type":"image\/jpeg"}],"twitter_card":"summary_large_image","schema":{"@context":"https:\/\/schema.org","@graph":[{"@type":"WebPage","@id":"https:\/\/bakh.de\/wdp\/verein\/","url":"https:\/\/bakh.de\/wdp\/verein\/","name":"Verein - B\u00fcrgeraktion Korber H\u00f6he e. V.","isPartOf":{"@id":"https:\/\/bakh.de\/wdp\/#website"},"primaryImageOfPage":{"@id":"https:\/\/bakh.de\/wdp\/verein\/#primaryimage"},"image":{"@id":"https:\/\/bakh.de\/wdp\/verein\/#primaryimage"},"thumbnailUrl":"https:\/\/bakh.de\/wdp\/wp-content\/uploads\/2011\/12\/logobunt2.jpg","datePublished":"2011-12-31T17:21:20+00:00","dateModified":"2022-09-07T17:16:40+00:00","breadcrumb":{"@id":"https:\/\/bakh.de\/wdp\/verein\/#breadcrumb"},"inLanguage":"de","potentialAction":[{"@type":"ReadAction","target":["https:\/\/bakh.de\/wdp\/verein\/"]}]},{"@type":"ImageObject","inLanguage":"de","@id":"https:\/\/bakh.de\/wdp\/verein\/#primaryimage","url":"https:\/\/bakh.de\/wdp\/wp-content\/uploads\/2011\/12\/logobunt2.jpg","contentUrl":"https:\/\/bakh.de\/wdp\/wp-content\/uploads\/2011\/12\/logobunt2.jpg","width":"200","height":"200"},{"@type":"BreadcrumbList","@id":"https:\/\/bakh.de\/wdp\/verein\/#breadcrumb","itemListElement":[{"@type":"ListItem","position":1,"name":"Startseite","item":"https:\/\/bakh.de\/wdp\/"},{"@type":"ListItem","position":2,"name":"Verein"}]},{"@type":"WebSite","@id":"https:\/\/bakh.de\/wdp\/#website","url":"https:\/\/bakh.de\/wdp\/","name":"B\u00fcrgeraktion Korber H\u00f6he e. V.","description":"","publisher":{"@id":"https:\/\/bakh.de\/wdp\/#organization"},"potentialAction":[{"@type":"SearchAction","target":{"@type":"EntryPoint","urlTemplate":"https:\/\/bakh.de\/wdp\/?s={search_term_string}"},"query-input":{"@type":"PropertyValueSpecification","valueRequired":true,"valueName":"search_term_string"}}],"inLanguage":"de"},{"@type":"Organization","@id":"https:\/\/bakh.de\/wdp\/#organization","name":"B\u00fcrgeraktion Korber H\u00f6he e. V.","url":"https:\/\/bakh.de\/wdp\/","logo":{"@type":"ImageObject","inLanguage":"de","@id":"https:\/\/bakh.de\/wdp\/#\/schema\/logo\/image\/","url":"https:\/\/bakh.de\/wdp\/wp-content\/uploads\/2025\/11\/BAKH_Logo_4c_512.jpg","contentUrl":"https:\/\/bakh.de\/wdp\/wp-content\/uploads\/2025\/11\/BAKH_Logo_4c_512.jpg","width":516,"height":518,"caption":"B\u00fcrgeraktion Korber H\u00f6he e. V."},"image":{"@id":"https:\/\/bakh.de\/wdp\/#\/schema\/logo\/image\/"}}]}},"_links":{"self":[{"href":"https:\/\/bakh.de\/wdp\/wp-json\/wp\/v2\/pages\/2","targetHints":{"allow":["GET"]}}],"collection":[{"href":"https:\/\/bakh.de\/wdp\/wp-json\/wp\/v2\/pages"}],"about":[{"href":"https:\/\/bakh.de\/wdp\/wp-json\/wp\/v2\/types\/page"}],"author":[{"embeddable":true,"href":"https:\/\/bakh.de\/wdp\/wp-json\/wp\/v2\/users\/3"}],"replies":[{"embeddable":true,"href":"https:\/\/bakh.de\/wdp\/wp-json\/wp\/v2\/comments?post=2"}],"version-history":[{"count":11,"href":"https:\/\/bakh.de\/wdp\/wp-json\/wp\/v2\/pages\/2\/revisions"}],"predecessor-version":[{"id":5986,"href":"https:\/\/bakh.de\/wdp\/wp-json\/wp\/v2\/pages\/2\/revisions\/5986"}],"wp:featuredmedia":[{"embeddable":true,"href":"https:\/\/bakh.de\/wdp\/wp-json\/wp\/v2\/media\/12"}],"wp:attachment":[{"href":"https:\/\/bakh.de\/wdp\/wp-json\/wp\/v2\/media?parent=2"}],"curies":[{"name":"wp","href":"https:\/\/api.w.org\/{rel}","templated":true}]}}