{"id":1915,"date":"2014-04-15T20:25:17","date_gmt":"2014-04-15T20:25:17","guid":{"rendered":"http:\/\/bakh.de\/wdp\/?page_id=1915"},"modified":"2026-02-27T10:29:07","modified_gmt":"2026-02-27T09:29:07","slug":"forum-nord","status":"publish","type":"page","link":"https:\/\/bakh.de\/wdp\/forum-nord\/","title":{"rendered":"Forum Nord"},"content":{"rendered":"<div class=\"wp-block-image\">\n<figure class=\"alignleft\"><a href=\"http:\/\/www.waiblingen.de\/de\/Die-Stadt\/Leben-in-Waiblingen\/Senioren\/Forum-Nord\" target=\"_blank\" rel=\"noreferrer noopener\"><img loading=\"lazy\" decoding=\"async\" width=\"652\" height=\"110\" src=\"http:\/\/bakh.de\/wdp\/wp-content\/uploads\/2014\/04\/fn-logo-web.jpg\" alt=\"Logo Forum Nord\" class=\"wp-image-1907\" srcset=\"https:\/\/bakh.de\/wdp\/wp-content\/uploads\/2014\/04\/fn-logo-web.jpg 652w, https:\/\/bakh.de\/wdp\/wp-content\/uploads\/2014\/04\/fn-logo-web-300x50.jpg 300w\" sizes=\"auto, (max-width: 652px) 100vw, 652px\" \/><\/a><\/figure>\n<\/div>\n\n\n<p><\/p>\n\n\n\n<p><\/p>\n\n\n\n<p class=\"has-text-align-left\">Das <a href=\"http:\/\/www.waiblingen.de\/de\/Die-Stadt\/Leben-in-Waiblingen\/Senioren\/Forum-Nord\" target=\"_blank\" rel=\"noreferrer noopener\">Forum Nord der Stadt Waiblingen<\/a> ist ein Stadtteiltreff f\u00fcr Begegnungen, vorwiegend f\u00fcr Bewohnerinnen und Bewohner des Stadtteils Korber H\u00f6he, um Kontakte zu kn\u00fcpfen und sich auszutauschen.<\/p>\n\n\n\n<p>Das Forum Nord steht w\u00e4hrend der Sprechzeiten f\u00fcr alle Fragen zum sozialen Leben im Stadtteil Korber H\u00f6he zur Verf\u00fcgung und bietet ein abwechslungsreiches w\u00f6chentliches Angebot:<\/p>\n\n\n\n<div class=\"wp-block-columns are-vertically-aligned-center is-layout-flex wp-container-core-columns-is-layout-9d6595d7 wp-block-columns-is-layout-flex\">\n<div class=\"wp-block-column is-vertically-aligned-center is-layout-flow wp-block-column-is-layout-flow\" style=\"flex-basis:100%\">\n<figure class=\"wp-block-table aligncenter\"><table><tbody><tr><td>Montag<\/td><td>14:00 bis<br>16:30 Uhr<\/td><td><strong>Kreativtreff<\/strong> f\u00fcr alle Interessierten, die sich<br>kreativ bet\u00e4tigen m\u00f6chten<\/td><\/tr><tr><td>Dienstag<\/td><td>10:00  bis<br>12:00 Uhr<\/td><td><strong>Offener Treffpunkt<\/strong><br>Schw\u00e4tzen und Vernetzen &#8211; Begegnung schaffen<\/td><\/tr><tr><td><\/td><td>14:00 bis<br>16:00 Uhr<\/td><td><strong>Treff der T\u00fcrkischen Frauen<\/strong><\/td><\/tr><tr><td>Donnerstag<\/td><td>8:45 bis<br>9:45 Uhr<\/td><td><strong>Yoga auf dem Stuhl<\/strong> mit Maria Link (DRK), <br>bitte vorher anmelden<\/td><\/tr><tr><td><\/td><td>14:30 bis<br>17:00 Uhr<\/td><td><strong>Spieletreff f\u00fcr Seniorinnen und Senioren<\/strong><br>immer die ersten drei Donnerstage im Monat<\/td><\/tr><tr><td><\/td><td>18:00 Uhr<\/td><td><strong>M\u00e4nnertreff<\/strong> mit Heinz-Dieter Barkhorn<br>jeden ersten Donnerstag im Monat<\/td><\/tr><tr><td>Freitag<\/td><td>19:00 Uhr<\/td><td><strong>Darts Abend<\/strong><br>jeden ersten und dritten Freitag im Monat<\/td><\/tr><tr><td>Sonntag<\/td><td>14:00 bis<br>17:00 Uhr<\/td><td><strong>Sonntagscaf\u00e9 f\u00fcr Alle<\/strong>,<br>jeden ersten Sonntag im Monat<\/td><\/tr><\/tbody><\/table><\/figure>\n\n\n\n<p><\/p>\n<\/div>\n<\/div>\n\n\n\n<p>Ansprechpartnerin f\u00fcr das Stadtteilb\u00fcro und die Veranstaltungen im Stadtteiltreff ist <br>Julia Martinitz, Tel.: 07151\/5001-2690<br>Sprechstunden jeweils Donnerstags von 16 Uhr bis 18 Uhr und Freitags von 10 Uhr bis 12 Uhr<br>E-Mail: <a href=\"mailto:forumnord@waiblingen.de\">forumnord@waiblingen.de<\/a><br><\/p>\n","protected":false},"excerpt":{"rendered":"<p>Das Forum Nord der Stadt Waiblingen ist ein Stadtteiltreff f\u00fcr Begegnungen, vorwiegend f\u00fcr Bewohnerinnen und Bewohner des Stadtteils Korber H\u00f6he, um Kontakte zu kn\u00fcpfen und sich auszutauschen. Das Forum Nord steht w\u00e4hrend der Sprechzeiten f\u00fcr alle Fragen zum sozialen Leben im Stadtteil Korber H\u00f6he zur Verf\u00fcgung und bietet ein abwechslungsreiches w\u00f6chentliches Angebot: Montag 14:00 bis16:30 [&hellip;]<\/p>\n","protected":false},"author":6,"featured_media":0,"parent":0,"menu_order":0,"comment_status":"closed","ping_status":"closed","template":"","meta":{"ngg_post_thumbnail":0,"_mc_calendar":[],"footnotes":""},"class_list":["post-1915","page","type-page","status-publish","hentry"],"yoast_head":"<!-- This site is optimized with the Yoast SEO plugin v27.3 - https:\/\/yoast.com\/product\/yoast-seo-wordpress\/ -->\n<title>Forum Nord - B\u00fcrgeraktion Korber H\u00f6he e. V.<\/title>\n<meta name=\"description\" content=\"Das Forum Nord der Stadt Waiblingen ist auf der Korber H\u00f6he ein Stadtteiltreff mit einem abwechslungsreichen Angebot.\" \/>\n<meta name=\"robots\" content=\"index, follow, max-snippet:-1, max-image-preview:large, max-video-preview:-1\" \/>\n<link rel=\"canonical\" href=\"https:\/\/bakh.de\/wdp\/forum-nord\/\" \/>\n<meta property=\"og:locale\" content=\"de_DE\" \/>\n<meta property=\"og:type\" content=\"article\" \/>\n<meta property=\"og:title\" content=\"Forum Nord - B\u00fcrgeraktion Korber H\u00f6he e. V.\" \/>\n<meta property=\"og:description\" content=\"Das Forum Nord der Stadt Waiblingen ist auf der Korber H\u00f6he ein Stadtteiltreff mit einem abwechslungsreichen Angebot.\" \/>\n<meta property=\"og:url\" content=\"https:\/\/bakh.de\/wdp\/forum-nord\/\" \/>\n<meta property=\"og:site_name\" content=\"B\u00fcrgeraktion Korber H\u00f6he e. V.\" \/>\n<meta property=\"article:modified_time\" content=\"2026-02-27T09:29:07+00:00\" \/>\n<meta property=\"og:image\" content=\"https:\/\/bakh.de\/wdp\/wp-content\/uploads\/2014\/04\/fn-logo-web.jpg\" \/>\n\t<meta property=\"og:image:width\" content=\"652\" \/>\n\t<meta property=\"og:image:height\" content=\"110\" \/>\n\t<meta property=\"og:image:type\" content=\"image\/jpeg\" \/>\n<meta name=\"twitter:card\" content=\"summary_large_image\" \/>\n<meta name=\"twitter:label1\" content=\"Gesch\u00e4tzte Lesezeit\" \/>\n\t<meta name=\"twitter:data1\" content=\"2\u00a0Minuten\" \/>\n<script type=\"application\/ld+json\" class=\"yoast-schema-graph\">{\"@context\":\"https:\\\/\\\/schema.org\",\"@graph\":[{\"@type\":\"WebPage\",\"@id\":\"https:\\\/\\\/bakh.de\\\/wdp\\\/forum-nord\\\/\",\"url\":\"https:\\\/\\\/bakh.de\\\/wdp\\\/forum-nord\\\/\",\"name\":\"Forum Nord - B\u00fcrgeraktion Korber H\u00f6he e. V.\",\"isPartOf\":{\"@id\":\"https:\\\/\\\/bakh.de\\\/wdp\\\/#website\"},\"primaryImageOfPage\":{\"@id\":\"https:\\\/\\\/bakh.de\\\/wdp\\\/forum-nord\\\/#primaryimage\"},\"image\":{\"@id\":\"https:\\\/\\\/bakh.de\\\/wdp\\\/forum-nord\\\/#primaryimage\"},\"thumbnailUrl\":\"http:\\\/\\\/bakh.de\\\/wdp\\\/wp-content\\\/uploads\\\/2014\\\/04\\\/fn-logo-web.jpg\",\"datePublished\":\"2014-04-15T20:25:17+00:00\",\"dateModified\":\"2026-02-27T09:29:07+00:00\",\"description\":\"Das Forum Nord der Stadt Waiblingen ist auf der Korber H\u00f6he ein Stadtteiltreff mit einem abwechslungsreichen Angebot.\",\"breadcrumb\":{\"@id\":\"https:\\\/\\\/bakh.de\\\/wdp\\\/forum-nord\\\/#breadcrumb\"},\"inLanguage\":\"de\",\"potentialAction\":[{\"@type\":\"ReadAction\",\"target\":[\"https:\\\/\\\/bakh.de\\\/wdp\\\/forum-nord\\\/\"]}]},{\"@type\":\"ImageObject\",\"inLanguage\":\"de\",\"@id\":\"https:\\\/\\\/bakh.de\\\/wdp\\\/forum-nord\\\/#primaryimage\",\"url\":\"https:\\\/\\\/bakh.de\\\/wdp\\\/wp-content\\\/uploads\\\/2014\\\/04\\\/fn-logo-web.jpg\",\"contentUrl\":\"https:\\\/\\\/bakh.de\\\/wdp\\\/wp-content\\\/uploads\\\/2014\\\/04\\\/fn-logo-web.jpg\",\"width\":652,\"height\":110},{\"@type\":\"BreadcrumbList\",\"@id\":\"https:\\\/\\\/bakh.de\\\/wdp\\\/forum-nord\\\/#breadcrumb\",\"itemListElement\":[{\"@type\":\"ListItem\",\"position\":1,\"name\":\"Startseite\",\"item\":\"https:\\\/\\\/bakh.de\\\/wdp\\\/\"},{\"@type\":\"ListItem\",\"position\":2,\"name\":\"Forum Nord\"}]},{\"@type\":\"WebSite\",\"@id\":\"https:\\\/\\\/bakh.de\\\/wdp\\\/#website\",\"url\":\"https:\\\/\\\/bakh.de\\\/wdp\\\/\",\"name\":\"B\u00fcrgeraktion Korber H\u00f6he e. V.\",\"description\":\"\",\"publisher\":{\"@id\":\"https:\\\/\\\/bakh.de\\\/wdp\\\/#organization\"},\"potentialAction\":[{\"@type\":\"SearchAction\",\"target\":{\"@type\":\"EntryPoint\",\"urlTemplate\":\"https:\\\/\\\/bakh.de\\\/wdp\\\/?s={search_term_string}\"},\"query-input\":{\"@type\":\"PropertyValueSpecification\",\"valueRequired\":true,\"valueName\":\"search_term_string\"}}],\"inLanguage\":\"de\"},{\"@type\":\"Organization\",\"@id\":\"https:\\\/\\\/bakh.de\\\/wdp\\\/#organization\",\"name\":\"B\u00fcrgeraktion Korber H\u00f6he e. V.\",\"url\":\"https:\\\/\\\/bakh.de\\\/wdp\\\/\",\"logo\":{\"@type\":\"ImageObject\",\"inLanguage\":\"de\",\"@id\":\"https:\\\/\\\/bakh.de\\\/wdp\\\/#\\\/schema\\\/logo\\\/image\\\/\",\"url\":\"https:\\\/\\\/bakh.de\\\/wdp\\\/wp-content\\\/uploads\\\/2025\\\/11\\\/BAKH_Logo_4c_512.jpg\",\"contentUrl\":\"https:\\\/\\\/bakh.de\\\/wdp\\\/wp-content\\\/uploads\\\/2025\\\/11\\\/BAKH_Logo_4c_512.jpg\",\"width\":516,\"height\":518,\"caption\":\"B\u00fcrgeraktion Korber H\u00f6he e. V.\"},\"image\":{\"@id\":\"https:\\\/\\\/bakh.de\\\/wdp\\\/#\\\/schema\\\/logo\\\/image\\\/\"}}]}<\/script>\n<!-- \/ Yoast SEO plugin. -->","yoast_head_json":{"title":"Forum Nord - B\u00fcrgeraktion Korber H\u00f6he e. V.","description":"Das Forum Nord der Stadt Waiblingen ist auf der Korber H\u00f6he ein Stadtteiltreff mit einem abwechslungsreichen Angebot.","robots":{"index":"index","follow":"follow","max-snippet":"max-snippet:-1","max-image-preview":"max-image-preview:large","max-video-preview":"max-video-preview:-1"},"canonical":"https:\/\/bakh.de\/wdp\/forum-nord\/","og_locale":"de_DE","og_type":"article","og_title":"Forum Nord - B\u00fcrgeraktion Korber H\u00f6he e. V.","og_description":"Das Forum Nord der Stadt Waiblingen ist auf der Korber H\u00f6he ein Stadtteiltreff mit einem abwechslungsreichen Angebot.","og_url":"https:\/\/bakh.de\/wdp\/forum-nord\/","og_site_name":"B\u00fcrgeraktion Korber H\u00f6he e. V.","article_modified_time":"2026-02-27T09:29:07+00:00","og_image":[{"width":652,"height":110,"url":"https:\/\/bakh.de\/wdp\/wp-content\/uploads\/2014\/04\/fn-logo-web.jpg","type":"image\/jpeg"}],"twitter_card":"summary_large_image","twitter_misc":{"Gesch\u00e4tzte Lesezeit":"2\u00a0Minuten"},"schema":{"@context":"https:\/\/schema.org","@graph":[{"@type":"WebPage","@id":"https:\/\/bakh.de\/wdp\/forum-nord\/","url":"https:\/\/bakh.de\/wdp\/forum-nord\/","name":"Forum Nord - B\u00fcrgeraktion Korber H\u00f6he e. V.","isPartOf":{"@id":"https:\/\/bakh.de\/wdp\/#website"},"primaryImageOfPage":{"@id":"https:\/\/bakh.de\/wdp\/forum-nord\/#primaryimage"},"image":{"@id":"https:\/\/bakh.de\/wdp\/forum-nord\/#primaryimage"},"thumbnailUrl":"http:\/\/bakh.de\/wdp\/wp-content\/uploads\/2014\/04\/fn-logo-web.jpg","datePublished":"2014-04-15T20:25:17+00:00","dateModified":"2026-02-27T09:29:07+00:00","description":"Das Forum Nord der Stadt Waiblingen ist auf der Korber H\u00f6he ein Stadtteiltreff mit einem abwechslungsreichen Angebot.","breadcrumb":{"@id":"https:\/\/bakh.de\/wdp\/forum-nord\/#breadcrumb"},"inLanguage":"de","potentialAction":[{"@type":"ReadAction","target":["https:\/\/bakh.de\/wdp\/forum-nord\/"]}]},{"@type":"ImageObject","inLanguage":"de","@id":"https:\/\/bakh.de\/wdp\/forum-nord\/#primaryimage","url":"https:\/\/bakh.de\/wdp\/wp-content\/uploads\/2014\/04\/fn-logo-web.jpg","contentUrl":"https:\/\/bakh.de\/wdp\/wp-content\/uploads\/2014\/04\/fn-logo-web.jpg","width":652,"height":110},{"@type":"BreadcrumbList","@id":"https:\/\/bakh.de\/wdp\/forum-nord\/#breadcrumb","itemListElement":[{"@type":"ListItem","position":1,"name":"Startseite","item":"https:\/\/bakh.de\/wdp\/"},{"@type":"ListItem","position":2,"name":"Forum Nord"}]},{"@type":"WebSite","@id":"https:\/\/bakh.de\/wdp\/#website","url":"https:\/\/bakh.de\/wdp\/","name":"B\u00fcrgeraktion Korber H\u00f6he e. V.","description":"","publisher":{"@id":"https:\/\/bakh.de\/wdp\/#organization"},"potentialAction":[{"@type":"SearchAction","target":{"@type":"EntryPoint","urlTemplate":"https:\/\/bakh.de\/wdp\/?s={search_term_string}"},"query-input":{"@type":"PropertyValueSpecification","valueRequired":true,"valueName":"search_term_string"}}],"inLanguage":"de"},{"@type":"Organization","@id":"https:\/\/bakh.de\/wdp\/#organization","name":"B\u00fcrgeraktion Korber H\u00f6he e. V.","url":"https:\/\/bakh.de\/wdp\/","logo":{"@type":"ImageObject","inLanguage":"de","@id":"https:\/\/bakh.de\/wdp\/#\/schema\/logo\/image\/","url":"https:\/\/bakh.de\/wdp\/wp-content\/uploads\/2025\/11\/BAKH_Logo_4c_512.jpg","contentUrl":"https:\/\/bakh.de\/wdp\/wp-content\/uploads\/2025\/11\/BAKH_Logo_4c_512.jpg","width":516,"height":518,"caption":"B\u00fcrgeraktion Korber H\u00f6he e. V."},"image":{"@id":"https:\/\/bakh.de\/wdp\/#\/schema\/logo\/image\/"}}]}},"_links":{"self":[{"href":"https:\/\/bakh.de\/wdp\/wp-json\/wp\/v2\/pages\/1915","targetHints":{"allow":["GET"]}}],"collection":[{"href":"https:\/\/bakh.de\/wdp\/wp-json\/wp\/v2\/pages"}],"about":[{"href":"https:\/\/bakh.de\/wdp\/wp-json\/wp\/v2\/types\/page"}],"author":[{"embeddable":true,"href":"https:\/\/bakh.de\/wdp\/wp-json\/wp\/v2\/users\/6"}],"replies":[{"embeddable":true,"href":"https:\/\/bakh.de\/wdp\/wp-json\/wp\/v2\/comments?post=1915"}],"version-history":[{"count":23,"href":"https:\/\/bakh.de\/wdp\/wp-json\/wp\/v2\/pages\/1915\/revisions"}],"predecessor-version":[{"id":7515,"href":"https:\/\/bakh.de\/wdp\/wp-json\/wp\/v2\/pages\/1915\/revisions\/7515"}],"wp:attachment":[{"href":"https:\/\/bakh.de\/wdp\/wp-json\/wp\/v2\/media?parent=1915"}],"curies":[{"name":"wp","href":"https:\/\/api.w.org\/{rel}","templated":true}]}}