{"id":185,"date":"2012-01-06T22:16:16","date_gmt":"2012-01-06T22:16:16","guid":{"rendered":"http:\/\/bakh.de\/wdp\/?page_id=185"},"modified":"2025-04-25T16:10:55","modified_gmt":"2025-04-25T14:10:55","slug":"sportabzeichen","status":"publish","type":"page","link":"https:\/\/bakh.de\/wdp\/neigungsgruppen\/sportabzeichen\/","title":{"rendered":"Sportabzeichen"},"content":{"rendered":"\n<p class=\"has-text-align-left\">Seit 1984 kann auf der Korber H\u00f6he das Deutsche Sportabzeichen abgelegt werden. Zusammen laufen, schwimmen, radfahren, springen &#8211; und das ohne Druck und direkt vor der Haust\u00fcr. Das ist der Grundgedanke der Sportabzeichengruppe der B\u00fcrgeraktion Korber H\u00f6he.<\/p>\n\n\n\n<p class=\"has-text-align-left\">Das <a href=\"https:\/\/deutsches-sportabzeichen.de\/\" target=\"_blank\" rel=\"noreferrer noopener\">Deutsche Sportabzeichen<\/a> erh\u00e4ltst du f\u00fcr Ausdauer, Kraft, Schnelligkeit und Koordination. Nicht in einer Sportart, sondern in vielen: Laufen, Schwimmen oder Radfahren, Kugelsto\u00dfen, Medizinball werfen usw.. Das Abzeichen bekommst du, weil du in vielen Disziplinen stark bist. Das Gute daran: Du w\u00e4hlst aus jeder Kategorie die Disziplin, die deiner St\u00e4rke entspricht. <\/p>\n\n\n\n<p class=\"has-text-align-left\">Bei allem sportlichem Ehrgeiz steht der Spa\u00df im Vordergrund. <br>Weiter Information gibt es bei Silke Stepput, Salierstr. 30, Tel 2 41 75.<\/p>\n\n\n<div class=\"wp-block-image\">\n<figure class=\"aligncenter size-full\"><a href=\"http:\/\/bakh.de\/wdp\/wp-content\/uploads\/2012\/01\/k-2008-08-Sportabzeichen-001.jpg\"><img loading=\"lazy\" decoding=\"async\" width=\"800\" height=\"600\" src=\"https:\/\/bakh.de\/wdp\/wp-content\/uploads\/2012\/01\/k-2008-08-Sportabzeichen-001.jpg\" alt=\"Die Sportabzeichengruppe beim warm laufen\" class=\"wp-image-186\" title=\"k-2008-08 Sportabzeichen 001\" srcset=\"https:\/\/bakh.de\/wdp\/wp-content\/uploads\/2012\/01\/k-2008-08-Sportabzeichen-001.jpg 800w, https:\/\/bakh.de\/wdp\/wp-content\/uploads\/2012\/01\/k-2008-08-Sportabzeichen-001-300x225.jpg 300w\" sizes=\"auto, (max-width: 800px) 100vw, 800px\" \/><\/a><\/figure>\n<\/div>\n\n\n<p class=\"has-text-align-center\"><strong>Die Sportabzeichengruppe trifft sich von Mai bis September immer dienstags um 19:00 Uhr auf dem Sportplatz neben der alten Salierturnhalle.<\/strong><\/p>\n\n\n\n<p class=\"has-text-align-center\"><strong>Von Oktober bis April ist die Gruppe immer dienstags um 17:30 Uhr in der alten Salierturnhalle und h\u00e4lt sich mit Gymnastik und Spielen fit<\/strong>.<\/p>\n\n\n\n<figure class=\"wp-block-image size-full\"><a href=\"https:\/\/deutsches-sportabzeichen.de\/sportabzeichen-erwerben\" target=\"_blank\" rel=\" noreferrer noopener\"><img loading=\"lazy\" decoding=\"async\" width=\"1191\" height=\"793\" src=\"https:\/\/bakh.de\/wdp\/wp-content\/uploads\/2025\/04\/csm_DOSB_SD-Motiv_DSA_Laufen_Inklusion_b18c869994.jpg\" alt=\"DOSB, Motiv Laufen\" class=\"wp-image-7192\" srcset=\"https:\/\/bakh.de\/wdp\/wp-content\/uploads\/2025\/04\/csm_DOSB_SD-Motiv_DSA_Laufen_Inklusion_b18c869994.jpg 1191w, https:\/\/bakh.de\/wdp\/wp-content\/uploads\/2025\/04\/csm_DOSB_SD-Motiv_DSA_Laufen_Inklusion_b18c869994-400x266.jpg 400w, https:\/\/bakh.de\/wdp\/wp-content\/uploads\/2025\/04\/csm_DOSB_SD-Motiv_DSA_Laufen_Inklusion_b18c869994-1024x682.jpg 1024w, https:\/\/bakh.de\/wdp\/wp-content\/uploads\/2025\/04\/csm_DOSB_SD-Motiv_DSA_Laufen_Inklusion_b18c869994-768x511.jpg 768w\" sizes=\"auto, (max-width: 1191px) 100vw, 1191px\" \/><\/a><\/figure>\n","protected":false},"excerpt":{"rendered":"<p>Seit 1984 kann auf der Korber H\u00f6he das Deutsche Sportabzeichen abgelegt werden. Zusammen laufen, schwimmen, radfahren, springen &#8211; und das ohne Druck und direkt vor der Haust\u00fcr. Das ist der Grundgedanke der Sportabzeichengruppe der B\u00fcrgeraktion Korber H\u00f6he. Das Deutsche Sportabzeichen erh\u00e4ltst du f\u00fcr Ausdauer, Kraft, Schnelligkeit und Koordination. Nicht in einer Sportart, sondern in vielen: [&hellip;]<\/p>\n","protected":false},"author":3,"featured_media":0,"parent":21,"menu_order":0,"comment_status":"closed","ping_status":"closed","template":"","meta":{"ngg_post_thumbnail":0,"_mc_calendar":[],"footnotes":""},"class_list":["post-185","page","type-page","status-publish","hentry"],"yoast_head":"<!-- This site is optimized with the Yoast SEO plugin v27.3 - https:\/\/yoast.com\/product\/yoast-seo-wordpress\/ -->\n<title>Sportabzeichen - B\u00fcrgeraktion Korber H\u00f6he e. V.<\/title>\n<meta name=\"description\" content=\"Die Sportabzeichengruppe bietet seit 1984 die Gelegenheit auf der Korber H\u00f6he das Deutsche Sportabzeichen abzulegen. Zusammen laufen, schwimmen, radfahren, springen - und das ohne Druck und direkt vor der Haust\u00fcr, das ist das Motto der Sportabzeichengruppe der B\u00fcrgeraktion Korber H\u00f6he e. V.\" \/>\n<meta name=\"robots\" content=\"index, follow, max-snippet:-1, max-image-preview:large, max-video-preview:-1\" \/>\n<link rel=\"canonical\" href=\"https:\/\/bakh.de\/wdp\/neigungsgruppen\/sportabzeichen\/\" \/>\n<meta property=\"og:locale\" content=\"de_DE\" \/>\n<meta property=\"og:type\" content=\"article\" \/>\n<meta property=\"og:title\" content=\"Sportabzeichen - B\u00fcrgeraktion Korber H\u00f6he e. V.\" \/>\n<meta property=\"og:description\" content=\"Die Sportabzeichengruppe bietet seit 1984 die Gelegenheit auf der Korber H\u00f6he das Deutsche Sportabzeichen abzulegen. Zusammen laufen, schwimmen, radfahren, springen - und das ohne Druck und direkt vor der Haust\u00fcr, das ist das Motto der Sportabzeichengruppe der B\u00fcrgeraktion Korber H\u00f6he e. V.\" \/>\n<meta property=\"og:url\" content=\"https:\/\/bakh.de\/wdp\/neigungsgruppen\/sportabzeichen\/\" \/>\n<meta property=\"og:site_name\" content=\"B\u00fcrgeraktion Korber H\u00f6he e. V.\" \/>\n<meta property=\"article:modified_time\" content=\"2025-04-25T14:10:55+00:00\" \/>\n<meta property=\"og:image\" content=\"https:\/\/bakh.de\/wdp\/wp-content\/uploads\/2012\/01\/k-2008-08-Sportabzeichen-001.jpg\" \/>\n\t<meta property=\"og:image:width\" content=\"800\" \/>\n\t<meta property=\"og:image:height\" content=\"600\" \/>\n\t<meta property=\"og:image:type\" content=\"image\/jpeg\" \/>\n<meta name=\"twitter:card\" content=\"summary_large_image\" \/>\n<meta name=\"twitter:label1\" content=\"Gesch\u00e4tzte Lesezeit\" \/>\n\t<meta name=\"twitter:data1\" content=\"2\u00a0Minuten\" \/>\n<script type=\"application\/ld+json\" class=\"yoast-schema-graph\">{\"@context\":\"https:\\\/\\\/schema.org\",\"@graph\":[{\"@type\":\"WebPage\",\"@id\":\"https:\\\/\\\/bakh.de\\\/wdp\\\/neigungsgruppen\\\/sportabzeichen\\\/\",\"url\":\"https:\\\/\\\/bakh.de\\\/wdp\\\/neigungsgruppen\\\/sportabzeichen\\\/\",\"name\":\"Sportabzeichen - B\u00fcrgeraktion Korber H\u00f6he e. V.\",\"isPartOf\":{\"@id\":\"https:\\\/\\\/bakh.de\\\/wdp\\\/#website\"},\"primaryImageOfPage\":{\"@id\":\"https:\\\/\\\/bakh.de\\\/wdp\\\/neigungsgruppen\\\/sportabzeichen\\\/#primaryimage\"},\"image\":{\"@id\":\"https:\\\/\\\/bakh.de\\\/wdp\\\/neigungsgruppen\\\/sportabzeichen\\\/#primaryimage\"},\"thumbnailUrl\":\"https:\\\/\\\/bakh.de\\\/wdp\\\/wp-content\\\/uploads\\\/2012\\\/01\\\/k-2008-08-Sportabzeichen-001.jpg\",\"datePublished\":\"2012-01-06T22:16:16+00:00\",\"dateModified\":\"2025-04-25T14:10:55+00:00\",\"description\":\"Die Sportabzeichengruppe bietet seit 1984 die Gelegenheit auf der Korber H\u00f6he das Deutsche Sportabzeichen abzulegen. Zusammen laufen, schwimmen, radfahren, springen - und das ohne Druck und direkt vor der Haust\u00fcr, das ist das Motto der Sportabzeichengruppe der B\u00fcrgeraktion Korber H\u00f6he e. V.\",\"breadcrumb\":{\"@id\":\"https:\\\/\\\/bakh.de\\\/wdp\\\/neigungsgruppen\\\/sportabzeichen\\\/#breadcrumb\"},\"inLanguage\":\"de\",\"potentialAction\":[{\"@type\":\"ReadAction\",\"target\":[\"https:\\\/\\\/bakh.de\\\/wdp\\\/neigungsgruppen\\\/sportabzeichen\\\/\"]}]},{\"@type\":\"ImageObject\",\"inLanguage\":\"de\",\"@id\":\"https:\\\/\\\/bakh.de\\\/wdp\\\/neigungsgruppen\\\/sportabzeichen\\\/#primaryimage\",\"url\":\"https:\\\/\\\/bakh.de\\\/wdp\\\/wp-content\\\/uploads\\\/2012\\\/01\\\/k-2008-08-Sportabzeichen-001.jpg\",\"contentUrl\":\"https:\\\/\\\/bakh.de\\\/wdp\\\/wp-content\\\/uploads\\\/2012\\\/01\\\/k-2008-08-Sportabzeichen-001.jpg\",\"width\":\"800\",\"height\":\"600\"},{\"@type\":\"BreadcrumbList\",\"@id\":\"https:\\\/\\\/bakh.de\\\/wdp\\\/neigungsgruppen\\\/sportabzeichen\\\/#breadcrumb\",\"itemListElement\":[{\"@type\":\"ListItem\",\"position\":1,\"name\":\"Startseite\",\"item\":\"https:\\\/\\\/bakh.de\\\/wdp\\\/\"},{\"@type\":\"ListItem\",\"position\":2,\"name\":\"Neigungsgruppen\",\"item\":\"https:\\\/\\\/bakh.de\\\/wdp\\\/neigungsgruppen\\\/\"},{\"@type\":\"ListItem\",\"position\":3,\"name\":\"Sportabzeichen\"}]},{\"@type\":\"WebSite\",\"@id\":\"https:\\\/\\\/bakh.de\\\/wdp\\\/#website\",\"url\":\"https:\\\/\\\/bakh.de\\\/wdp\\\/\",\"name\":\"B\u00fcrgeraktion Korber H\u00f6he e. V.\",\"description\":\"\",\"publisher\":{\"@id\":\"https:\\\/\\\/bakh.de\\\/wdp\\\/#organization\"},\"potentialAction\":[{\"@type\":\"SearchAction\",\"target\":{\"@type\":\"EntryPoint\",\"urlTemplate\":\"https:\\\/\\\/bakh.de\\\/wdp\\\/?s={search_term_string}\"},\"query-input\":{\"@type\":\"PropertyValueSpecification\",\"valueRequired\":true,\"valueName\":\"search_term_string\"}}],\"inLanguage\":\"de\"},{\"@type\":\"Organization\",\"@id\":\"https:\\\/\\\/bakh.de\\\/wdp\\\/#organization\",\"name\":\"B\u00fcrgeraktion Korber H\u00f6he e. V.\",\"url\":\"https:\\\/\\\/bakh.de\\\/wdp\\\/\",\"logo\":{\"@type\":\"ImageObject\",\"inLanguage\":\"de\",\"@id\":\"https:\\\/\\\/bakh.de\\\/wdp\\\/#\\\/schema\\\/logo\\\/image\\\/\",\"url\":\"https:\\\/\\\/bakh.de\\\/wdp\\\/wp-content\\\/uploads\\\/2025\\\/11\\\/BAKH_Logo_4c_512.jpg\",\"contentUrl\":\"https:\\\/\\\/bakh.de\\\/wdp\\\/wp-content\\\/uploads\\\/2025\\\/11\\\/BAKH_Logo_4c_512.jpg\",\"width\":516,\"height\":518,\"caption\":\"B\u00fcrgeraktion Korber H\u00f6he e. V.\"},\"image\":{\"@id\":\"https:\\\/\\\/bakh.de\\\/wdp\\\/#\\\/schema\\\/logo\\\/image\\\/\"}}]}<\/script>\n<!-- \/ Yoast SEO plugin. -->","yoast_head_json":{"title":"Sportabzeichen - B\u00fcrgeraktion Korber H\u00f6he e. V.","description":"Die Sportabzeichengruppe bietet seit 1984 die Gelegenheit auf der Korber H\u00f6he das Deutsche Sportabzeichen abzulegen. Zusammen laufen, schwimmen, radfahren, springen - und das ohne Druck und direkt vor der Haust\u00fcr, das ist das Motto der Sportabzeichengruppe der B\u00fcrgeraktion Korber H\u00f6he e. V.","robots":{"index":"index","follow":"follow","max-snippet":"max-snippet:-1","max-image-preview":"max-image-preview:large","max-video-preview":"max-video-preview:-1"},"canonical":"https:\/\/bakh.de\/wdp\/neigungsgruppen\/sportabzeichen\/","og_locale":"de_DE","og_type":"article","og_title":"Sportabzeichen - B\u00fcrgeraktion Korber H\u00f6he e. V.","og_description":"Die Sportabzeichengruppe bietet seit 1984 die Gelegenheit auf der Korber H\u00f6he das Deutsche Sportabzeichen abzulegen. Zusammen laufen, schwimmen, radfahren, springen - und das ohne Druck und direkt vor der Haust\u00fcr, das ist das Motto der Sportabzeichengruppe der B\u00fcrgeraktion Korber H\u00f6he e. V.","og_url":"https:\/\/bakh.de\/wdp\/neigungsgruppen\/sportabzeichen\/","og_site_name":"B\u00fcrgeraktion Korber H\u00f6he e. V.","article_modified_time":"2025-04-25T14:10:55+00:00","og_image":[{"width":800,"height":600,"url":"https:\/\/bakh.de\/wdp\/wp-content\/uploads\/2012\/01\/k-2008-08-Sportabzeichen-001.jpg","type":"image\/jpeg"}],"twitter_card":"summary_large_image","twitter_misc":{"Gesch\u00e4tzte Lesezeit":"2\u00a0Minuten"},"schema":{"@context":"https:\/\/schema.org","@graph":[{"@type":"WebPage","@id":"https:\/\/bakh.de\/wdp\/neigungsgruppen\/sportabzeichen\/","url":"https:\/\/bakh.de\/wdp\/neigungsgruppen\/sportabzeichen\/","name":"Sportabzeichen - B\u00fcrgeraktion Korber H\u00f6he e. V.","isPartOf":{"@id":"https:\/\/bakh.de\/wdp\/#website"},"primaryImageOfPage":{"@id":"https:\/\/bakh.de\/wdp\/neigungsgruppen\/sportabzeichen\/#primaryimage"},"image":{"@id":"https:\/\/bakh.de\/wdp\/neigungsgruppen\/sportabzeichen\/#primaryimage"},"thumbnailUrl":"https:\/\/bakh.de\/wdp\/wp-content\/uploads\/2012\/01\/k-2008-08-Sportabzeichen-001.jpg","datePublished":"2012-01-06T22:16:16+00:00","dateModified":"2025-04-25T14:10:55+00:00","description":"Die Sportabzeichengruppe bietet seit 1984 die Gelegenheit auf der Korber H\u00f6he das Deutsche Sportabzeichen abzulegen. Zusammen laufen, schwimmen, radfahren, springen - und das ohne Druck und direkt vor der Haust\u00fcr, das ist das Motto der Sportabzeichengruppe der B\u00fcrgeraktion Korber H\u00f6he e. V.","breadcrumb":{"@id":"https:\/\/bakh.de\/wdp\/neigungsgruppen\/sportabzeichen\/#breadcrumb"},"inLanguage":"de","potentialAction":[{"@type":"ReadAction","target":["https:\/\/bakh.de\/wdp\/neigungsgruppen\/sportabzeichen\/"]}]},{"@type":"ImageObject","inLanguage":"de","@id":"https:\/\/bakh.de\/wdp\/neigungsgruppen\/sportabzeichen\/#primaryimage","url":"https:\/\/bakh.de\/wdp\/wp-content\/uploads\/2012\/01\/k-2008-08-Sportabzeichen-001.jpg","contentUrl":"https:\/\/bakh.de\/wdp\/wp-content\/uploads\/2012\/01\/k-2008-08-Sportabzeichen-001.jpg","width":"800","height":"600"},{"@type":"BreadcrumbList","@id":"https:\/\/bakh.de\/wdp\/neigungsgruppen\/sportabzeichen\/#breadcrumb","itemListElement":[{"@type":"ListItem","position":1,"name":"Startseite","item":"https:\/\/bakh.de\/wdp\/"},{"@type":"ListItem","position":2,"name":"Neigungsgruppen","item":"https:\/\/bakh.de\/wdp\/neigungsgruppen\/"},{"@type":"ListItem","position":3,"name":"Sportabzeichen"}]},{"@type":"WebSite","@id":"https:\/\/bakh.de\/wdp\/#website","url":"https:\/\/bakh.de\/wdp\/","name":"B\u00fcrgeraktion Korber H\u00f6he e. V.","description":"","publisher":{"@id":"https:\/\/bakh.de\/wdp\/#organization"},"potentialAction":[{"@type":"SearchAction","target":{"@type":"EntryPoint","urlTemplate":"https:\/\/bakh.de\/wdp\/?s={search_term_string}"},"query-input":{"@type":"PropertyValueSpecification","valueRequired":true,"valueName":"search_term_string"}}],"inLanguage":"de"},{"@type":"Organization","@id":"https:\/\/bakh.de\/wdp\/#organization","name":"B\u00fcrgeraktion Korber H\u00f6he e. V.","url":"https:\/\/bakh.de\/wdp\/","logo":{"@type":"ImageObject","inLanguage":"de","@id":"https:\/\/bakh.de\/wdp\/#\/schema\/logo\/image\/","url":"https:\/\/bakh.de\/wdp\/wp-content\/uploads\/2025\/11\/BAKH_Logo_4c_512.jpg","contentUrl":"https:\/\/bakh.de\/wdp\/wp-content\/uploads\/2025\/11\/BAKH_Logo_4c_512.jpg","width":516,"height":518,"caption":"B\u00fcrgeraktion Korber H\u00f6he e. V."},"image":{"@id":"https:\/\/bakh.de\/wdp\/#\/schema\/logo\/image\/"}}]}},"_links":{"self":[{"href":"https:\/\/bakh.de\/wdp\/wp-json\/wp\/v2\/pages\/185","targetHints":{"allow":["GET"]}}],"collection":[{"href":"https:\/\/bakh.de\/wdp\/wp-json\/wp\/v2\/pages"}],"about":[{"href":"https:\/\/bakh.de\/wdp\/wp-json\/wp\/v2\/types\/page"}],"author":[{"embeddable":true,"href":"https:\/\/bakh.de\/wdp\/wp-json\/wp\/v2\/users\/3"}],"replies":[{"embeddable":true,"href":"https:\/\/bakh.de\/wdp\/wp-json\/wp\/v2\/comments?post=185"}],"version-history":[{"count":18,"href":"https:\/\/bakh.de\/wdp\/wp-json\/wp\/v2\/pages\/185\/revisions"}],"predecessor-version":[{"id":7195,"href":"https:\/\/bakh.de\/wdp\/wp-json\/wp\/v2\/pages\/185\/revisions\/7195"}],"up":[{"embeddable":true,"href":"https:\/\/bakh.de\/wdp\/wp-json\/wp\/v2\/pages\/21"}],"wp:attachment":[{"href":"https:\/\/bakh.de\/wdp\/wp-json\/wp\/v2\/media?parent=185"}],"curies":[{"name":"wp","href":"https:\/\/api.w.org\/{rel}","templated":true}]}}