{"id":144,"date":"2012-01-06T22:07:40","date_gmt":"2012-01-06T22:07:40","guid":{"rendered":"http:\/\/bakh.de\/wdp\/?page_id=144"},"modified":"2025-04-16T17:12:56","modified_gmt":"2025-04-16T15:12:56","slug":"hauptausschuss","status":"publish","type":"page","link":"https:\/\/bakh.de\/wdp\/verein\/hauptausschuss\/","title":{"rendered":"Hauptausschuss"},"content":{"rendered":"\n<p class=\"has-text-align-center\"><strong><span style=\"font-size: 12pt;\">Hauptausschuss<\/span><\/strong><\/p>\n\n\n<div class=\"wp-block-image\">\n<figure class=\"aligncenter size-full is-resized\"><a href=\"https:\/\/bakh.de\/wdp\/wp-content\/uploads\/2025\/04\/DSC6207-Kopie-2_k.jpg\"><img loading=\"lazy\" decoding=\"async\" width=\"800\" height=\"407\" src=\"https:\/\/bakh.de\/wdp\/wp-content\/uploads\/2025\/04\/DSC6207-Kopie-2_k.jpg\" alt=\"Hauptausschuss: Klaus Bulling, Annett Oviedo, Arnold Pechmann, Marion Gr\u00f6ber, Ulrich Bayha, Winfried Koch und Irmela Koch\" class=\"wp-image-7186\" style=\"width:512px\" srcset=\"https:\/\/bakh.de\/wdp\/wp-content\/uploads\/2025\/04\/DSC6207-Kopie-2_k.jpg 800w, https:\/\/bakh.de\/wdp\/wp-content\/uploads\/2025\/04\/DSC6207-Kopie-2_k-400x204.jpg 400w, https:\/\/bakh.de\/wdp\/wp-content\/uploads\/2025\/04\/DSC6207-Kopie-2_k-768x391.jpg 768w\" sizes=\"auto, (max-width: 800px) 100vw, 800px\" \/><\/a><\/figure>\n<\/div>\n\n\n<p class=\"has-text-align-center\">Klaus Bulling, Annett Oviedo, Arnold Pechmann, Marion Gr\u00f6ber, Ulrich Bayha, Winfried Koch und Irmela Koch<\/p>\n\n\n\n<hr class=\"wp-block-separator has-alpha-channel-opacity\"\/>\n\n\n\n<p class=\"has-text-align-center\"><strong>Vorstand<\/strong><\/p>\n\n\n<div class=\"wp-block-image\">\n<figure class=\"aligncenter size-large is-resized\"><a href=\"https:\/\/bakh.de\/wdp\/wp-content\/uploads\/2022\/09\/irmela-und-winnie-_0008-scaled.webp\"><img loading=\"lazy\" decoding=\"async\" width=\"1024\" height=\"768\" src=\"https:\/\/bakh.de\/wdp\/wp-content\/uploads\/2022\/09\/irmela-und-winnie-_0008-1024x768.webp\" alt=\"Irmela Koch (2. Vorsitzende) und Winfried Koch (1. Vorsitzender)\" class=\"wp-image-5987\" style=\"width:512px\" srcset=\"https:\/\/bakh.de\/wdp\/wp-content\/uploads\/2022\/09\/irmela-und-winnie-_0008-1024x768.webp 1024w, https:\/\/bakh.de\/wdp\/wp-content\/uploads\/2022\/09\/irmela-und-winnie-_0008-400x300.webp 400w, https:\/\/bakh.de\/wdp\/wp-content\/uploads\/2022\/09\/irmela-und-winnie-_0008-768x576.webp 768w, https:\/\/bakh.de\/wdp\/wp-content\/uploads\/2022\/09\/irmela-und-winnie-_0008-1536x1152.webp 1536w, https:\/\/bakh.de\/wdp\/wp-content\/uploads\/2022\/09\/irmela-und-winnie-_0008-2048x1536.webp 2048w\" sizes=\"auto, (max-width: 1024px) 100vw, 1024px\" \/><\/a><figcaption class=\"wp-element-caption\">Irmela Koch (2. Vorsitzende) und Winfried Koch (1. Vorsitzender)<\/figcaption><\/figure>\n<\/div>","protected":false},"excerpt":{"rendered":"<p>Hauptausschuss Klaus Bulling, Annett Oviedo, Arnold Pechmann, Marion Gr\u00f6ber, Ulrich Bayha, Winfried Koch und Irmela Koch Vorstand<\/p>\n","protected":false},"author":3,"featured_media":0,"parent":2,"menu_order":0,"comment_status":"closed","ping_status":"closed","template":"","meta":{"ngg_post_thumbnail":0,"_mc_calendar":[],"footnotes":""},"class_list":["post-144","page","type-page","status-publish","hentry"],"yoast_head":"<!-- This site is optimized with the Yoast SEO plugin v27.3 - https:\/\/yoast.com\/product\/yoast-seo-wordpress\/ -->\n<title>Hauptausschuss - B\u00fcrgeraktion Korber H\u00f6he e. V.<\/title>\n<meta name=\"description\" content=\"Hauptausschuss der B\u00fcrgeraktion Korber H\u00f6he e. V., der Interessengemeinschaft der Bewohner*innen des Stadtteils Korber H\u00f6he in Waiblingen.\" \/>\n<meta name=\"robots\" content=\"index, follow, max-snippet:-1, max-image-preview:large, max-video-preview:-1\" \/>\n<link rel=\"canonical\" href=\"https:\/\/bakh.de\/wdp\/verein\/hauptausschuss\/\" \/>\n<meta property=\"og:locale\" content=\"de_DE\" \/>\n<meta property=\"og:type\" content=\"article\" \/>\n<meta property=\"og:title\" content=\"Hauptausschuss - B\u00fcrgeraktion Korber H\u00f6he e. V.\" \/>\n<meta property=\"og:description\" content=\"Hauptausschuss der B\u00fcrgeraktion Korber H\u00f6he e. V., der Interessengemeinschaft der Bewohner*innen des Stadtteils Korber H\u00f6he in Waiblingen.\" \/>\n<meta property=\"og:url\" content=\"https:\/\/bakh.de\/wdp\/verein\/hauptausschuss\/\" \/>\n<meta property=\"og:site_name\" content=\"B\u00fcrgeraktion Korber H\u00f6he e. V.\" \/>\n<meta property=\"article:modified_time\" content=\"2025-04-16T15:12:56+00:00\" \/>\n<meta property=\"og:image\" content=\"https:\/\/bakh.de\/wdp\/wp-content\/uploads\/2025\/04\/DSC6207-Kopie-2_k.jpg\" \/>\n\t<meta property=\"og:image:width\" content=\"800\" \/>\n\t<meta property=\"og:image:height\" content=\"407\" \/>\n\t<meta property=\"og:image:type\" content=\"image\/jpeg\" \/>\n<meta name=\"twitter:card\" content=\"summary_large_image\" \/>\n<meta name=\"twitter:label1\" content=\"Gesch\u00e4tzte Lesezeit\" \/>\n\t<meta name=\"twitter:data1\" content=\"1\u00a0Minute\" \/>\n<script type=\"application\/ld+json\" class=\"yoast-schema-graph\">{\"@context\":\"https:\\\/\\\/schema.org\",\"@graph\":[{\"@type\":\"WebPage\",\"@id\":\"https:\\\/\\\/bakh.de\\\/wdp\\\/verein\\\/hauptausschuss\\\/\",\"url\":\"https:\\\/\\\/bakh.de\\\/wdp\\\/verein\\\/hauptausschuss\\\/\",\"name\":\"Hauptausschuss - B\u00fcrgeraktion Korber H\u00f6he e. V.\",\"isPartOf\":{\"@id\":\"https:\\\/\\\/bakh.de\\\/wdp\\\/#website\"},\"primaryImageOfPage\":{\"@id\":\"https:\\\/\\\/bakh.de\\\/wdp\\\/verein\\\/hauptausschuss\\\/#primaryimage\"},\"image\":{\"@id\":\"https:\\\/\\\/bakh.de\\\/wdp\\\/verein\\\/hauptausschuss\\\/#primaryimage\"},\"thumbnailUrl\":\"https:\\\/\\\/bakh.de\\\/wdp\\\/wp-content\\\/uploads\\\/2025\\\/04\\\/DSC6207-Kopie-2_k.jpg\",\"datePublished\":\"2012-01-06T22:07:40+00:00\",\"dateModified\":\"2025-04-16T15:12:56+00:00\",\"description\":\"Hauptausschuss der B\u00fcrgeraktion Korber H\u00f6he e. V., der Interessengemeinschaft der Bewohner*innen des Stadtteils Korber H\u00f6he in Waiblingen.\",\"breadcrumb\":{\"@id\":\"https:\\\/\\\/bakh.de\\\/wdp\\\/verein\\\/hauptausschuss\\\/#breadcrumb\"},\"inLanguage\":\"de\",\"potentialAction\":[{\"@type\":\"ReadAction\",\"target\":[\"https:\\\/\\\/bakh.de\\\/wdp\\\/verein\\\/hauptausschuss\\\/\"]}]},{\"@type\":\"ImageObject\",\"inLanguage\":\"de\",\"@id\":\"https:\\\/\\\/bakh.de\\\/wdp\\\/verein\\\/hauptausschuss\\\/#primaryimage\",\"url\":\"https:\\\/\\\/bakh.de\\\/wdp\\\/wp-content\\\/uploads\\\/2025\\\/04\\\/DSC6207-Kopie-2_k.jpg\",\"contentUrl\":\"https:\\\/\\\/bakh.de\\\/wdp\\\/wp-content\\\/uploads\\\/2025\\\/04\\\/DSC6207-Kopie-2_k.jpg\"},{\"@type\":\"BreadcrumbList\",\"@id\":\"https:\\\/\\\/bakh.de\\\/wdp\\\/verein\\\/hauptausschuss\\\/#breadcrumb\",\"itemListElement\":[{\"@type\":\"ListItem\",\"position\":1,\"name\":\"Startseite\",\"item\":\"https:\\\/\\\/bakh.de\\\/wdp\\\/\"},{\"@type\":\"ListItem\",\"position\":2,\"name\":\"Verein\",\"item\":\"https:\\\/\\\/bakh.de\\\/wdp\\\/verein\\\/\"},{\"@type\":\"ListItem\",\"position\":3,\"name\":\"Hauptausschuss\"}]},{\"@type\":\"WebSite\",\"@id\":\"https:\\\/\\\/bakh.de\\\/wdp\\\/#website\",\"url\":\"https:\\\/\\\/bakh.de\\\/wdp\\\/\",\"name\":\"B\u00fcrgeraktion Korber H\u00f6he e. V.\",\"description\":\"\",\"publisher\":{\"@id\":\"https:\\\/\\\/bakh.de\\\/wdp\\\/#organization\"},\"potentialAction\":[{\"@type\":\"SearchAction\",\"target\":{\"@type\":\"EntryPoint\",\"urlTemplate\":\"https:\\\/\\\/bakh.de\\\/wdp\\\/?s={search_term_string}\"},\"query-input\":{\"@type\":\"PropertyValueSpecification\",\"valueRequired\":true,\"valueName\":\"search_term_string\"}}],\"inLanguage\":\"de\"},{\"@type\":\"Organization\",\"@id\":\"https:\\\/\\\/bakh.de\\\/wdp\\\/#organization\",\"name\":\"B\u00fcrgeraktion Korber H\u00f6he e. V.\",\"url\":\"https:\\\/\\\/bakh.de\\\/wdp\\\/\",\"logo\":{\"@type\":\"ImageObject\",\"inLanguage\":\"de\",\"@id\":\"https:\\\/\\\/bakh.de\\\/wdp\\\/#\\\/schema\\\/logo\\\/image\\\/\",\"url\":\"https:\\\/\\\/bakh.de\\\/wdp\\\/wp-content\\\/uploads\\\/2025\\\/11\\\/BAKH_Logo_4c_512.jpg\",\"contentUrl\":\"https:\\\/\\\/bakh.de\\\/wdp\\\/wp-content\\\/uploads\\\/2025\\\/11\\\/BAKH_Logo_4c_512.jpg\",\"width\":516,\"height\":518,\"caption\":\"B\u00fcrgeraktion Korber H\u00f6he e. V.\"},\"image\":{\"@id\":\"https:\\\/\\\/bakh.de\\\/wdp\\\/#\\\/schema\\\/logo\\\/image\\\/\"}}]}<\/script>\n<!-- \/ Yoast SEO plugin. -->","yoast_head_json":{"title":"Hauptausschuss - B\u00fcrgeraktion Korber H\u00f6he e. V.","description":"Hauptausschuss der B\u00fcrgeraktion Korber H\u00f6he e. V., der Interessengemeinschaft der Bewohner*innen des Stadtteils Korber H\u00f6he in Waiblingen.","robots":{"index":"index","follow":"follow","max-snippet":"max-snippet:-1","max-image-preview":"max-image-preview:large","max-video-preview":"max-video-preview:-1"},"canonical":"https:\/\/bakh.de\/wdp\/verein\/hauptausschuss\/","og_locale":"de_DE","og_type":"article","og_title":"Hauptausschuss - B\u00fcrgeraktion Korber H\u00f6he e. V.","og_description":"Hauptausschuss der B\u00fcrgeraktion Korber H\u00f6he e. V., der Interessengemeinschaft der Bewohner*innen des Stadtteils Korber H\u00f6he in Waiblingen.","og_url":"https:\/\/bakh.de\/wdp\/verein\/hauptausschuss\/","og_site_name":"B\u00fcrgeraktion Korber H\u00f6he e. V.","article_modified_time":"2025-04-16T15:12:56+00:00","og_image":[{"width":800,"height":407,"url":"https:\/\/bakh.de\/wdp\/wp-content\/uploads\/2025\/04\/DSC6207-Kopie-2_k.jpg","type":"image\/jpeg"}],"twitter_card":"summary_large_image","twitter_misc":{"Gesch\u00e4tzte Lesezeit":"1\u00a0Minute"},"schema":{"@context":"https:\/\/schema.org","@graph":[{"@type":"WebPage","@id":"https:\/\/bakh.de\/wdp\/verein\/hauptausschuss\/","url":"https:\/\/bakh.de\/wdp\/verein\/hauptausschuss\/","name":"Hauptausschuss - B\u00fcrgeraktion Korber H\u00f6he e. V.","isPartOf":{"@id":"https:\/\/bakh.de\/wdp\/#website"},"primaryImageOfPage":{"@id":"https:\/\/bakh.de\/wdp\/verein\/hauptausschuss\/#primaryimage"},"image":{"@id":"https:\/\/bakh.de\/wdp\/verein\/hauptausschuss\/#primaryimage"},"thumbnailUrl":"https:\/\/bakh.de\/wdp\/wp-content\/uploads\/2025\/04\/DSC6207-Kopie-2_k.jpg","datePublished":"2012-01-06T22:07:40+00:00","dateModified":"2025-04-16T15:12:56+00:00","description":"Hauptausschuss der B\u00fcrgeraktion Korber H\u00f6he e. V., der Interessengemeinschaft der Bewohner*innen des Stadtteils Korber H\u00f6he in Waiblingen.","breadcrumb":{"@id":"https:\/\/bakh.de\/wdp\/verein\/hauptausschuss\/#breadcrumb"},"inLanguage":"de","potentialAction":[{"@type":"ReadAction","target":["https:\/\/bakh.de\/wdp\/verein\/hauptausschuss\/"]}]},{"@type":"ImageObject","inLanguage":"de","@id":"https:\/\/bakh.de\/wdp\/verein\/hauptausschuss\/#primaryimage","url":"https:\/\/bakh.de\/wdp\/wp-content\/uploads\/2025\/04\/DSC6207-Kopie-2_k.jpg","contentUrl":"https:\/\/bakh.de\/wdp\/wp-content\/uploads\/2025\/04\/DSC6207-Kopie-2_k.jpg"},{"@type":"BreadcrumbList","@id":"https:\/\/bakh.de\/wdp\/verein\/hauptausschuss\/#breadcrumb","itemListElement":[{"@type":"ListItem","position":1,"name":"Startseite","item":"https:\/\/bakh.de\/wdp\/"},{"@type":"ListItem","position":2,"name":"Verein","item":"https:\/\/bakh.de\/wdp\/verein\/"},{"@type":"ListItem","position":3,"name":"Hauptausschuss"}]},{"@type":"WebSite","@id":"https:\/\/bakh.de\/wdp\/#website","url":"https:\/\/bakh.de\/wdp\/","name":"B\u00fcrgeraktion Korber H\u00f6he e. V.","description":"","publisher":{"@id":"https:\/\/bakh.de\/wdp\/#organization"},"potentialAction":[{"@type":"SearchAction","target":{"@type":"EntryPoint","urlTemplate":"https:\/\/bakh.de\/wdp\/?s={search_term_string}"},"query-input":{"@type":"PropertyValueSpecification","valueRequired":true,"valueName":"search_term_string"}}],"inLanguage":"de"},{"@type":"Organization","@id":"https:\/\/bakh.de\/wdp\/#organization","name":"B\u00fcrgeraktion Korber H\u00f6he e. V.","url":"https:\/\/bakh.de\/wdp\/","logo":{"@type":"ImageObject","inLanguage":"de","@id":"https:\/\/bakh.de\/wdp\/#\/schema\/logo\/image\/","url":"https:\/\/bakh.de\/wdp\/wp-content\/uploads\/2025\/11\/BAKH_Logo_4c_512.jpg","contentUrl":"https:\/\/bakh.de\/wdp\/wp-content\/uploads\/2025\/11\/BAKH_Logo_4c_512.jpg","width":516,"height":518,"caption":"B\u00fcrgeraktion Korber H\u00f6he e. V."},"image":{"@id":"https:\/\/bakh.de\/wdp\/#\/schema\/logo\/image\/"}}]}},"_links":{"self":[{"href":"https:\/\/bakh.de\/wdp\/wp-json\/wp\/v2\/pages\/144","targetHints":{"allow":["GET"]}}],"collection":[{"href":"https:\/\/bakh.de\/wdp\/wp-json\/wp\/v2\/pages"}],"about":[{"href":"https:\/\/bakh.de\/wdp\/wp-json\/wp\/v2\/types\/page"}],"author":[{"embeddable":true,"href":"https:\/\/bakh.de\/wdp\/wp-json\/wp\/v2\/users\/3"}],"replies":[{"embeddable":true,"href":"https:\/\/bakh.de\/wdp\/wp-json\/wp\/v2\/comments?post=144"}],"version-history":[{"count":84,"href":"https:\/\/bakh.de\/wdp\/wp-json\/wp\/v2\/pages\/144\/revisions"}],"predecessor-version":[{"id":7189,"href":"https:\/\/bakh.de\/wdp\/wp-json\/wp\/v2\/pages\/144\/revisions\/7189"}],"up":[{"embeddable":true,"href":"https:\/\/bakh.de\/wdp\/wp-json\/wp\/v2\/pages\/2"}],"wp:attachment":[{"href":"https:\/\/bakh.de\/wdp\/wp-json\/wp\/v2\/media?parent=144"}],"curies":[{"name":"wp","href":"https:\/\/api.w.org\/{rel}","templated":true}]}}