{"id":1015,"date":"2013-01-29T21:44:23","date_gmt":"2013-01-29T21:44:23","guid":{"rendered":"http:\/\/bakh.de\/wdp\/?page_id=1015"},"modified":"2022-05-28T13:21:29","modified_gmt":"2022-05-28T11:21:29","slug":"wandern-2","status":"publish","type":"page","link":"https:\/\/bakh.de\/wdp\/neigungsgruppen\/wandern-2\/","title":{"rendered":"Wandern"},"content":{"rendered":"\n<p>Wir wandern jeden zweiten Sonntag im Monat. Das Wanderziel wird kurzfristig festgelegt.<\/p>\n\n\n\n<p>R\u00fcckfragen an:<br>Sigrid Haller, Tel. 07151-22464, Email: <a href=\"mailto:sigrid.haller@web.de\">sigrid.haller@web.de<\/a><br><\/p>\n\n\n\n<p>Vertretung:<br>Renate Czurda, Tel. 07151-23500, Email: <a href=\"mailto:rczurda@t-online.de\">rczurda@t-online.de<\/a><\/p>\n","protected":false},"excerpt":{"rendered":"<p>Wir wandern jeden zweiten Sonntag im Monat. Das Wanderziel wird kurzfristig festgelegt. R\u00fcckfragen an:Sigrid Haller, Tel. 07151-22464, Email: sigrid.haller@web.de Vertretung:Renate Czurda, Tel. 07151-23500, Email: rczurda@t-online.de<\/p>\n","protected":false},"author":3,"featured_media":0,"parent":21,"menu_order":0,"comment_status":"closed","ping_status":"closed","template":"","meta":{"ngg_post_thumbnail":0,"_mc_calendar":[],"footnotes":""},"class_list":["post-1015","page","type-page","status-publish","hentry"],"yoast_head":"<!-- This site is optimized with the Yoast SEO plugin v27.3 - https:\/\/yoast.com\/product\/yoast-seo-wordpress\/ -->\n<title>Wandern - B\u00fcrgeraktion Korber H\u00f6he e. V.<\/title>\n<meta name=\"robots\" content=\"index, follow, max-snippet:-1, max-image-preview:large, max-video-preview:-1\" \/>\n<link rel=\"canonical\" href=\"https:\/\/bakh.de\/wdp\/neigungsgruppen\/wandern-2\/\" \/>\n<meta property=\"og:locale\" content=\"de_DE\" \/>\n<meta property=\"og:type\" content=\"article\" \/>\n<meta property=\"og:title\" content=\"Wandern - B\u00fcrgeraktion Korber H\u00f6he e. V.\" \/>\n<meta property=\"og:description\" content=\"Wir wandern jeden zweiten Sonntag im Monat. Das Wanderziel wird kurzfristig festgelegt. R\u00fcckfragen an:Sigrid Haller, Tel. 07151-22464, Email: sigrid.haller@web.de Vertretung:Renate Czurda, Tel. 07151-23500, Email: rczurda@t-online.de\" \/>\n<meta property=\"og:url\" content=\"https:\/\/bakh.de\/wdp\/neigungsgruppen\/wandern-2\/\" \/>\n<meta property=\"og:site_name\" content=\"B\u00fcrgeraktion Korber H\u00f6he e. V.\" \/>\n<meta property=\"article:modified_time\" content=\"2022-05-28T11:21:29+00:00\" \/>\n<meta property=\"og:image\" content=\"https:\/\/bakh.de\/wdp\/wp-content\/uploads\/2025\/11\/BAKH_Logo_4c_512.jpg\" \/>\n\t<meta property=\"og:image:width\" content=\"516\" \/>\n\t<meta property=\"og:image:height\" content=\"518\" \/>\n\t<meta property=\"og:image:type\" content=\"image\/jpeg\" \/>\n<meta name=\"twitter:card\" content=\"summary_large_image\" \/>\n<script type=\"application\/ld+json\" class=\"yoast-schema-graph\">{\"@context\":\"https:\\\/\\\/schema.org\",\"@graph\":[{\"@type\":\"WebPage\",\"@id\":\"https:\\\/\\\/bakh.de\\\/wdp\\\/neigungsgruppen\\\/wandern-2\\\/\",\"url\":\"https:\\\/\\\/bakh.de\\\/wdp\\\/neigungsgruppen\\\/wandern-2\\\/\",\"name\":\"Wandern - B\u00fcrgeraktion Korber H\u00f6he e. V.\",\"isPartOf\":{\"@id\":\"https:\\\/\\\/bakh.de\\\/wdp\\\/#website\"},\"datePublished\":\"2013-01-29T21:44:23+00:00\",\"dateModified\":\"2022-05-28T11:21:29+00:00\",\"breadcrumb\":{\"@id\":\"https:\\\/\\\/bakh.de\\\/wdp\\\/neigungsgruppen\\\/wandern-2\\\/#breadcrumb\"},\"inLanguage\":\"de\",\"potentialAction\":[{\"@type\":\"ReadAction\",\"target\":[\"https:\\\/\\\/bakh.de\\\/wdp\\\/neigungsgruppen\\\/wandern-2\\\/\"]}]},{\"@type\":\"BreadcrumbList\",\"@id\":\"https:\\\/\\\/bakh.de\\\/wdp\\\/neigungsgruppen\\\/wandern-2\\\/#breadcrumb\",\"itemListElement\":[{\"@type\":\"ListItem\",\"position\":1,\"name\":\"Startseite\",\"item\":\"https:\\\/\\\/bakh.de\\\/wdp\\\/\"},{\"@type\":\"ListItem\",\"position\":2,\"name\":\"Neigungsgruppen\",\"item\":\"https:\\\/\\\/bakh.de\\\/wdp\\\/neigungsgruppen\\\/\"},{\"@type\":\"ListItem\",\"position\":3,\"name\":\"Wandern\"}]},{\"@type\":\"WebSite\",\"@id\":\"https:\\\/\\\/bakh.de\\\/wdp\\\/#website\",\"url\":\"https:\\\/\\\/bakh.de\\\/wdp\\\/\",\"name\":\"B\u00fcrgeraktion Korber H\u00f6he e. V.\",\"description\":\"\",\"publisher\":{\"@id\":\"https:\\\/\\\/bakh.de\\\/wdp\\\/#organization\"},\"potentialAction\":[{\"@type\":\"SearchAction\",\"target\":{\"@type\":\"EntryPoint\",\"urlTemplate\":\"https:\\\/\\\/bakh.de\\\/wdp\\\/?s={search_term_string}\"},\"query-input\":{\"@type\":\"PropertyValueSpecification\",\"valueRequired\":true,\"valueName\":\"search_term_string\"}}],\"inLanguage\":\"de\"},{\"@type\":\"Organization\",\"@id\":\"https:\\\/\\\/bakh.de\\\/wdp\\\/#organization\",\"name\":\"B\u00fcrgeraktion Korber H\u00f6he e. V.\",\"url\":\"https:\\\/\\\/bakh.de\\\/wdp\\\/\",\"logo\":{\"@type\":\"ImageObject\",\"inLanguage\":\"de\",\"@id\":\"https:\\\/\\\/bakh.de\\\/wdp\\\/#\\\/schema\\\/logo\\\/image\\\/\",\"url\":\"https:\\\/\\\/bakh.de\\\/wdp\\\/wp-content\\\/uploads\\\/2025\\\/11\\\/BAKH_Logo_4c_512.jpg\",\"contentUrl\":\"https:\\\/\\\/bakh.de\\\/wdp\\\/wp-content\\\/uploads\\\/2025\\\/11\\\/BAKH_Logo_4c_512.jpg\",\"width\":516,\"height\":518,\"caption\":\"B\u00fcrgeraktion Korber H\u00f6he e. V.\"},\"image\":{\"@id\":\"https:\\\/\\\/bakh.de\\\/wdp\\\/#\\\/schema\\\/logo\\\/image\\\/\"}}]}<\/script>\n<!-- \/ Yoast SEO plugin. -->","yoast_head_json":{"title":"Wandern - B\u00fcrgeraktion Korber H\u00f6he e. V.","robots":{"index":"index","follow":"follow","max-snippet":"max-snippet:-1","max-image-preview":"max-image-preview:large","max-video-preview":"max-video-preview:-1"},"canonical":"https:\/\/bakh.de\/wdp\/neigungsgruppen\/wandern-2\/","og_locale":"de_DE","og_type":"article","og_title":"Wandern - B\u00fcrgeraktion Korber H\u00f6he e. V.","og_description":"Wir wandern jeden zweiten Sonntag im Monat. Das Wanderziel wird kurzfristig festgelegt. R\u00fcckfragen an:Sigrid Haller, Tel. 07151-22464, Email: sigrid.haller@web.de Vertretung:Renate Czurda, Tel. 07151-23500, Email: rczurda@t-online.de","og_url":"https:\/\/bakh.de\/wdp\/neigungsgruppen\/wandern-2\/","og_site_name":"B\u00fcrgeraktion Korber H\u00f6he e. V.","article_modified_time":"2022-05-28T11:21:29+00:00","og_image":[{"width":516,"height":518,"url":"https:\/\/bakh.de\/wdp\/wp-content\/uploads\/2025\/11\/BAKH_Logo_4c_512.jpg","type":"image\/jpeg"}],"twitter_card":"summary_large_image","schema":{"@context":"https:\/\/schema.org","@graph":[{"@type":"WebPage","@id":"https:\/\/bakh.de\/wdp\/neigungsgruppen\/wandern-2\/","url":"https:\/\/bakh.de\/wdp\/neigungsgruppen\/wandern-2\/","name":"Wandern - B\u00fcrgeraktion Korber H\u00f6he e. V.","isPartOf":{"@id":"https:\/\/bakh.de\/wdp\/#website"},"datePublished":"2013-01-29T21:44:23+00:00","dateModified":"2022-05-28T11:21:29+00:00","breadcrumb":{"@id":"https:\/\/bakh.de\/wdp\/neigungsgruppen\/wandern-2\/#breadcrumb"},"inLanguage":"de","potentialAction":[{"@type":"ReadAction","target":["https:\/\/bakh.de\/wdp\/neigungsgruppen\/wandern-2\/"]}]},{"@type":"BreadcrumbList","@id":"https:\/\/bakh.de\/wdp\/neigungsgruppen\/wandern-2\/#breadcrumb","itemListElement":[{"@type":"ListItem","position":1,"name":"Startseite","item":"https:\/\/bakh.de\/wdp\/"},{"@type":"ListItem","position":2,"name":"Neigungsgruppen","item":"https:\/\/bakh.de\/wdp\/neigungsgruppen\/"},{"@type":"ListItem","position":3,"name":"Wandern"}]},{"@type":"WebSite","@id":"https:\/\/bakh.de\/wdp\/#website","url":"https:\/\/bakh.de\/wdp\/","name":"B\u00fcrgeraktion Korber H\u00f6he e. V.","description":"","publisher":{"@id":"https:\/\/bakh.de\/wdp\/#organization"},"potentialAction":[{"@type":"SearchAction","target":{"@type":"EntryPoint","urlTemplate":"https:\/\/bakh.de\/wdp\/?s={search_term_string}"},"query-input":{"@type":"PropertyValueSpecification","valueRequired":true,"valueName":"search_term_string"}}],"inLanguage":"de"},{"@type":"Organization","@id":"https:\/\/bakh.de\/wdp\/#organization","name":"B\u00fcrgeraktion Korber H\u00f6he e. V.","url":"https:\/\/bakh.de\/wdp\/","logo":{"@type":"ImageObject","inLanguage":"de","@id":"https:\/\/bakh.de\/wdp\/#\/schema\/logo\/image\/","url":"https:\/\/bakh.de\/wdp\/wp-content\/uploads\/2025\/11\/BAKH_Logo_4c_512.jpg","contentUrl":"https:\/\/bakh.de\/wdp\/wp-content\/uploads\/2025\/11\/BAKH_Logo_4c_512.jpg","width":516,"height":518,"caption":"B\u00fcrgeraktion Korber H\u00f6he e. V."},"image":{"@id":"https:\/\/bakh.de\/wdp\/#\/schema\/logo\/image\/"}}]}},"_links":{"self":[{"href":"https:\/\/bakh.de\/wdp\/wp-json\/wp\/v2\/pages\/1015","targetHints":{"allow":["GET"]}}],"collection":[{"href":"https:\/\/bakh.de\/wdp\/wp-json\/wp\/v2\/pages"}],"about":[{"href":"https:\/\/bakh.de\/wdp\/wp-json\/wp\/v2\/types\/page"}],"author":[{"embeddable":true,"href":"https:\/\/bakh.de\/wdp\/wp-json\/wp\/v2\/users\/3"}],"replies":[{"embeddable":true,"href":"https:\/\/bakh.de\/wdp\/wp-json\/wp\/v2\/comments?post=1015"}],"version-history":[{"count":35,"href":"https:\/\/bakh.de\/wdp\/wp-json\/wp\/v2\/pages\/1015\/revisions"}],"predecessor-version":[{"id":5842,"href":"https:\/\/bakh.de\/wdp\/wp-json\/wp\/v2\/pages\/1015\/revisions\/5842"}],"up":[{"embeddable":true,"href":"https:\/\/bakh.de\/wdp\/wp-json\/wp\/v2\/pages\/21"}],"wp:attachment":[{"href":"https:\/\/bakh.de\/wdp\/wp-json\/wp\/v2\/media?parent=1015"}],"curies":[{"name":"wp","href":"https:\/\/api.w.org\/{rel}","templated":true}]}}